{"id":21031,"date":"2025-01-23T01:50:11","date_gmt":"2025-01-23T06:50:11","guid":{"rendered":"https:\/\/scubapanama.com\/product\/curso-de-buceo-nitrox-padi\/"},"modified":"2025-06-10T11:44:46","modified_gmt":"2025-06-10T16:44:46","slug":"curso-de-buceo-nitrox-padi","status":"publish","type":"product","link":"https:\/\/scubapanama.com\/es\/product\/curso-de-buceo-nitrox-padi\/","title":{"rendered":"CURSO DE BUCEO NITROX PADI"},"content":{"rendered":"<h1><strong>Desde $330.00 USD<\/strong><\/h1>\n<p>El curso PADI Nitrox te ense\u00f1a a bucear con aire enriquecido, tambi\u00e9n conocido como Nitrox, que contiene un mayor porcentaje de ox\u00edgeno. Esto le permite extender sus tiempos de fondo y reducir el riesgo de descompresion. Durante el curso, aprender\u00e1s a planificar inmersiones seguras con Nitrox, ajustar tu equipo y entender c\u00f3mo gestionar sus ventajas y limitaciones. Ideal para buceadores que buscan mejorar su experiencia subacu\u00e1tica.<\/p>\n<p>Duraci\u00f3n: 10 Horas<br \/>\nLugar: Panam\u00e1, Panam\u00e1<br \/>\nC\u00f3digo del producto: OPel001<\/p>\n<p>M\u00f3dulo: Te\u00f3rico<\/p>\n<p>Incluye:<\/p>\n<p>Certificaci\u00f3n Internacional PADI<br \/>\nMaterial Educativo (Virtual)<br \/>\nEx\u00e1menes y Repasos de Conocimientos<\/p>\n<p>No Incluye:<\/p>\n<p>ITBMS 7%.<br \/>\nTransporte y comida<br \/>\nSecci\u00f3n pr\u00e1ctica &#8211; \u00c9sta es s\u00f3lo la secci\u00f3n te\u00f3rica (en l\u00ednea)<\/p>\n","protected":false},"excerpt":{"rendered":"<p>El curso PADI Nitrox te ense\u00f1a a bucear con aire enriquecido, tambi\u00e9n conocido como Nitrox, que contiene un mayor porcentaje de ox\u00edgeno. Esto te permite alargar tus tiempos de fondo y reducir el riesgo de descompresi\u00f3n. Durante el curso, aprender\u00e1s a planificar inmersiones seguras con Nitrox, ajustar tu equipo y entender c\u00f3mo gestionar sus ventajas y limitaciones. Ideal para buceadores que buscan mejorar su experiencia subacu\u00e1tica.<\/p>\n","protected":false},"featured_media":31006,"comment_status":"open","ping_status":"closed","template":"","meta":{"iawp_total_views":48,"_joinchat":[]},"product_brand":[],"product_cat":[117],"product_tag":[],"class_list":{"0":"post-21031","1":"product","2":"type-product","3":"status-publish","4":"has-post-thumbnail","6":"product_cat-cursos","8":"first","9":"instock","10":"taxable","11":"shipping-taxable","12":"purchasable","13":"product-type-simple"},"booking_location":null,"booking_location_type":null,"booking_duration":null,"booking_duration_unit":null,"booking_buffer":null,"booking_cost":null,"booking_resources":null,"_links":{"self":[{"href":"https:\/\/scubapanama.com\/es\/wp-json\/wp\/v2\/product\/21031","targetHints":{"allow":["GET"]}}],"collection":[{"href":"https:\/\/scubapanama.com\/es\/wp-json\/wp\/v2\/product"}],"about":[{"href":"https:\/\/scubapanama.com\/es\/wp-json\/wp\/v2\/types\/product"}],"replies":[{"embeddable":true,"href":"https:\/\/scubapanama.com\/es\/wp-json\/wp\/v2\/comments?post=21031"}],"version-history":[{"count":2,"href":"https:\/\/scubapanama.com\/es\/wp-json\/wp\/v2\/product\/21031\/revisions"}],"predecessor-version":[{"id":31004,"href":"https:\/\/scubapanama.com\/es\/wp-json\/wp\/v2\/product\/21031\/revisions\/31004"}],"wp:featuredmedia":[{"embeddable":true,"href":"https:\/\/scubapanama.com\/es\/wp-json\/wp\/v2\/media\/31006"}],"wp:attachment":[{"href":"https:\/\/scubapanama.com\/es\/wp-json\/wp\/v2\/media?parent=21031"}],"wp:term":[{"taxonomy":"product_brand","embeddable":true,"href":"https:\/\/scubapanama.com\/es\/wp-json\/wp\/v2\/product_brand?post=21031"},{"taxonomy":"product_cat","embeddable":true,"href":"https:\/\/scubapanama.com\/es\/wp-json\/wp\/v2\/product_cat?post=21031"},{"taxonomy":"product_tag","embeddable":true,"href":"https:\/\/scubapanama.com\/es\/wp-json\/wp\/v2\/product_tag?post=21031"}],"curies":[{"name":"wp","href":"https:\/\/api.w.org\/{rel}","templated":true}]}}