{"id":21030,"date":"2025-01-23T01:50:12","date_gmt":"2025-01-23T06:50:12","guid":{"rendered":"https:\/\/scubapanama.com\/product\/curso-de-especialidad-fotografia-padi\/"},"modified":"2025-06-10T10:54:26","modified_gmt":"2025-06-10T15:54:26","slug":"curso-de-especialidad-fotografia-padi","status":"publish","type":"product","link":"https:\/\/scubapanama.com\/es\/product\/curso-de-especialidad-fotografia-padi\/","title":{"rendered":"CURSO DE ESPECIALIDAD FOTOGRAFIA PADI"},"content":{"rendered":"<p>Durante el curso PADI Digital Underwater Photographer aprender\u00e1s a tomar fotos subacu\u00e1ticas que estar\u00e1s orgulloso de compartir con otros.<\/p>\n<p>Evita los errores de principiante y acorta la curva de aprendizaje con consejos de los profesionales. Aprende a usar las luces de fotograf\u00eda subacu\u00e1tica (flashes), evita la retrodispersi\u00f3n y mejora el color.<\/p>\n","protected":false},"excerpt":{"rendered":"<p>Durante el curso PADI Digital Underwater Photographer aprender\u00e1s a tomar fotos subacu\u00e1ticas que estar\u00e1s orgulloso de compartir con otros. Evita<\/p>\n","protected":false},"featured_media":30465,"comment_status":"open","ping_status":"closed","template":"","meta":{"iawp_total_views":19,"_joinchat":[]},"product_brand":[],"product_cat":[117],"product_tag":[],"class_list":{"0":"post-21030","1":"product","2":"type-product","3":"status-publish","4":"has-post-thumbnail","6":"product_cat-cursos","8":"first","9":"instock","10":"taxable","11":"shipping-taxable","12":"purchasable","13":"product-type-simple"},"booking_location":null,"booking_location_type":null,"booking_duration":null,"booking_duration_unit":null,"booking_buffer":null,"booking_cost":null,"booking_resources":null,"_links":{"self":[{"href":"https:\/\/scubapanama.com\/es\/wp-json\/wp\/v2\/product\/21030","targetHints":{"allow":["GET"]}}],"collection":[{"href":"https:\/\/scubapanama.com\/es\/wp-json\/wp\/v2\/product"}],"about":[{"href":"https:\/\/scubapanama.com\/es\/wp-json\/wp\/v2\/types\/product"}],"replies":[{"embeddable":true,"href":"https:\/\/scubapanama.com\/es\/wp-json\/wp\/v2\/comments?post=21030"}],"version-history":[{"count":2,"href":"https:\/\/scubapanama.com\/es\/wp-json\/wp\/v2\/product\/21030\/revisions"}],"predecessor-version":[{"id":30986,"href":"https:\/\/scubapanama.com\/es\/wp-json\/wp\/v2\/product\/21030\/revisions\/30986"}],"wp:featuredmedia":[{"embeddable":true,"href":"https:\/\/scubapanama.com\/es\/wp-json\/wp\/v2\/media\/30465"}],"wp:attachment":[{"href":"https:\/\/scubapanama.com\/es\/wp-json\/wp\/v2\/media?parent=21030"}],"wp:term":[{"taxonomy":"product_brand","embeddable":true,"href":"https:\/\/scubapanama.com\/es\/wp-json\/wp\/v2\/product_brand?post=21030"},{"taxonomy":"product_cat","embeddable":true,"href":"https:\/\/scubapanama.com\/es\/wp-json\/wp\/v2\/product_cat?post=21030"},{"taxonomy":"product_tag","embeddable":true,"href":"https:\/\/scubapanama.com\/es\/wp-json\/wp\/v2\/product_tag?post=21030"}],"curies":[{"name":"wp","href":"https:\/\/api.w.org\/{rel}","templated":true}]}}