{"id":21029,"date":"2025-01-23T01:50:11","date_gmt":"2025-01-23T06:50:11","guid":{"rendered":"https:\/\/scubapanama.com\/product\/curso-de-buceo-open-water-padi\/"},"modified":"2025-06-10T11:38:34","modified_gmt":"2025-06-10T16:38:34","slug":"curso-de-buceo-open-water-padi","status":"publish","type":"product","link":"https:\/\/scubapanama.com\/es\/product\/curso-de-buceo-open-water-padi\/","title":{"rendered":"CURSO DE BUCEO OPEN WATER PADI"},"content":{"rendered":"<h1><strong>Desde $344.00 USD<\/strong><\/h1>\n<p>Duracion 7 D\u00edas<br \/>\nUbicaci\u00f3n: Panam\u00e1, Panam\u00e1<br \/>\nC\u00f3digo del producto: OPel001<\/p>\n<p>\u00a1Convi\u00e9rtete en un Buceador Certificado!<\/p>\n<p>Si has querido saber lo que hay debajo de la superficie del mar, lago o r\u00edo, \u00a1este es el curso que estabas buscando! CADA lunes a las 5:00pm comienza el curso y dura solo una semana. Las clases se dividen en cinco sesiones que son teor\u00eda en el aula y aguas confinadas en la piscina (de 17:00 a 20:30 de lunes a viernes) y pruebas en aguas abiertas en Portobelo durante el fin de semana. Al finalizar con \u00e9xito el curso de buceo, obtendr\u00e1s tu certificaci\u00f3n PADI, la asociaci\u00f3n m\u00e1s reconocida internacionalmente en el mundo del buceo.<\/p>\n<p>Incluye:<\/p>\n<p>Certificaci\u00f3n Internacional PADI<br \/>\nEquipo de buceo durante el curso<br \/>\nBombonas de aire durante el curso<br \/>\nAlojamiento compartido y traslado en barco de SCUBAPORTOBELO<br \/>\n4 inmersiones en aguas abiertas<\/p>\n<p>Requisitos:<\/p>\n<p>Inscribirse en nuestra tienda, email o WhatsApp<br \/>\nBa\u00f1ador- Saber nadar<\/p>\n<p>No Incluye:<\/p>\n<p>&#8211; ITBMS 7%.<br \/>\n&#8211; Transporte terrestre y comidas<\/p>\n","protected":false},"excerpt":{"rendered":"<p>Ofrecemos paquetes para grupos especiales. Para cursos intensivos<br \/>\nSi has querido saber qu\u00e9 hay bajo la superficie del mar, lago o r\u00edo, \u00a1este es el curso que estabas buscando! Todos los lunes a las 17:00 horas comienza el curso, que dura s\u00f3lo una semana. Las clases se dividen en cinco sesiones que son teor\u00eda en el aula y aguas confinadas en la piscina (de 17:00 a 20:30 de lunes a viernes) y pruebas en aguas abiertas en Portobelo durante el fin de semana. Al finalizar con \u00e9xito el curso de buceo, obtendr\u00e1s tu certificaci\u00f3n PADI, la asociaci\u00f3n m\u00e1s reconocida internacionalmente en el mundo del buceo.<\/p>\n","protected":false},"featured_media":30457,"comment_status":"open","ping_status":"closed","template":"","meta":{"iawp_total_views":542,"_joinchat":[]},"product_brand":[],"product_cat":[117],"product_tag":[],"class_list":{"0":"post-21029","1":"product","2":"type-product","3":"status-publish","4":"has-post-thumbnail","6":"product_cat-cursos","8":"first","9":"instock","10":"taxable","11":"shipping-taxable","12":"purchasable","13":"product-type-simple"},"booking_location":null,"booking_location_type":null,"booking_duration":null,"booking_duration_unit":null,"booking_buffer":null,"booking_cost":null,"booking_resources":null,"_links":{"self":[{"href":"https:\/\/scubapanama.com\/es\/wp-json\/wp\/v2\/product\/21029","targetHints":{"allow":["GET"]}}],"collection":[{"href":"https:\/\/scubapanama.com\/es\/wp-json\/wp\/v2\/product"}],"about":[{"href":"https:\/\/scubapanama.com\/es\/wp-json\/wp\/v2\/types\/product"}],"replies":[{"embeddable":true,"href":"https:\/\/scubapanama.com\/es\/wp-json\/wp\/v2\/comments?post=21029"}],"version-history":[{"count":2,"href":"https:\/\/scubapanama.com\/es\/wp-json\/wp\/v2\/product\/21029\/revisions"}],"predecessor-version":[{"id":31001,"href":"https:\/\/scubapanama.com\/es\/wp-json\/wp\/v2\/product\/21029\/revisions\/31001"}],"wp:featuredmedia":[{"embeddable":true,"href":"https:\/\/scubapanama.com\/es\/wp-json\/wp\/v2\/media\/30457"}],"wp:attachment":[{"href":"https:\/\/scubapanama.com\/es\/wp-json\/wp\/v2\/media?parent=21029"}],"wp:term":[{"taxonomy":"product_brand","embeddable":true,"href":"https:\/\/scubapanama.com\/es\/wp-json\/wp\/v2\/product_brand?post=21029"},{"taxonomy":"product_cat","embeddable":true,"href":"https:\/\/scubapanama.com\/es\/wp-json\/wp\/v2\/product_cat?post=21029"},{"taxonomy":"product_tag","embeddable":true,"href":"https:\/\/scubapanama.com\/es\/wp-json\/wp\/v2\/product_tag?post=21029"}],"curies":[{"name":"wp","href":"https:\/\/api.w.org\/{rel}","templated":true}]}}