{"id":21028,"date":"2025-01-23T01:50:12","date_gmt":"2025-01-23T06:50:12","guid":{"rendered":"https:\/\/scubapanama.com\/product\/curso-de-primeros-auxilios-dan\/"},"modified":"2025-06-10T13:42:18","modified_gmt":"2025-06-10T18:42:18","slug":"curso-de-primeros-auxilios-dan","status":"publish","type":"product","link":"https:\/\/scubapanama.com\/es\/product\/curso-de-primeros-auxilios-dan\/","title":{"rendered":"CURSO DE PRIMEROS AUXILIOS DAN"},"content":{"rendered":"<p>Las t\u00e9cnicas de RCP y primeros auxilios son t\u00e9cnicas importantes para todo el mundo, no s\u00f3lo para los buceadores. Como Emergency First Response Instructor, ense\u00f1as t\u00e9cnicas basadas en directrices de cuidados de emergencia reconocidas internacionalmente, y puedes ofrecer cursos a cualquiera. Lo que tienen de bueno los cursos EFR es que hacen que el aprendizaje sea f\u00e1cil proporcionando un entorno confortable para practicar t\u00e9cnicas de cuidados de emergencia. Tus alumnos terminar\u00e1n el curso sinti\u00e9ndose seguros con sus nuevas destrezas y preparados para ayudar a alguien cuando lo necesite.<\/p>\n","protected":false},"excerpt":{"rendered":"<p>Las t\u00e9cnicas de RCP y primeros auxilios son t\u00e9cnicas importantes para todo el mundo, no s\u00f3lo para los buceadores. Como<\/p>\n","protected":false},"featured_media":31019,"comment_status":"open","ping_status":"closed","template":"","meta":{"iawp_total_views":26,"_joinchat":[]},"product_brand":[],"product_cat":[117],"product_tag":[],"class_list":{"0":"post-21028","1":"product","2":"type-product","3":"status-publish","4":"has-post-thumbnail","6":"product_cat-cursos","8":"first","9":"instock","10":"taxable","11":"shipping-taxable","12":"purchasable","13":"product-type-simple"},"booking_location":null,"booking_location_type":null,"booking_duration":null,"booking_duration_unit":null,"booking_buffer":null,"booking_cost":null,"booking_resources":null,"_links":{"self":[{"href":"https:\/\/scubapanama.com\/es\/wp-json\/wp\/v2\/product\/21028","targetHints":{"allow":["GET"]}}],"collection":[{"href":"https:\/\/scubapanama.com\/es\/wp-json\/wp\/v2\/product"}],"about":[{"href":"https:\/\/scubapanama.com\/es\/wp-json\/wp\/v2\/types\/product"}],"replies":[{"embeddable":true,"href":"https:\/\/scubapanama.com\/es\/wp-json\/wp\/v2\/comments?post=21028"}],"version-history":[{"count":2,"href":"https:\/\/scubapanama.com\/es\/wp-json\/wp\/v2\/product\/21028\/revisions"}],"predecessor-version":[{"id":31021,"href":"https:\/\/scubapanama.com\/es\/wp-json\/wp\/v2\/product\/21028\/revisions\/31021"}],"wp:featuredmedia":[{"embeddable":true,"href":"https:\/\/scubapanama.com\/es\/wp-json\/wp\/v2\/media\/31019"}],"wp:attachment":[{"href":"https:\/\/scubapanama.com\/es\/wp-json\/wp\/v2\/media?parent=21028"}],"wp:term":[{"taxonomy":"product_brand","embeddable":true,"href":"https:\/\/scubapanama.com\/es\/wp-json\/wp\/v2\/product_brand?post=21028"},{"taxonomy":"product_cat","embeddable":true,"href":"https:\/\/scubapanama.com\/es\/wp-json\/wp\/v2\/product_cat?post=21028"},{"taxonomy":"product_tag","embeddable":true,"href":"https:\/\/scubapanama.com\/es\/wp-json\/wp\/v2\/product_tag?post=21028"}],"curies":[{"name":"wp","href":"https:\/\/api.w.org\/{rel}","templated":true}]}}