{"id":21027,"date":"2025-01-23T01:50:11","date_gmt":"2025-01-23T06:50:11","guid":{"rendered":"https:\/\/scubapanama.com\/product\/curso-de-buceo-rescate-padi\/"},"modified":"2025-06-10T11:33:22","modified_gmt":"2025-06-10T16:33:22","slug":"curso-de-buceo-rescate-padi","status":"publish","type":"product","link":"https:\/\/scubapanama.com\/es\/product\/curso-de-buceo-rescate-padi\/","title":{"rendered":"CURSO DE BUCEO RESCATE PADI"},"content":{"rendered":"<p>El curso PADI Rescue te ense\u00f1a a identificar y manejar situaciones de emergencia en el agua, tanto para ti como para otros buceadores. A trav\u00e9s de ejercicios pr\u00e1cticos y teor\u00eda, aprender\u00e1s t\u00e9cnicas para rescatar buceadores en apuros, prevenir accidentes y manejar situaciones estresantes. Es un curso exigente pero muy gratificante que te prepara para convertirte en un buceador m\u00e1s competente y responsable.<\/p>\n<p>REQUISITOS: TENER AL D\u00cdA LA CERTIFICACI\u00d3N DE PRIMEROS AUXILIOS<\/p>\n","protected":false},"excerpt":{"rendered":"<p>El curso PADI Rescue te ense\u00f1a a identificar y manejar situaciones de emergencia en el agua, tanto para ti como<\/p>\n","protected":false},"featured_media":30315,"comment_status":"open","ping_status":"closed","template":"","meta":{"iawp_total_views":43,"_joinchat":[]},"product_brand":[],"product_cat":[117],"product_tag":[],"class_list":{"0":"post-21027","1":"product","2":"type-product","3":"status-publish","4":"has-post-thumbnail","6":"product_cat-cursos","8":"first","9":"instock","10":"taxable","11":"shipping-taxable","12":"purchasable","13":"product-type-simple"},"booking_location":null,"booking_location_type":null,"booking_duration":null,"booking_duration_unit":null,"booking_buffer":null,"booking_cost":null,"booking_resources":null,"_links":{"self":[{"href":"https:\/\/scubapanama.com\/es\/wp-json\/wp\/v2\/product\/21027","targetHints":{"allow":["GET"]}}],"collection":[{"href":"https:\/\/scubapanama.com\/es\/wp-json\/wp\/v2\/product"}],"about":[{"href":"https:\/\/scubapanama.com\/es\/wp-json\/wp\/v2\/types\/product"}],"replies":[{"embeddable":true,"href":"https:\/\/scubapanama.com\/es\/wp-json\/wp\/v2\/comments?post=21027"}],"version-history":[{"count":3,"href":"https:\/\/scubapanama.com\/es\/wp-json\/wp\/v2\/product\/21027\/revisions"}],"predecessor-version":[{"id":31000,"href":"https:\/\/scubapanama.com\/es\/wp-json\/wp\/v2\/product\/21027\/revisions\/31000"}],"wp:featuredmedia":[{"embeddable":true,"href":"https:\/\/scubapanama.com\/es\/wp-json\/wp\/v2\/media\/30315"}],"wp:attachment":[{"href":"https:\/\/scubapanama.com\/es\/wp-json\/wp\/v2\/media?parent=21027"}],"wp:term":[{"taxonomy":"product_brand","embeddable":true,"href":"https:\/\/scubapanama.com\/es\/wp-json\/wp\/v2\/product_brand?post=21027"},{"taxonomy":"product_cat","embeddable":true,"href":"https:\/\/scubapanama.com\/es\/wp-json\/wp\/v2\/product_cat?post=21027"},{"taxonomy":"product_tag","embeddable":true,"href":"https:\/\/scubapanama.com\/es\/wp-json\/wp\/v2\/product_tag?post=21027"}],"curies":[{"name":"wp","href":"https:\/\/api.w.org\/{rel}","templated":true}]}}