{"id":21023,"date":"2025-01-23T01:50:12","date_gmt":"2025-01-23T06:50:12","guid":{"rendered":"https:\/\/scubapanama.com\/product\/curso-especialidad-profunda-padi\/"},"modified":"2025-06-10T09:44:07","modified_gmt":"2025-06-10T14:44:07","slug":"curso-especialidad-profunda-padi","status":"publish","type":"product","link":"https:\/\/scubapanama.com\/es\/product\/curso-especialidad-profunda-padi\/","title":{"rendered":"CURSO DE ESPECIALIDADES PROFUNDA PADI"},"content":{"rendered":"<p>Durante el curso PADI Deep Diver, aprender\u00e1s c\u00f3mo planificar inmersiones profundas, administrar tu suministro de gas y c\u00f3mo identificar y gestionar la narcosis.<\/p>\n<p>Aprender\u00e1s procedimientos de contacto con el compa\u00f1ero, las consideraciones de seguridad y el control de la flotabilidad a profundidad.<\/p>\n","protected":false},"excerpt":{"rendered":"<p>Durante el curso PADI Deep Diver, aprender\u00e1s c\u00f3mo planificar inmersiones profundas, administrar tu suministro de gas y c\u00f3mo identificar y<\/p>\n","protected":false},"featured_media":30469,"comment_status":"open","ping_status":"closed","template":"","meta":{"iawp_total_views":27,"_joinchat":[]},"product_brand":[],"product_cat":[117],"product_tag":[],"class_list":{"0":"post-21023","1":"product","2":"type-product","3":"status-publish","4":"has-post-thumbnail","6":"product_cat-cursos","8":"first","9":"instock","10":"taxable","11":"shipping-taxable","12":"purchasable","13":"product-type-simple"},"booking_location":null,"booking_location_type":null,"booking_duration":null,"booking_duration_unit":null,"booking_buffer":null,"booking_cost":null,"booking_resources":null,"_links":{"self":[{"href":"https:\/\/scubapanama.com\/es\/wp-json\/wp\/v2\/product\/21023","targetHints":{"allow":["GET"]}}],"collection":[{"href":"https:\/\/scubapanama.com\/es\/wp-json\/wp\/v2\/product"}],"about":[{"href":"https:\/\/scubapanama.com\/es\/wp-json\/wp\/v2\/types\/product"}],"replies":[{"embeddable":true,"href":"https:\/\/scubapanama.com\/es\/wp-json\/wp\/v2\/comments?post=21023"}],"version-history":[{"count":2,"href":"https:\/\/scubapanama.com\/es\/wp-json\/wp\/v2\/product\/21023\/revisions"}],"predecessor-version":[{"id":30961,"href":"https:\/\/scubapanama.com\/es\/wp-json\/wp\/v2\/product\/21023\/revisions\/30961"}],"wp:featuredmedia":[{"embeddable":true,"href":"https:\/\/scubapanama.com\/es\/wp-json\/wp\/v2\/media\/30469"}],"wp:attachment":[{"href":"https:\/\/scubapanama.com\/es\/wp-json\/wp\/v2\/media?parent=21023"}],"wp:term":[{"taxonomy":"product_brand","embeddable":true,"href":"https:\/\/scubapanama.com\/es\/wp-json\/wp\/v2\/product_brand?post=21023"},{"taxonomy":"product_cat","embeddable":true,"href":"https:\/\/scubapanama.com\/es\/wp-json\/wp\/v2\/product_cat?post=21023"},{"taxonomy":"product_tag","embeddable":true,"href":"https:\/\/scubapanama.com\/es\/wp-json\/wp\/v2\/product_tag?post=21023"}],"curies":[{"name":"wp","href":"https:\/\/api.w.org\/{rel}","templated":true}]}}