{"id":21006,"date":"2025-01-23T01:50:13","date_gmt":"2025-01-23T06:50:13","guid":{"rendered":"https:\/\/scubapanama.com\/product\/fn720bk-aleta-sherwood-elite-negra-mediana\/"},"modified":"2025-05-07T16:24:10","modified_gmt":"2025-05-07T21:24:10","slug":"fn720bk-aleta-sherwood-elite-negra-mediana","status":"publish","type":"product","link":"https:\/\/scubapanama.com\/es\/product\/fn720bk-aleta-sherwood-elite-negra-mediana\/","title":{"rendered":"ALETA SHERWOOD ELITE NEGRA MEDIANA (FN720BK)"},"content":{"rendered":"<p>Fabricadas con una pala de doble compuesto, ligera pero duradera, estas aletas cuentan con rieles de potencia de longitud completa y un canal central flexible para una propulsi\u00f3n y maniobrabilidad \u00f3ptimas bajo el agua. El calzante abierto en el tal\u00f3n est\u00e1 dise\u00f1ado para m\u00e1xima comodidad y seguridad, reforzado por nuestra exclusiva correa de silicona altamente el\u00e1stica. Perfectas para viajar, estas aletas ofrecen un rendimiento inigualable dondequiera que te lleven tus aventuras de buceo.<\/p>\n","protected":false},"excerpt":{"rendered":"<p>Fabricadas con una pala de doble compuesto, ligera pero duradera, estas aletas cuentan con rieles de potencia de longitud completa y un canal central flexible para una propulsi\u00f3n y maniobrabilidad \u00f3ptimas bajo el agua.<\/p>\n","protected":false},"featured_media":25374,"comment_status":"open","ping_status":"closed","template":"","meta":{"iawp_total_views":7,"_joinchat":[]},"product_brand":[],"product_cat":[111],"product_tag":[228],"class_list":{"0":"post-21006","1":"product","2":"type-product","3":"status-publish","4":"has-post-thumbnail","6":"product_cat-tienda-online","7":"product_tag-sherwood-es","9":"first","10":"instock","11":"taxable","12":"shipping-taxable","13":"purchasable","14":"product-type-simple"},"booking_location":null,"booking_location_type":null,"booking_duration":null,"booking_duration_unit":null,"booking_buffer":null,"booking_cost":null,"booking_resources":null,"_links":{"self":[{"href":"https:\/\/scubapanama.com\/es\/wp-json\/wp\/v2\/product\/21006","targetHints":{"allow":["GET"]}}],"collection":[{"href":"https:\/\/scubapanama.com\/es\/wp-json\/wp\/v2\/product"}],"about":[{"href":"https:\/\/scubapanama.com\/es\/wp-json\/wp\/v2\/types\/product"}],"replies":[{"embeddable":true,"href":"https:\/\/scubapanama.com\/es\/wp-json\/wp\/v2\/comments?post=21006"}],"version-history":[{"count":2,"href":"https:\/\/scubapanama.com\/es\/wp-json\/wp\/v2\/product\/21006\/revisions"}],"predecessor-version":[{"id":25688,"href":"https:\/\/scubapanama.com\/es\/wp-json\/wp\/v2\/product\/21006\/revisions\/25688"}],"wp:featuredmedia":[{"embeddable":true,"href":"https:\/\/scubapanama.com\/es\/wp-json\/wp\/v2\/media\/25374"}],"wp:attachment":[{"href":"https:\/\/scubapanama.com\/es\/wp-json\/wp\/v2\/media?parent=21006"}],"wp:term":[{"taxonomy":"product_brand","embeddable":true,"href":"https:\/\/scubapanama.com\/es\/wp-json\/wp\/v2\/product_brand?post=21006"},{"taxonomy":"product_cat","embeddable":true,"href":"https:\/\/scubapanama.com\/es\/wp-json\/wp\/v2\/product_cat?post=21006"},{"taxonomy":"product_tag","embeddable":true,"href":"https:\/\/scubapanama.com\/es\/wp-json\/wp\/v2\/product_tag?post=21006"}],"curies":[{"name":"wp","href":"https:\/\/api.w.org\/{rel}","templated":true}]}}