{"id":20985,"date":"2025-01-23T01:50:15","date_gmt":"2025-01-23T06:50:15","guid":{"rendered":"https:\/\/scubapanama.com\/product\/ist-bb-3-hebilla-de-acero-inoxidable\/"},"modified":"2025-05-12T15:45:12","modified_gmt":"2025-05-12T20:45:12","slug":"ist-bb-3-hebilla-de-acero-inoxidable","status":"publish","type":"product","link":"https:\/\/scubapanama.com\/es\/product\/ist-bb-3-hebilla-de-acero-inoxidable\/","title":{"rendered":"IST HEBILLA DE ACERO INOXIDABLE (BB-3)"},"content":{"rendered":"<p data-start=\"354\" data-end=\"660\">La <strong data-start=\"357\" data-end=\"397\">Hebilla R\u00e1pida de Liberaci\u00f3n IST BB3<\/strong> es un componente esencial para tu equipo de buceo, dise\u00f1ado para ofrecer seguridad, durabilidad y facilidad de uso. Fabricada en acero inoxidable 304, esta hebilla combina un dise\u00f1o de estilo a\u00e9reo con una funcionalidad optimizada para situaciones de emergencia.<\/p>\n<h3 data-start=\"662\" data-end=\"697\">Caracter\u00edsticas Principales:<\/h3>\n<ul data-start=\"699\" data-end=\"1346\">\n<li data-start=\"699\" data-end=\"803\">\n<p data-start=\"701\" data-end=\"803\"><strong data-start=\"701\" data-end=\"727\">Dise\u00f1o de Estilo A\u00e9reo<\/strong>: <span class=\"relative -mx-px my-[-0.2rem] rounded px-px py-[0.2rem] transition-colors duration-100 ease-in-out\">Hebilla de liberaci\u00f3n r\u00e1pida que puede operarse con una sola mano, ideal para situaciones de emergencia.<\/span><\/p>\n<\/li>\n<li data-start=\"805\" data-end=\"923\">\n<p data-start=\"807\" data-end=\"923\"><strong data-start=\"807\" data-end=\"847\">Construcci\u00f3n en Acero Inoxidable 304<\/strong>: <span class=\"relative -mx-px my-[-0.2rem] rounded px-px py-[0.2rem] transition-colors duration-100 ease-in-out\">Material resistente a la corrosi\u00f3n, garantizando una larga vida \u00fatil incluso en ambientes salinos.<\/span><\/p>\n<\/li>\n<li data-start=\"925\" data-end=\"1028\">\n<p data-start=\"927\" data-end=\"1028\"><strong data-start=\"927\" data-end=\"950\">Dise\u00f1o de 3 Ranuras<\/strong>: <span class=\"relative -mx-px my-[-0.2rem] rounded px-px py-[0.2rem] transition-colors duration-100 ease-in-out\">Nuevo dise\u00f1o de rosca segura con 3 ranuras que asegura que el cintur\u00f3n est\u00e9 firmemente sujeto.<\/span><\/p>\n<\/li>\n<li data-start=\"1030\" data-end=\"1140\">\n<p data-start=\"1032\" data-end=\"1140\"><strong data-start=\"1032\" data-end=\"1060\">Tablero de Hebilla Plano<\/strong>: <span class=\"relative -mx-px my-[-0.2rem] rounded px-px py-[0.2rem] transition-colors duration-100 ease-in-out\">El tablero de la hebilla se mantiene plano cuando est\u00e1 cerrado, evitando enganches con mangueras, correas del BCD, estructuras submarinas o hierbas.<\/span><\/p>\n<\/li>\n<li data-start=\"1142\" data-end=\"1244\">\n<p data-start=\"1144\" data-end=\"1244\"><strong data-start=\"1144\" data-end=\"1164\">F\u00e1cil Liberaci\u00f3n<\/strong>: <span class=\"relative -mx-px my-[-0.2rem] rounded px-px py-[0.2rem] transition-colors duration-100 ease-in-out\">Para desbloquear, simplemente desliza los dedos bajo el tablero y lev\u00e1ntalo.<\/span><\/p>\n<\/li>\n<li data-start=\"1246\" data-end=\"1346\">\n<p data-start=\"1248\" data-end=\"1346\"><strong data-start=\"1248\" data-end=\"1266\">Compatibilidad<\/strong>: <span class=\"relative -mx-px my-[-0.2rem] rounded px-px py-[0.2rem] transition-colors duration-100 ease-in-out\">Dise\u00f1ada para usarse con un cintur\u00f3n de peso de buceo est\u00e1ndar de 2\u201d (5.08 cm) de webbing de nylon o correa de tanque.<\/span><\/p>\n<\/li>\n<\/ul>\n<h3 data-start=\"1348\" data-end=\"1381\">\u00a0Especificaciones T\u00e9cnicas:<\/h3>\n<ul data-start=\"1383\" data-end=\"1766\">\n<li data-start=\"1383\" data-end=\"1477\">\n<p data-start=\"1385\" data-end=\"1477\"><strong data-start=\"1385\" data-end=\"1397\">Material<\/strong>: <span class=\"relative -mx-px my-[-0.2rem] rounded px-px py-[0.2rem] transition-colors duration-100 ease-in-out\">Acero inoxidable 304 de alta calidad.<\/span><\/p>\n<\/li>\n<li data-start=\"1479\" data-end=\"1579\">\n<p data-start=\"1481\" data-end=\"1579\"><strong data-start=\"1481\" data-end=\"1499\">Compatibilidad<\/strong>: <span class=\"relative -mx-px my-[-0.2rem] rounded px-px py-[0.2rem] transition-colors duration-100 ease-in-out\">Adecuada para cinturones de webbing de nylon de 2\u201d (5.08 cm).<\/span><\/p>\n<\/li>\n<li data-start=\"1581\" data-end=\"1673\">\n<p data-start=\"1583\" data-end=\"1673\"><strong data-start=\"1583\" data-end=\"1593\">Dise\u00f1o<\/strong>: <span class=\"relative -mx-px my-[-0.2rem] rounded px-px py-[0.2rem] transition-colors duration-100 ease-in-out\">Hebilla de liberaci\u00f3n r\u00e1pida con dise\u00f1o de 3 ranuras para mayor seguridad.<\/span><\/p>\n<\/li>\n<li data-start=\"1675\" data-end=\"1766\">\n<p data-start=\"1677\" data-end=\"1766\"><strong data-start=\"1677\" data-end=\"1686\">Color<\/strong>: <span class=\"relative -mx-px my-[-0.2rem] rounded px-px py-[0.2rem] transition-colors duration-100 ease-in-out\">Acabado en acero inoxidable pulido.<\/span><\/p>\n<\/li>\n<\/ul>\n<h3 data-start=\"1768\" data-end=\"1810\">\u00a0\u00bfPor Qu\u00e9 Elegir la Hebilla IST BB3?<\/h3>\n<ul data-start=\"1812\" data-end=\"2229\">\n<li data-start=\"1812\" data-end=\"1916\">\n<p data-start=\"1814\" data-end=\"1916\"><strong data-start=\"1814\" data-end=\"1836\">Seguridad Mejorada<\/strong>: <span class=\"relative -mx-px my-[-0.2rem] rounded px-px py-[0.2rem] transition-colors duration-100 ease-in-out\">El dise\u00f1o de liberaci\u00f3n r\u00e1pida permite una acci\u00f3n inmediata en situaciones cr\u00edticas.<\/span><\/p>\n<\/li>\n<li data-start=\"1918\" data-end=\"2024\">\n<p data-start=\"1920\" data-end=\"2024\"><strong data-start=\"1920\" data-end=\"1944\">Durabilidad Superior<\/strong>: <span class=\"relative -mx-px my-[-0.2rem] rounded px-px py-[0.2rem] transition-colors duration-100 ease-in-out\">El acero inoxidable 304 resiste la corrosi\u00f3n, asegurando una larga vida \u00fatil.<\/span><\/p>\n<\/li>\n<li data-start=\"2026\" data-end=\"2128\">\n<p data-start=\"2028\" data-end=\"2128\"><strong data-start=\"2028\" data-end=\"2048\">Dise\u00f1o Funcional<\/strong>: <span class=\"relative -mx-px my-[-0.2rem] rounded px-px py-[0.2rem] transition-colors duration-100 ease-in-out\">El tablero plano reduce el riesgo de enganches, mejorando la seguridad durante las inmersiones.<\/span><\/p>\n<\/li>\n<li data-start=\"2130\" data-end=\"2229\">\n<p data-start=\"2132\" data-end=\"2229\"><strong data-start=\"2132\" data-end=\"2149\">F\u00e1cil de Usar<\/strong>: <span class=\"relative -mx-px my-[-0.2rem] rounded px-px py-[0.2rem] transition-colors duration-100 ease-in-out\">La operaci\u00f3n con una sola mano facilita su uso incluso en condiciones adversas.<\/span><\/p>\n<\/li>\n<\/ul>\n<p data-start=\"2236\" data-end=\"2372\"><span class=\"relative -mx-px my-[-0.2rem] rounded px-px py-[0.2rem] transition-colors duration-100 ease-in-out\">Con la <strong data-start=\"7\" data-end=\"47\">Hebilla R\u00e1pida de Liberaci\u00f3n IST BB3<\/strong>, tu cintur\u00f3n de buceo estar\u00e1 equipado con una herramienta confiable y segura, lista para cualquier desaf\u00edo bajo el agua.<\/span> \u00a1No comprometas tu seguridad, elige calidad y fiabilidad!<\/p>\n","protected":false},"excerpt":{"rendered":"<p>La <strong data-start=\"357\" data-end=\"397\">Hebilla R\u00e1pida de Liberaci\u00f3n IST BB3<\/strong> es un componente esencial para tu equipo de buceo, dise\u00f1ado para ofrecer seguridad, durabilidad y facilidad de uso.<\/p>\n","protected":false},"featured_media":24945,"comment_status":"open","ping_status":"closed","template":"","meta":{"iawp_total_views":5,"_joinchat":[]},"product_brand":[],"product_cat":[111],"product_tag":[218],"class_list":{"0":"post-20985","1":"product","2":"type-product","3":"status-publish","4":"has-post-thumbnail","6":"product_cat-tienda-online","7":"product_tag-ist-es","9":"first","10":"instock","11":"taxable","12":"shipping-taxable","13":"purchasable","14":"product-type-simple"},"booking_location":null,"booking_location_type":null,"booking_duration":null,"booking_duration_unit":null,"booking_buffer":null,"booking_cost":null,"booking_resources":null,"_links":{"self":[{"href":"https:\/\/scubapanama.com\/es\/wp-json\/wp\/v2\/product\/20985","targetHints":{"allow":["GET"]}}],"collection":[{"href":"https:\/\/scubapanama.com\/es\/wp-json\/wp\/v2\/product"}],"about":[{"href":"https:\/\/scubapanama.com\/es\/wp-json\/wp\/v2\/types\/product"}],"replies":[{"embeddable":true,"href":"https:\/\/scubapanama.com\/es\/wp-json\/wp\/v2\/comments?post=20985"}],"version-history":[{"count":2,"href":"https:\/\/scubapanama.com\/es\/wp-json\/wp\/v2\/product\/20985\/revisions"}],"predecessor-version":[{"id":26541,"href":"https:\/\/scubapanama.com\/es\/wp-json\/wp\/v2\/product\/20985\/revisions\/26541"}],"wp:featuredmedia":[{"embeddable":true,"href":"https:\/\/scubapanama.com\/es\/wp-json\/wp\/v2\/media\/24945"}],"wp:attachment":[{"href":"https:\/\/scubapanama.com\/es\/wp-json\/wp\/v2\/media?parent=20985"}],"wp:term":[{"taxonomy":"product_brand","embeddable":true,"href":"https:\/\/scubapanama.com\/es\/wp-json\/wp\/v2\/product_brand?post=20985"},{"taxonomy":"product_cat","embeddable":true,"href":"https:\/\/scubapanama.com\/es\/wp-json\/wp\/v2\/product_cat?post=20985"},{"taxonomy":"product_tag","embeddable":true,"href":"https:\/\/scubapanama.com\/es\/wp-json\/wp\/v2\/product_tag?post=20985"}],"curies":[{"name":"wp","href":"https:\/\/api.w.org\/{rel}","templated":true}]}}