{"id":20983,"date":"2025-01-23T01:50:15","date_gmt":"2025-01-23T06:50:15","guid":{"rendered":"https:\/\/scubapanama.com\/product\/ist-af2-liquido-antivaho\/"},"modified":"2026-02-04T23:37:01","modified_gmt":"2026-02-05T04:37:01","slug":"ist-af2-liquido-antivaho","status":"publish","type":"product","link":"https:\/\/scubapanama.com\/es\/product\/ist-af2-liquido-antivaho\/","title":{"rendered":"IST L\u00cdQUIDO ANTIVAHO (AF2)"},"content":{"rendered":"<p>\u00a1Un solo spray, m\u00faltiples usos! Este poderoso spray antiempa\u00f1ante es tu aliado perfecto para cualquier tipo de gafas. Desde lentes de sol hasta m\u00e1scaras de buceo, mant\u00e9n tus cristales libres de vaho en todo momento. Ideal para deportistas, conductores y cualquier persona que necesite una visi\u00f3n clara.<\/p>\n<p>Nuestro spray antiempa\u00f1ante de larga duraci\u00f3n forma una barrera invisible que repele la humedad, brind\u00e1ndote una visi\u00f3n clara durante horas. Ideal para actividades acu\u00e1ticas y deportes al aire libre.<\/p>\n","protected":false},"excerpt":{"rendered":"<p>\u00a1Un solo spray, m\u00faltiples usos! Este poderoso spray antiempa\u00f1ante es tu aliado perfecto para cualquier tipo de gafas.<\/p>\n","protected":false},"featured_media":24939,"comment_status":"open","ping_status":"closed","template":"","meta":{"iawp_total_views":55,"_joinchat":[]},"product_brand":[],"product_cat":[111],"product_tag":[218],"class_list":{"0":"post-20983","1":"product","2":"type-product","3":"status-publish","4":"has-post-thumbnail","6":"product_cat-tienda-online","7":"product_tag-ist-es","9":"first","10":"instock","11":"taxable","12":"shipping-taxable","13":"purchasable","14":"product-type-simple"},"booking_location":null,"booking_location_type":null,"booking_duration":null,"booking_duration_unit":null,"booking_buffer":null,"booking_cost":null,"booking_resources":null,"_links":{"self":[{"href":"https:\/\/scubapanama.com\/es\/wp-json\/wp\/v2\/product\/20983","targetHints":{"allow":["GET"]}}],"collection":[{"href":"https:\/\/scubapanama.com\/es\/wp-json\/wp\/v2\/product"}],"about":[{"href":"https:\/\/scubapanama.com\/es\/wp-json\/wp\/v2\/types\/product"}],"replies":[{"embeddable":true,"href":"https:\/\/scubapanama.com\/es\/wp-json\/wp\/v2\/comments?post=20983"}],"version-history":[{"count":2,"href":"https:\/\/scubapanama.com\/es\/wp-json\/wp\/v2\/product\/20983\/revisions"}],"predecessor-version":[{"id":26537,"href":"https:\/\/scubapanama.com\/es\/wp-json\/wp\/v2\/product\/20983\/revisions\/26537"}],"wp:featuredmedia":[{"embeddable":true,"href":"https:\/\/scubapanama.com\/es\/wp-json\/wp\/v2\/media\/24939"}],"wp:attachment":[{"href":"https:\/\/scubapanama.com\/es\/wp-json\/wp\/v2\/media?parent=20983"}],"wp:term":[{"taxonomy":"product_brand","embeddable":true,"href":"https:\/\/scubapanama.com\/es\/wp-json\/wp\/v2\/product_brand?post=20983"},{"taxonomy":"product_cat","embeddable":true,"href":"https:\/\/scubapanama.com\/es\/wp-json\/wp\/v2\/product_cat?post=20983"},{"taxonomy":"product_tag","embeddable":true,"href":"https:\/\/scubapanama.com\/es\/wp-json\/wp\/v2\/product_tag?post=20983"}],"curies":[{"name":"wp","href":"https:\/\/api.w.org\/{rel}","templated":true}]}}