{"id":20968,"date":"2025-01-23T01:50:16","date_gmt":"2025-01-23T06:50:16","guid":{"rendered":"https:\/\/scubapanama.com\/product\/ist-arnes-de-campana-de-buceo-comercial-c-croth\/"},"modified":"2025-05-12T15:08:26","modified_gmt":"2025-05-12T20:08:26","slug":"ist-arnes-de-campana-de-buceo-comercial-c-croth","status":"publish","type":"product","link":"https:\/\/scubapanama.com\/es\/product\/ist-arnes-de-campana-de-buceo-comercial-c-croth\/","title":{"rendered":"IST ARN\u00c9S DE CAMPANA DE BUCEO COMERCIAL (C\/CROTH)"},"content":{"rendered":"<p><span>El arn\u00e9s de campana de buceo comercial IST con correas de entrepierna con hebilla de Marsella es un equipo robusto y resistente, dise\u00f1ado para ser utilizado por buzos comerciales que operan desde una campana de buceo.<\/span><\/p>\n<p><span>El HHBP es extremadamente c\u00f3modo de usar, con o sin el cilindro de rescate montado en la parte posterior, y es lo suficientemente resistente para soportar cualquier requisito de trabajo bajo el agua.<\/span><\/p>\n<p><span>La base del arn\u00e9s es la placa de goma BP5, ultrarresistente y flexible. Fabricada con material de primera calidad y reforzada con dos capas de malla de nailon resistente al desgarro, la placa incluye dos juegos de cortes verticales en el centro para montar el suministro de gas de emergencia si se desea (las correas para el tanque est\u00e1n disponibles por separado).<\/span><\/p>\n<p><span>Las correas de nailon de alta resistencia se fijan a la placa de goma mediante presillas remachadas de acero inoxidable. Cada correa de hombro incluye una anilla en D de 6 mm. Una anilla en D de emergencia de 8 mm est\u00e1 remachada en la parte superior de la correa central para facilitar la elevaci\u00f3n en profundidad y el almacenamiento del arn\u00e9s cuando no se utiliza. La correa pectoral cuenta con una hebilla de liberaci\u00f3n r\u00e1pida. Tambi\u00e9n se incluyen dos correas de entrepierna ajustables con hebilla tipo Marsella y sistema de ojales.<\/span><\/p>\n<p><span>Espesor de la placa: 8,2 mm \/ 0,32 pulgadas<\/span><\/p>\n<p><span>Refuerzo de placa: Malla de nailon (2 capas)<\/span><\/p>\n<p><span>Flotabilidad de la placa: Negativa<\/span><\/p>\n<p><span>Peso seco (placa de goma): 750 g \/ 1,65 lb<\/span><\/p>\n<p><span>Peso seco (completo): 2,4 kg \/ 5,3 lb (talla L)<\/span><\/p>\n<p><span>Cinta: nailon de 3,5 mm de grosor y 2 pulgadas de ancho<\/span><\/p>\n<p><span>Remaches: Acero inoxidable (36)<\/span><\/p>\n<p><span>Herrajes: acero inoxidable<\/span><\/p>\n","protected":false},"excerpt":{"rendered":"<p>El arn\u00e9s de campana de buceo comercial IST con correas de entrepierna con hebilla de Marsella es un equipo robusto y resistente, dise\u00f1ado para ser utilizado por buzos comerciales que operan desde una campana de buceo.<\/p>\n","protected":false},"featured_media":24929,"comment_status":"open","ping_status":"closed","template":"","meta":{"iawp_total_views":6,"_joinchat":[]},"product_brand":[],"product_cat":[111],"product_tag":[218],"class_list":{"0":"post-20968","1":"product","2":"type-product","3":"status-publish","4":"has-post-thumbnail","6":"product_cat-tienda-online","7":"product_tag-ist-es","9":"first","10":"instock","11":"taxable","12":"shipping-taxable","13":"purchasable","14":"product-type-simple"},"booking_location":null,"booking_location_type":null,"booking_duration":null,"booking_duration_unit":null,"booking_buffer":null,"booking_cost":null,"booking_resources":null,"_links":{"self":[{"href":"https:\/\/scubapanama.com\/es\/wp-json\/wp\/v2\/product\/20968","targetHints":{"allow":["GET"]}}],"collection":[{"href":"https:\/\/scubapanama.com\/es\/wp-json\/wp\/v2\/product"}],"about":[{"href":"https:\/\/scubapanama.com\/es\/wp-json\/wp\/v2\/types\/product"}],"replies":[{"embeddable":true,"href":"https:\/\/scubapanama.com\/es\/wp-json\/wp\/v2\/comments?post=20968"}],"version-history":[{"count":2,"href":"https:\/\/scubapanama.com\/es\/wp-json\/wp\/v2\/product\/20968\/revisions"}],"predecessor-version":[{"id":26516,"href":"https:\/\/scubapanama.com\/es\/wp-json\/wp\/v2\/product\/20968\/revisions\/26516"}],"wp:featuredmedia":[{"embeddable":true,"href":"https:\/\/scubapanama.com\/es\/wp-json\/wp\/v2\/media\/24929"}],"wp:attachment":[{"href":"https:\/\/scubapanama.com\/es\/wp-json\/wp\/v2\/media?parent=20968"}],"wp:term":[{"taxonomy":"product_brand","embeddable":true,"href":"https:\/\/scubapanama.com\/es\/wp-json\/wp\/v2\/product_brand?post=20968"},{"taxonomy":"product_cat","embeddable":true,"href":"https:\/\/scubapanama.com\/es\/wp-json\/wp\/v2\/product_cat?post=20968"},{"taxonomy":"product_tag","embeddable":true,"href":"https:\/\/scubapanama.com\/es\/wp-json\/wp\/v2\/product_tag?post=20968"}],"curies":[{"name":"wp","href":"https:\/\/api.w.org\/{rel}","templated":true}]}}