{"id":20961,"date":"2025-01-23T01:50:17","date_gmt":"2025-01-23T06:50:17","guid":{"rendered":"https:\/\/scubapanama.com\/product\/ist-db08-bolsa-seca\/"},"modified":"2025-05-12T14:27:44","modified_gmt":"2025-05-12T19:27:44","slug":"ist-db08-bolsa-seca","status":"publish","type":"product","link":"https:\/\/scubapanama.com\/es\/product\/ist-db08-bolsa-seca\/","title":{"rendered":"IST BOLSA SECA (DB08)"},"content":{"rendered":"<p><b><span>IST Sports &#8211; Tubo impermeable &#8211; 150&#215;50 mm<\/span><\/b><span>\u00a0Este tubo es impermeable mediante un tap\u00f3n de rosca que est\u00e1 sellado con una junta t\u00f3rica. El tubo est\u00e1 disponible en dos tama\u00f1os, este es el m\u00e1s peque\u00f1o de los dos. Al comprar, tenga en cuenta que hay una medida interior y otra exterior.\u00a0<\/span><b><span>Caracter\u00edsticas de la funda impermeable:<\/span><\/b><span>\u00a0\u2022 Funda impermeable<\/span><br \/>\n<span>\u2022 Para llaves, dinero, etc.<\/span><br \/>\n<span>\u2022 Con correa de transporte y hebilla<\/span><br \/>\n<b><span>Dimensiones:<\/span><\/b><span>\u00a0\u2022 150 mm x 50 mm (dimensiones exteriores)<\/span><br \/>\n<span>\u2022 115 mm x 47 mm (dimensiones interiores)<\/span><\/p>\n","protected":false},"excerpt":{"rendered":"<p><b><span>IST Sports &#8211; Tubo impermeable &#8211; 150&#215;50 mm<\/span><\/b><span> Este tubo es impermeable mediante un tap\u00f3n de rosca que est\u00e1 sellado con una junta t\u00f3rica.<\/span><\/p>\n","protected":false},"featured_media":24876,"comment_status":"open","ping_status":"closed","template":"","meta":{"iawp_total_views":3,"_joinchat":[]},"product_brand":[],"product_cat":[111],"product_tag":[218],"class_list":{"0":"post-20961","1":"product","2":"type-product","3":"status-publish","4":"has-post-thumbnail","6":"product_cat-tienda-online","7":"product_tag-ist-es","9":"first","10":"instock","11":"taxable","12":"shipping-taxable","13":"purchasable","14":"product-type-simple"},"booking_location":null,"booking_location_type":null,"booking_duration":null,"booking_duration_unit":null,"booking_buffer":null,"booking_cost":null,"booking_resources":null,"_links":{"self":[{"href":"https:\/\/scubapanama.com\/es\/wp-json\/wp\/v2\/product\/20961","targetHints":{"allow":["GET"]}}],"collection":[{"href":"https:\/\/scubapanama.com\/es\/wp-json\/wp\/v2\/product"}],"about":[{"href":"https:\/\/scubapanama.com\/es\/wp-json\/wp\/v2\/types\/product"}],"replies":[{"embeddable":true,"href":"https:\/\/scubapanama.com\/es\/wp-json\/wp\/v2\/comments?post=20961"}],"version-history":[{"count":2,"href":"https:\/\/scubapanama.com\/es\/wp-json\/wp\/v2\/product\/20961\/revisions"}],"predecessor-version":[{"id":26505,"href":"https:\/\/scubapanama.com\/es\/wp-json\/wp\/v2\/product\/20961\/revisions\/26505"}],"wp:featuredmedia":[{"embeddable":true,"href":"https:\/\/scubapanama.com\/es\/wp-json\/wp\/v2\/media\/24876"}],"wp:attachment":[{"href":"https:\/\/scubapanama.com\/es\/wp-json\/wp\/v2\/media?parent=20961"}],"wp:term":[{"taxonomy":"product_brand","embeddable":true,"href":"https:\/\/scubapanama.com\/es\/wp-json\/wp\/v2\/product_brand?post=20961"},{"taxonomy":"product_cat","embeddable":true,"href":"https:\/\/scubapanama.com\/es\/wp-json\/wp\/v2\/product_cat?post=20961"},{"taxonomy":"product_tag","embeddable":true,"href":"https:\/\/scubapanama.com\/es\/wp-json\/wp\/v2\/product_tag?post=20961"}],"curies":[{"name":"wp","href":"https:\/\/api.w.org\/{rel}","templated":true}]}}