{"id":20959,"date":"2025-01-23T01:50:17","date_gmt":"2025-01-23T06:50:17","guid":{"rendered":"https:\/\/scubapanama.com\/product\/ist-db09-bolsa-seca\/"},"modified":"2025-05-12T14:24:06","modified_gmt":"2025-05-12T19:24:06","slug":"ist-db09-bolsa-seca","status":"publish","type":"product","link":"https:\/\/scubapanama.com\/es\/product\/ist-db09-bolsa-seca\/","title":{"rendered":"IST BOLSA SECA (DB09)"},"content":{"rendered":"<p><strong><span>La minibolsa impermeable IST<\/span><\/strong><span>\u00a0cuenta con un interior espacioso que mantiene secos los art\u00edculos grandes. Est\u00e1 fabricada en EVA resistente a perforaciones y desgarros, con un cierre de velcro secundario para mayor seguridad. Su parte frontal transparente permite el uso de dispositivos electr\u00f3nicos de pulsaci\u00f3n de bot\u00f3n sellados en su interior.<\/span><\/p>\n","protected":false},"excerpt":{"rendered":"<p><strong><span>La minibolsa impermeable IST<\/span><\/strong><span> cuenta con un interior espacioso que mantiene secos los art\u00edculos grandes.\u00a0<\/span><\/p>\n","protected":false},"featured_media":24880,"comment_status":"open","ping_status":"closed","template":"","meta":{"iawp_total_views":3,"_joinchat":[]},"product_brand":[],"product_cat":[111],"product_tag":[218],"class_list":{"0":"post-20959","1":"product","2":"type-product","3":"status-publish","4":"has-post-thumbnail","6":"product_cat-tienda-online","7":"product_tag-ist-es","9":"first","10":"instock","11":"taxable","12":"shipping-taxable","13":"purchasable","14":"product-type-simple"},"booking_location":null,"booking_location_type":null,"booking_duration":null,"booking_duration_unit":null,"booking_buffer":null,"booking_cost":null,"booking_resources":null,"_links":{"self":[{"href":"https:\/\/scubapanama.com\/es\/wp-json\/wp\/v2\/product\/20959","targetHints":{"allow":["GET"]}}],"collection":[{"href":"https:\/\/scubapanama.com\/es\/wp-json\/wp\/v2\/product"}],"about":[{"href":"https:\/\/scubapanama.com\/es\/wp-json\/wp\/v2\/types\/product"}],"replies":[{"embeddable":true,"href":"https:\/\/scubapanama.com\/es\/wp-json\/wp\/v2\/comments?post=20959"}],"version-history":[{"count":2,"href":"https:\/\/scubapanama.com\/es\/wp-json\/wp\/v2\/product\/20959\/revisions"}],"predecessor-version":[{"id":26503,"href":"https:\/\/scubapanama.com\/es\/wp-json\/wp\/v2\/product\/20959\/revisions\/26503"}],"wp:featuredmedia":[{"embeddable":true,"href":"https:\/\/scubapanama.com\/es\/wp-json\/wp\/v2\/media\/24880"}],"wp:attachment":[{"href":"https:\/\/scubapanama.com\/es\/wp-json\/wp\/v2\/media?parent=20959"}],"wp:term":[{"taxonomy":"product_brand","embeddable":true,"href":"https:\/\/scubapanama.com\/es\/wp-json\/wp\/v2\/product_brand?post=20959"},{"taxonomy":"product_cat","embeddable":true,"href":"https:\/\/scubapanama.com\/es\/wp-json\/wp\/v2\/product_cat?post=20959"},{"taxonomy":"product_tag","embeddable":true,"href":"https:\/\/scubapanama.com\/es\/wp-json\/wp\/v2\/product_tag?post=20959"}],"curies":[{"name":"wp","href":"https:\/\/api.w.org\/{rel}","templated":true}]}}