{"id":20958,"date":"2025-01-23T01:50:17","date_gmt":"2025-01-23T06:50:17","guid":{"rendered":"https:\/\/scubapanama.com\/product\/ist-db-33-bolsa-seca-33l\/"},"modified":"2025-05-12T14:20:30","modified_gmt":"2025-05-12T19:20:30","slug":"ist-db-33-bolsa-seca-33l","status":"publish","type":"product","link":"https:\/\/scubapanama.com\/es\/product\/ist-db-33-bolsa-seca-33l\/","title":{"rendered":"IST BOLSA SECA 33L (DB-33)"},"content":{"rendered":"<p>Estilo bolsa de lona con correas traseras acolchadas. La talla extragrande te permite llevar a\u00fan m\u00e1s equipo y mantenerlo limpio y seco durante viajes, actividades acu\u00e1ticas y al aire libre. Perfecta para el barco, el kayak, la balsa, el camping o el senderismo. Bolsa impermeable extragrande multiusos que tambi\u00e9n funciona como mochila extragrande. Poli\u00e9ster 600 D de alta resistencia, resistente a desgarros, perforaciones y rasgaduras. Correas traseras robustas y acolchadas, sujetas a paneles reforzados para resistir desgarros. Panel frontal semitransparente para ver el contenido.<\/p>\n","protected":false},"excerpt":{"rendered":"<p>Estilo bolsa de lona con correas traseras acolchadas.<\/p>\n","protected":false},"featured_media":24864,"comment_status":"open","ping_status":"closed","template":"","meta":{"iawp_total_views":2,"_joinchat":[]},"product_brand":[],"product_cat":[111],"product_tag":[218],"class_list":{"0":"post-20958","1":"product","2":"type-product","3":"status-publish","4":"has-post-thumbnail","6":"product_cat-tienda-online","7":"product_tag-ist-es","9":"first","10":"outofstock","11":"taxable","12":"shipping-taxable","13":"purchasable","14":"product-type-simple"},"booking_location":null,"booking_location_type":null,"booking_duration":null,"booking_duration_unit":null,"booking_buffer":null,"booking_cost":null,"booking_resources":null,"_links":{"self":[{"href":"https:\/\/scubapanama.com\/es\/wp-json\/wp\/v2\/product\/20958","targetHints":{"allow":["GET"]}}],"collection":[{"href":"https:\/\/scubapanama.com\/es\/wp-json\/wp\/v2\/product"}],"about":[{"href":"https:\/\/scubapanama.com\/es\/wp-json\/wp\/v2\/types\/product"}],"replies":[{"embeddable":true,"href":"https:\/\/scubapanama.com\/es\/wp-json\/wp\/v2\/comments?post=20958"}],"version-history":[{"count":2,"href":"https:\/\/scubapanama.com\/es\/wp-json\/wp\/v2\/product\/20958\/revisions"}],"predecessor-version":[{"id":26501,"href":"https:\/\/scubapanama.com\/es\/wp-json\/wp\/v2\/product\/20958\/revisions\/26501"}],"wp:featuredmedia":[{"embeddable":true,"href":"https:\/\/scubapanama.com\/es\/wp-json\/wp\/v2\/media\/24864"}],"wp:attachment":[{"href":"https:\/\/scubapanama.com\/es\/wp-json\/wp\/v2\/media?parent=20958"}],"wp:term":[{"taxonomy":"product_brand","embeddable":true,"href":"https:\/\/scubapanama.com\/es\/wp-json\/wp\/v2\/product_brand?post=20958"},{"taxonomy":"product_cat","embeddable":true,"href":"https:\/\/scubapanama.com\/es\/wp-json\/wp\/v2\/product_cat?post=20958"},{"taxonomy":"product_tag","embeddable":true,"href":"https:\/\/scubapanama.com\/es\/wp-json\/wp\/v2\/product_tag?post=20958"}],"curies":[{"name":"wp","href":"https:\/\/api.w.org\/{rel}","templated":true}]}}