{"id":20956,"date":"2025-01-23T01:50:22","date_gmt":"2025-01-23T06:50:22","guid":{"rendered":"https:\/\/scubapanama.com\/product\/ist-g-39c-mascara-lente-tintada-transparente\/"},"modified":"2025-05-12T11:34:45","modified_gmt":"2025-05-12T16:34:45","slug":"ist-g-39c-mascara-lente-tintada-transparente","status":"publish","type":"product","link":"https:\/\/scubapanama.com\/es\/product\/ist-g-39c-mascara-lente-tintada-transparente\/","title":{"rendered":"IST M\u00c1SCARA LENTE TINTADA TRANSPARENTE (G-39C)"},"content":{"rendered":"<ul>\n<li><span>Gafas de nataci\u00f3n hidrodin\u00e1micas con lentes de espejo para adultos.<\/span><\/li>\n<li><span>Policarbonato de alta calidad resistente a roturas, lentes anti-UV, anti-rayaduras y antivaho con superficie espejada para reflejar la luz brillante y reducir el deslumbramiento.<\/span><\/li>\n<li><span>Copas oculares de silicona inyectada l\u00edquida, flexibles, suaves e hipoalerg\u00e9nicas para mayor comodidad y resistencia al agua.<\/span><\/li>\n<li><span>Sistema de correa de silicona de inyecci\u00f3n l\u00edquida hipoalerg\u00e9nica con clips laterales de liberaci\u00f3n r\u00e1pida tipo bot\u00f3n que hacen que los ajustes sean r\u00e1pidos y f\u00e1ciles.<\/span><\/li>\n<li><span>Estuche de almacenamiento y puentes nasales de repuesto incluidos.<\/span><\/li>\n<\/ul>\n","protected":false},"excerpt":{"rendered":"<p>Gafas de nataci\u00f3n hidrodin\u00e1micas con lentes de espejo para adultos.<\/p>\n","protected":false},"featured_media":24707,"comment_status":"open","ping_status":"closed","template":"","meta":{"iawp_total_views":0,"_joinchat":[]},"product_brand":[],"product_cat":[111],"product_tag":[218],"class_list":{"0":"post-20956","1":"product","2":"type-product","3":"status-publish","4":"has-post-thumbnail","6":"product_cat-tienda-online","7":"product_tag-ist-es","9":"first","10":"instock","11":"taxable","12":"shipping-taxable","13":"purchasable","14":"product-type-simple"},"booking_location":null,"booking_location_type":null,"booking_duration":null,"booking_duration_unit":null,"booking_buffer":null,"booking_cost":null,"booking_resources":null,"_links":{"self":[{"href":"https:\/\/scubapanama.com\/es\/wp-json\/wp\/v2\/product\/20956","targetHints":{"allow":["GET"]}}],"collection":[{"href":"https:\/\/scubapanama.com\/es\/wp-json\/wp\/v2\/product"}],"about":[{"href":"https:\/\/scubapanama.com\/es\/wp-json\/wp\/v2\/types\/product"}],"replies":[{"embeddable":true,"href":"https:\/\/scubapanama.com\/es\/wp-json\/wp\/v2\/comments?post=20956"}],"version-history":[{"count":2,"href":"https:\/\/scubapanama.com\/es\/wp-json\/wp\/v2\/product\/20956\/revisions"}],"predecessor-version":[{"id":26390,"href":"https:\/\/scubapanama.com\/es\/wp-json\/wp\/v2\/product\/20956\/revisions\/26390"}],"wp:featuredmedia":[{"embeddable":true,"href":"https:\/\/scubapanama.com\/es\/wp-json\/wp\/v2\/media\/24707"}],"wp:attachment":[{"href":"https:\/\/scubapanama.com\/es\/wp-json\/wp\/v2\/media?parent=20956"}],"wp:term":[{"taxonomy":"product_brand","embeddable":true,"href":"https:\/\/scubapanama.com\/es\/wp-json\/wp\/v2\/product_brand?post=20956"},{"taxonomy":"product_cat","embeddable":true,"href":"https:\/\/scubapanama.com\/es\/wp-json\/wp\/v2\/product_cat?post=20956"},{"taxonomy":"product_tag","embeddable":true,"href":"https:\/\/scubapanama.com\/es\/wp-json\/wp\/v2\/product_tag?post=20956"}],"curies":[{"name":"wp","href":"https:\/\/api.w.org\/{rel}","templated":true}]}}