{"id":20955,"date":"2025-01-23T01:50:22","date_gmt":"2025-01-23T06:50:22","guid":{"rendered":"https:\/\/scubapanama.com\/product\/ist-fs-2-correa-de-aleta\/"},"modified":"2025-05-12T11:32:40","modified_gmt":"2025-05-12T16:32:40","slug":"ist-fs-2-correa-de-aleta","status":"publish","type":"product","link":"https:\/\/scubapanama.com\/es\/product\/ist-fs-2-correa-de-aleta\/","title":{"rendered":"IST CORREA DE ALETA (FS-2)"},"content":{"rendered":"<p><span>\u30fbUna correa de repuesto de goma para la aleta F1 Rubber Rocket de IST<\/span><\/p>\n<p><span>\u30fbFabricado en caucho resistente<\/span><\/p>\n<p><span>\u30fbTac\u00f3n ancho para un ajuste c\u00f3modo y ce\u00f1ido<\/span><\/p>\n<p><span>\u30fbLas crestas de trinquete elevadas mantienen las correas bloqueadas de forma segura<\/span><\/p>\n<p><span>\u30fbExcelente adici\u00f3n a su kit de buceo Save a Dive<\/span><\/p>\n","protected":false},"excerpt":{"rendered":"<p>Una correa de repuesto de goma para la aleta F1 Rubber Rocket de IST.<\/p>\n","protected":false},"featured_media":24691,"comment_status":"open","ping_status":"closed","template":"","meta":{"iawp_total_views":0,"_joinchat":[]},"product_brand":[],"product_cat":[111],"product_tag":[218],"class_list":{"0":"post-20955","1":"product","2":"type-product","3":"status-publish","4":"has-post-thumbnail","6":"product_cat-tienda-online","7":"product_tag-ist-es","9":"first","10":"instock","11":"taxable","12":"shipping-taxable","13":"purchasable","14":"product-type-simple"},"booking_location":null,"booking_location_type":null,"booking_duration":null,"booking_duration_unit":null,"booking_buffer":null,"booking_cost":null,"booking_resources":null,"_links":{"self":[{"href":"https:\/\/scubapanama.com\/es\/wp-json\/wp\/v2\/product\/20955","targetHints":{"allow":["GET"]}}],"collection":[{"href":"https:\/\/scubapanama.com\/es\/wp-json\/wp\/v2\/product"}],"about":[{"href":"https:\/\/scubapanama.com\/es\/wp-json\/wp\/v2\/types\/product"}],"replies":[{"embeddable":true,"href":"https:\/\/scubapanama.com\/es\/wp-json\/wp\/v2\/comments?post=20955"}],"version-history":[{"count":2,"href":"https:\/\/scubapanama.com\/es\/wp-json\/wp\/v2\/product\/20955\/revisions"}],"predecessor-version":[{"id":26388,"href":"https:\/\/scubapanama.com\/es\/wp-json\/wp\/v2\/product\/20955\/revisions\/26388"}],"wp:featuredmedia":[{"embeddable":true,"href":"https:\/\/scubapanama.com\/es\/wp-json\/wp\/v2\/media\/24691"}],"wp:attachment":[{"href":"https:\/\/scubapanama.com\/es\/wp-json\/wp\/v2\/media?parent=20955"}],"wp:term":[{"taxonomy":"product_brand","embeddable":true,"href":"https:\/\/scubapanama.com\/es\/wp-json\/wp\/v2\/product_brand?post=20955"},{"taxonomy":"product_cat","embeddable":true,"href":"https:\/\/scubapanama.com\/es\/wp-json\/wp\/v2\/product_cat?post=20955"},{"taxonomy":"product_tag","embeddable":true,"href":"https:\/\/scubapanama.com\/es\/wp-json\/wp\/v2\/product_tag?post=20955"}],"curies":[{"name":"wp","href":"https:\/\/api.w.org\/{rel}","templated":true}]}}