{"id":20952,"date":"2025-01-23T01:50:23","date_gmt":"2025-01-23T06:50:23","guid":{"rendered":"https:\/\/scubapanama.com\/product\/ist-g39-goggle-tint-lens-negro\/"},"modified":"2025-05-12T11:07:35","modified_gmt":"2025-05-12T16:07:35","slug":"ist-g39-goggle-tint-lens-negro","status":"publish","type":"product","link":"https:\/\/scubapanama.com\/es\/product\/ist-g39-goggle-tint-lens-negro\/","title":{"rendered":"IST G39 GOGGLE TINT LENS NEGRO"},"content":{"rendered":"<p>Gafas de nataci\u00f3n con lentes espejadas hidrodin\u00e1micas para adultos.<br \/>\nPolicarbonato de alto grado resistente a roturas, anti-UV, antiara\u00f1azos, lentes antivaho con superficie espejada para reflejar la luz brillante y reducir el deslumbramiento.<br \/>\nCopas oculares de silicona de inyecci\u00f3n l\u00edquida hipoalerg\u00e9nica, flexibles y suaves para mayor comodidad y resistencia al agua.<br \/>\nSistema de correa de silicona de inyecci\u00f3n l\u00edquida hipoalerg\u00e9nica con clips laterales de liberaci\u00f3n r\u00e1pida tipo bot\u00f3n que hacen que los ajustes sean r\u00e1pidos y f\u00e1ciles.<br \/>\nEstuche de almacenamiento y puentes nasales de repuesto incluidos.<\/p>\n","protected":false},"excerpt":{"rendered":"<p>Gafas de nataci\u00f3n con lentes espejadas hidrodin\u00e1micas para adultos.<\/p>\n","protected":false},"featured_media":24630,"comment_status":"open","ping_status":"closed","template":"","meta":{"iawp_total_views":2,"_joinchat":[]},"product_brand":[],"product_cat":[111],"product_tag":[218],"class_list":{"0":"post-20952","1":"product","2":"type-product","3":"status-publish","4":"has-post-thumbnail","6":"product_cat-tienda-online","7":"product_tag-ist-es","9":"first","10":"instock","11":"taxable","12":"shipping-taxable","13":"purchasable","14":"product-type-simple"},"booking_location":null,"booking_location_type":null,"booking_duration":null,"booking_duration_unit":null,"booking_buffer":null,"booking_cost":null,"booking_resources":null,"_links":{"self":[{"href":"https:\/\/scubapanama.com\/es\/wp-json\/wp\/v2\/product\/20952","targetHints":{"allow":["GET"]}}],"collection":[{"href":"https:\/\/scubapanama.com\/es\/wp-json\/wp\/v2\/product"}],"about":[{"href":"https:\/\/scubapanama.com\/es\/wp-json\/wp\/v2\/types\/product"}],"replies":[{"embeddable":true,"href":"https:\/\/scubapanama.com\/es\/wp-json\/wp\/v2\/comments?post=20952"}],"version-history":[{"count":3,"href":"https:\/\/scubapanama.com\/es\/wp-json\/wp\/v2\/product\/20952\/revisions"}],"predecessor-version":[{"id":26354,"href":"https:\/\/scubapanama.com\/es\/wp-json\/wp\/v2\/product\/20952\/revisions\/26354"}],"wp:featuredmedia":[{"embeddable":true,"href":"https:\/\/scubapanama.com\/es\/wp-json\/wp\/v2\/media\/24630"}],"wp:attachment":[{"href":"https:\/\/scubapanama.com\/es\/wp-json\/wp\/v2\/media?parent=20952"}],"wp:term":[{"taxonomy":"product_brand","embeddable":true,"href":"https:\/\/scubapanama.com\/es\/wp-json\/wp\/v2\/product_brand?post=20952"},{"taxonomy":"product_cat","embeddable":true,"href":"https:\/\/scubapanama.com\/es\/wp-json\/wp\/v2\/product_cat?post=20952"},{"taxonomy":"product_tag","embeddable":true,"href":"https:\/\/scubapanama.com\/es\/wp-json\/wp\/v2\/product_tag?post=20952"}],"curies":[{"name":"wp","href":"https:\/\/api.w.org\/{rel}","templated":true}]}}