{"id":20949,"date":"2025-01-23T01:50:22","date_gmt":"2025-01-23T06:50:22","guid":{"rendered":"https:\/\/scubapanama.com\/product\/ist-fs10s-correa-de-aleta-de-muelle-pequena\/"},"modified":"2025-05-12T11:30:33","modified_gmt":"2025-05-12T16:30:33","slug":"ist-fs10s-correa-de-aleta-de-muelle-pequena","status":"publish","type":"product","link":"https:\/\/scubapanama.com\/es\/product\/ist-fs10s-correa-de-aleta-de-muelle-pequena\/","title":{"rendered":"IST CORREA DE ALETA DE MUELLE PEQUE\u00d1A (FS10S)"},"content":{"rendered":"<p><span>\u30fbLas correas de resorte de acero inoxidable resistentes a la oxidaci\u00f3n son ideales para el buceo t\u00e9cnico y recreativo.<\/span><\/p>\n<p><span>\u30fbLa principal ventaja de estas correas es que cuando est\u00e1n colocadas, las aletas son m\u00e1s f\u00e1ciles de poner y quitar.<\/span><\/p>\n<p><span>\u30fbPARA IST FIN: FP-01, F-4, F-6, FK-22<\/span><\/p>\n","protected":false},"excerpt":{"rendered":"<p>Las correas de resorte de acero inoxidable resistentes a la oxidaci\u00f3n son ideales para el buceo t\u00e9cnico y recreativo.<\/p>\n","protected":false},"featured_media":24695,"comment_status":"open","ping_status":"closed","template":"","meta":{"iawp_total_views":3,"_joinchat":[]},"product_brand":[],"product_cat":[111],"product_tag":[218],"class_list":{"0":"post-20949","1":"product","2":"type-product","3":"status-publish","4":"has-post-thumbnail","6":"product_cat-tienda-online","7":"product_tag-ist-es","9":"first","10":"instock","11":"taxable","12":"shipping-taxable","13":"purchasable","14":"product-type-simple"},"booking_location":null,"booking_location_type":null,"booking_duration":null,"booking_duration_unit":null,"booking_buffer":null,"booking_cost":null,"booking_resources":null,"_links":{"self":[{"href":"https:\/\/scubapanama.com\/es\/wp-json\/wp\/v2\/product\/20949","targetHints":{"allow":["GET"]}}],"collection":[{"href":"https:\/\/scubapanama.com\/es\/wp-json\/wp\/v2\/product"}],"about":[{"href":"https:\/\/scubapanama.com\/es\/wp-json\/wp\/v2\/types\/product"}],"replies":[{"embeddable":true,"href":"https:\/\/scubapanama.com\/es\/wp-json\/wp\/v2\/comments?post=20949"}],"version-history":[{"count":2,"href":"https:\/\/scubapanama.com\/es\/wp-json\/wp\/v2\/product\/20949\/revisions"}],"predecessor-version":[{"id":26384,"href":"https:\/\/scubapanama.com\/es\/wp-json\/wp\/v2\/product\/20949\/revisions\/26384"}],"wp:featuredmedia":[{"embeddable":true,"href":"https:\/\/scubapanama.com\/es\/wp-json\/wp\/v2\/media\/24695"}],"wp:attachment":[{"href":"https:\/\/scubapanama.com\/es\/wp-json\/wp\/v2\/media?parent=20949"}],"wp:term":[{"taxonomy":"product_brand","embeddable":true,"href":"https:\/\/scubapanama.com\/es\/wp-json\/wp\/v2\/product_brand?post=20949"},{"taxonomy":"product_cat","embeddable":true,"href":"https:\/\/scubapanama.com\/es\/wp-json\/wp\/v2\/product_cat?post=20949"},{"taxonomy":"product_tag","embeddable":true,"href":"https:\/\/scubapanama.com\/es\/wp-json\/wp\/v2\/product_tag?post=20949"}],"curies":[{"name":"wp","href":"https:\/\/api.w.org\/{rel}","templated":true}]}}