{"id":20942,"date":"2025-01-23T01:50:23","date_gmt":"2025-01-23T06:50:23","guid":{"rendered":"https:\/\/scubapanama.com\/product\/ist-h-6-ist-percha-multiusos\/"},"modified":"2025-06-03T14:47:12","modified_gmt":"2025-06-03T19:47:12","slug":"ist-h-6-ist-percha-multiusos","status":"publish","type":"product","link":"https:\/\/scubapanama.com\/es\/product\/ist-h-6-ist-percha-multiusos\/","title":{"rendered":"IST PERCHA MULTIUSOS (H-6)"},"content":{"rendered":"<p><span>Se incluye una etiqueta para identificar al propietario.<\/span><br \/>\n<span>Las botas y los guantes se enganchan en los ganchos de la parte inferior de la percha, lo que facilita un secado m\u00e1s r\u00e1pido.<\/span><br \/>\n<span>Coloque el regulador en el centro del gancho inferior. El octopus y los man\u00f3metros se enganchan en los ganchos peque\u00f1os de ambos lados inferiores de la percha para evitar el desgaste de las mangueras.<\/span><br \/>\n<span>El chaleco se cuelga con correas de hombro insertadas en la separaci\u00f3n entre las hombreras y la costilla principal. Mantiene el chaleco ajustado y seguro.<\/span><br \/>\n<span>Un traje h\u00famedo o seco se puede enganchar en la hombrera como en una percha normal. La placa ancha permite un secado m\u00e1s r\u00e1pido.<\/span><\/p>\n","protected":false},"excerpt":{"rendered":"<p><span>Se incluye una etiqueta para identificar al propietario.<\/span><\/p>\n","protected":false},"featured_media":24667,"comment_status":"open","ping_status":"closed","template":"","meta":{"iawp_total_views":3,"_joinchat":[]},"product_brand":[],"product_cat":[111],"product_tag":[218],"class_list":{"0":"post-20942","1":"product","2":"type-product","3":"status-publish","4":"has-post-thumbnail","6":"product_cat-tienda-online","7":"product_tag-ist-es","9":"first","10":"instock","11":"taxable","12":"shipping-taxable","13":"purchasable","14":"product-type-simple"},"booking_location":null,"booking_location_type":null,"booking_duration":null,"booking_duration_unit":null,"booking_buffer":null,"booking_cost":null,"booking_resources":null,"_links":{"self":[{"href":"https:\/\/scubapanama.com\/es\/wp-json\/wp\/v2\/product\/20942","targetHints":{"allow":["GET"]}}],"collection":[{"href":"https:\/\/scubapanama.com\/es\/wp-json\/wp\/v2\/product"}],"about":[{"href":"https:\/\/scubapanama.com\/es\/wp-json\/wp\/v2\/types\/product"}],"replies":[{"embeddable":true,"href":"https:\/\/scubapanama.com\/es\/wp-json\/wp\/v2\/comments?post=20942"}],"version-history":[{"count":1,"href":"https:\/\/scubapanama.com\/es\/wp-json\/wp\/v2\/product\/20942\/revisions"}],"predecessor-version":[{"id":26347,"href":"https:\/\/scubapanama.com\/es\/wp-json\/wp\/v2\/product\/20942\/revisions\/26347"}],"wp:featuredmedia":[{"embeddable":true,"href":"https:\/\/scubapanama.com\/es\/wp-json\/wp\/v2\/media\/24667"}],"wp:attachment":[{"href":"https:\/\/scubapanama.com\/es\/wp-json\/wp\/v2\/media?parent=20942"}],"wp:term":[{"taxonomy":"product_brand","embeddable":true,"href":"https:\/\/scubapanama.com\/es\/wp-json\/wp\/v2\/product_brand?post=20942"},{"taxonomy":"product_cat","embeddable":true,"href":"https:\/\/scubapanama.com\/es\/wp-json\/wp\/v2\/product_cat?post=20942"},{"taxonomy":"product_tag","embeddable":true,"href":"https:\/\/scubapanama.com\/es\/wp-json\/wp\/v2\/product_tag?post=20942"}],"curies":[{"name":"wp","href":"https:\/\/api.w.org\/{rel}","templated":true}]}}