{"id":20934,"date":"2025-01-23T01:50:24","date_gmt":"2025-01-23T06:50:24","guid":{"rendered":"https:\/\/scubapanama.com\/product\/ist-jl-1-ist-jon-line-ayuda-descomp-parada\/"},"modified":"2025-06-03T01:53:28","modified_gmt":"2025-06-03T06:53:28","slug":"ist-jl-1-ist-jon-line-ayuda-descomp-parada","status":"publish","type":"product","link":"https:\/\/scubapanama.com\/es\/product\/ist-jl-1-ist-jon-line-ayuda-descomp-parada\/","title":{"rendered":"IST JON LINE (AYUDA DESCOMP. PARADA) (JL-1 IST)"},"content":{"rendered":"<div id=\"productDescription_feature_div\" class=\"celwidget\" data-feature-name=\"productDescription\" data-csa-c-type=\"widget\" data-csa-c-content-id=\"productDescription\" data-csa-c-slot-id=\"productDescription_feature_div\" data-csa-c-asin=\"\" data-csa-c-is-in-initial-active-row=\"false\" data-csa-c-id=\"ipqshi-tgsuj7-nrt2ij-fq6bke\" data-cel-widget=\"productDescription_feature_div\">\n<div>\n<div id=\"productDescription_feature_div\" class=\"a-row feature\" data-feature-name=\"productDescription\" data-template-name=\"productDescription\" data-cel-widget=\"productDescription_feature_div\">\n<div id=\"productDescription\" class=\"a-section a-spacing-small\">\n<p>Quiz\u00e1s piense que las l\u00edneas Jon son equipo exclusivo para buceadores t\u00e9cnicos durante paradas de descompresi\u00f3n prolongadas, pero los buceadores recreativos han descubierto lo \u00fatil que puede ser este equipo para evitar la fatiga durante sus paradas de seguridad. Con sus numerosas caracter\u00edsticas pr\u00e1cticas y convenientes, la l\u00ednea Jon IST JL-1, con 2 metros de cuerda de nailon de 2,5 cm de ancho y bolsa de almacenamiento, es un gran avance respecto a una l\u00ednea Jon casera o un simple sistema de amarre con cord\u00f3n.<\/p>\n<\/div>\n<\/div>\n<\/div>\n<\/div>\n<div id=\"productDetails_feature_div\" class=\"celwidget\" data-feature-name=\"productDetails\" data-csa-c-type=\"widget\" data-csa-c-content-id=\"productDetails\" data-csa-c-slot-id=\"productDetails_feature_div\" data-csa-c-asin=\"\" data-csa-c-is-in-initial-active-row=\"false\" data-csa-c-id=\"3iudcr-33ql9l-3ygycs-l6eusv\" data-cel-widget=\"productDetails_feature_div\"><\/div>\n","protected":false},"excerpt":{"rendered":"<p>Quiz\u00e1s piense que las l\u00edneas Jon son equipo exclusivo para buceadores t\u00e9cnicos durante paradas de descompresi\u00f3n prolongadas, pero los buceadores recreativos han descubierto lo \u00fatil que puede ser este equipo para evitar la fatiga durante sus paradas de seguridad.<\/p>\n","protected":false},"featured_media":24607,"comment_status":"open","ping_status":"closed","template":"","meta":{"iawp_total_views":3,"_joinchat":[]},"product_brand":[],"product_cat":[111],"product_tag":[218],"class_list":{"0":"post-20934","1":"product","2":"type-product","3":"status-publish","4":"has-post-thumbnail","6":"product_cat-tienda-online","7":"product_tag-ist-es","9":"first","10":"instock","11":"taxable","12":"shipping-taxable","13":"purchasable","14":"product-type-simple"},"booking_location":null,"booking_location_type":null,"booking_duration":null,"booking_duration_unit":null,"booking_buffer":null,"booking_cost":null,"booking_resources":null,"_links":{"self":[{"href":"https:\/\/scubapanama.com\/es\/wp-json\/wp\/v2\/product\/20934","targetHints":{"allow":["GET"]}}],"collection":[{"href":"https:\/\/scubapanama.com\/es\/wp-json\/wp\/v2\/product"}],"about":[{"href":"https:\/\/scubapanama.com\/es\/wp-json\/wp\/v2\/types\/product"}],"replies":[{"embeddable":true,"href":"https:\/\/scubapanama.com\/es\/wp-json\/wp\/v2\/comments?post=20934"}],"version-history":[{"count":3,"href":"https:\/\/scubapanama.com\/es\/wp-json\/wp\/v2\/product\/20934\/revisions"}],"predecessor-version":[{"id":26329,"href":"https:\/\/scubapanama.com\/es\/wp-json\/wp\/v2\/product\/20934\/revisions\/26329"}],"wp:featuredmedia":[{"embeddable":true,"href":"https:\/\/scubapanama.com\/es\/wp-json\/wp\/v2\/media\/24607"}],"wp:attachment":[{"href":"https:\/\/scubapanama.com\/es\/wp-json\/wp\/v2\/media?parent=20934"}],"wp:term":[{"taxonomy":"product_brand","embeddable":true,"href":"https:\/\/scubapanama.com\/es\/wp-json\/wp\/v2\/product_brand?post=20934"},{"taxonomy":"product_cat","embeddable":true,"href":"https:\/\/scubapanama.com\/es\/wp-json\/wp\/v2\/product_cat?post=20934"},{"taxonomy":"product_tag","embeddable":true,"href":"https:\/\/scubapanama.com\/es\/wp-json\/wp\/v2\/product_tag?post=20934"}],"curies":[{"name":"wp","href":"https:\/\/api.w.org\/{rel}","templated":true}]}}