{"id":20932,"date":"2025-01-23T01:50:24","date_gmt":"2025-01-23T06:50:24","guid":{"rendered":"https:\/\/scubapanama.com\/product\/ist-jl-2-ist-gancho-de-deriva-buceo-a-la-deriva\/"},"modified":"2025-05-12T10:24:37","modified_gmt":"2025-05-12T15:24:37","slug":"ist-jl-2-ist-gancho-de-deriva-buceo-a-la-deriva","status":"publish","type":"product","link":"https:\/\/scubapanama.com\/es\/product\/ist-jl-2-ist-gancho-de-deriva-buceo-a-la-deriva\/","title":{"rendered":"IST GANCHO DE DERIVA (BUCEO A LA DERIVA) (JL-2)"},"content":{"rendered":"<p>La bolsa de 10,16 cm x 12,7 cm (4 x 5 pulgadas) con cierre de velcro se fija a un clip de chaleco compensador con la anilla en D incluida, a un cintur\u00f3n o a cualquier otra cinta de hasta 5,1 cm (2 pulgadas) de ancho gracias a su presilla de nailon integrada. Un resistente cord\u00f3n de nailon de 2,54 cm (1 pulgada) de ancho est\u00e1 cosido a la bolsa en un extremo para una sujeci\u00f3n segura y ofrece una longitud total de 2,13 m (7 pies). El gancho de acero inoxidable 304 de 5 mm, robusto, redondeado y resistente a la corrosi\u00f3n, en el extremo opuesto tiene una longitud total de 17,78 cm (7 pulgadas) y un di\u00e1metro de 5,08 cm (2 pulgadas) en su punto m\u00e1s ancho, lo que facilita su enganche en la l\u00ednea gu\u00eda de deriva.<\/p>\n","protected":false},"excerpt":{"rendered":"<p>La bolsa de 10,16 cm x 12,7 cm (4 x 5 pulgadas) con cierre de velcro se fija a un clip de chaleco compensador con la anilla en D incluida, a un cintur\u00f3n o a cualquier otra cinta de hasta 5,1 cm (2 pulgadas) de ancho gracias a su presilla de nailon integrada.<\/p>\n","protected":false},"featured_media":24611,"comment_status":"open","ping_status":"closed","template":"","meta":{"iawp_total_views":5,"_joinchat":[]},"product_brand":[],"product_cat":[111],"product_tag":[218],"class_list":{"0":"post-20932","1":"product","2":"type-product","3":"status-publish","4":"has-post-thumbnail","6":"product_cat-tienda-online","7":"product_tag-ist-es","9":"first","10":"instock","11":"taxable","12":"shipping-taxable","13":"purchasable","14":"product-type-simple"},"booking_location":null,"booking_location_type":null,"booking_duration":null,"booking_duration_unit":null,"booking_buffer":null,"booking_cost":null,"booking_resources":null,"_links":{"self":[{"href":"https:\/\/scubapanama.com\/es\/wp-json\/wp\/v2\/product\/20932","targetHints":{"allow":["GET"]}}],"collection":[{"href":"https:\/\/scubapanama.com\/es\/wp-json\/wp\/v2\/product"}],"about":[{"href":"https:\/\/scubapanama.com\/es\/wp-json\/wp\/v2\/types\/product"}],"replies":[{"embeddable":true,"href":"https:\/\/scubapanama.com\/es\/wp-json\/wp\/v2\/comments?post=20932"}],"version-history":[{"count":2,"href":"https:\/\/scubapanama.com\/es\/wp-json\/wp\/v2\/product\/20932\/revisions"}],"predecessor-version":[{"id":26323,"href":"https:\/\/scubapanama.com\/es\/wp-json\/wp\/v2\/product\/20932\/revisions\/26323"}],"wp:featuredmedia":[{"embeddable":true,"href":"https:\/\/scubapanama.com\/es\/wp-json\/wp\/v2\/media\/24611"}],"wp:attachment":[{"href":"https:\/\/scubapanama.com\/es\/wp-json\/wp\/v2\/media?parent=20932"}],"wp:term":[{"taxonomy":"product_brand","embeddable":true,"href":"https:\/\/scubapanama.com\/es\/wp-json\/wp\/v2\/product_brand?post=20932"},{"taxonomy":"product_cat","embeddable":true,"href":"https:\/\/scubapanama.com\/es\/wp-json\/wp\/v2\/product_cat?post=20932"},{"taxonomy":"product_tag","embeddable":true,"href":"https:\/\/scubapanama.com\/es\/wp-json\/wp\/v2\/product_tag?post=20932"}],"curies":[{"name":"wp","href":"https:\/\/api.w.org\/{rel}","templated":true}]}}