{"id":20924,"date":"2025-01-23T01:50:25","date_gmt":"2025-01-23T06:50:25","guid":{"rendered":"https:\/\/scubapanama.com\/product\/ist-k05-cuchillo-de-titanio\/"},"modified":"2025-05-12T10:13:10","modified_gmt":"2025-05-12T15:13:10","slug":"ist-k05-cuchillo-de-titanio","status":"publish","type":"product","link":"https:\/\/scubapanama.com\/es\/product\/ist-k05-cuchillo-de-titanio\/","title":{"rendered":"IST CUCHILLO DE TITANIO (K05)"},"content":{"rendered":"<p><span>\u2022 Cuchillo de buceo de titanio para una m\u00e1xima resistencia a la corrosi\u00f3n con el peso m\u00e1s ligero<\/span><br \/>\n<span>\u2022 Dise\u00f1o de espiga \u00fanica de 4 mm de grosor para mayor resistencia y durabilidad<\/span><br \/>\n<span>\u2022 Incluye borde liso, borde dentado y muesca de corte<\/span><br \/>\n<span>\u2022 Mango contorneado para un agarre fuerte, el protector del pulgar agrega seguridad y apalancamiento<\/span><br \/>\n<span>\u2022 Estuche con pesta\u00f1a de liberaci\u00f3n r\u00e1pida para operaci\u00f3n con una sola mano y correas de goma para cuchillos incluidas<\/span><\/p>\n","protected":false},"excerpt":{"rendered":"<p><span>Cuchillo de buceo de titanio para una m\u00e1xima resistencia a la corrosi\u00f3n con el peso m\u00e1s ligero.<\/span><\/p>\n","protected":false},"featured_media":24522,"comment_status":"open","ping_status":"closed","template":"","meta":{"iawp_total_views":6,"_joinchat":[]},"product_brand":[],"product_cat":[111],"product_tag":[218],"class_list":{"0":"post-20924","1":"product","2":"type-product","3":"status-publish","4":"has-post-thumbnail","6":"product_cat-tienda-online","7":"product_tag-ist-es","9":"first","10":"outofstock","11":"taxable","12":"shipping-taxable","13":"purchasable","14":"product-type-simple"},"booking_location":null,"booking_location_type":null,"booking_duration":null,"booking_duration_unit":null,"booking_buffer":null,"booking_cost":null,"booking_resources":null,"_links":{"self":[{"href":"https:\/\/scubapanama.com\/es\/wp-json\/wp\/v2\/product\/20924","targetHints":{"allow":["GET"]}}],"collection":[{"href":"https:\/\/scubapanama.com\/es\/wp-json\/wp\/v2\/product"}],"about":[{"href":"https:\/\/scubapanama.com\/es\/wp-json\/wp\/v2\/types\/product"}],"replies":[{"embeddable":true,"href":"https:\/\/scubapanama.com\/es\/wp-json\/wp\/v2\/comments?post=20924"}],"version-history":[{"count":1,"href":"https:\/\/scubapanama.com\/es\/wp-json\/wp\/v2\/product\/20924\/revisions"}],"predecessor-version":[{"id":26312,"href":"https:\/\/scubapanama.com\/es\/wp-json\/wp\/v2\/product\/20924\/revisions\/26312"}],"wp:featuredmedia":[{"embeddable":true,"href":"https:\/\/scubapanama.com\/es\/wp-json\/wp\/v2\/media\/24522"}],"wp:attachment":[{"href":"https:\/\/scubapanama.com\/es\/wp-json\/wp\/v2\/media?parent=20924"}],"wp:term":[{"taxonomy":"product_brand","embeddable":true,"href":"https:\/\/scubapanama.com\/es\/wp-json\/wp\/v2\/product_brand?post=20924"},{"taxonomy":"product_cat","embeddable":true,"href":"https:\/\/scubapanama.com\/es\/wp-json\/wp\/v2\/product_cat?post=20924"},{"taxonomy":"product_tag","embeddable":true,"href":"https:\/\/scubapanama.com\/es\/wp-json\/wp\/v2\/product_tag?post=20924"}],"curies":[{"name":"wp","href":"https:\/\/api.w.org\/{rel}","templated":true}]}}