{"id":20921,"date":"2025-01-23T01:50:25","date_gmt":"2025-01-23T06:50:25","guid":{"rendered":"https:\/\/scubapanama.com\/product\/ist-k22-cortadora-de-lineas-de-ceramica\/"},"modified":"2025-05-12T10:08:24","modified_gmt":"2025-05-12T15:08:24","slug":"ist-k22-cortadora-de-lineas-de-ceramica","status":"publish","type":"product","link":"https:\/\/scubapanama.com\/es\/product\/ist-k22-cortadora-de-lineas-de-ceramica\/","title":{"rendered":"IST CORTADORA DE L\u00cdNEAS DE CER\u00c1MICA (K22)"},"content":{"rendered":"<ul>\n<li><span>Dise\u00f1o liviano y compacto para una f\u00e1cil configuraci\u00f3n de montaje.<\/span><\/li>\n<li><span>Las cuchillas de cer\u00e1mica ultra afiladas permiten cortar con menos esfuerzo y de forma suave.<\/span><\/li>\n<li><span>El cuerpo de policarbonato resistente a altos impactos proporciona una excelente protecci\u00f3n a las hojas de cer\u00e1mica para un uso prolongado.<\/span><\/li>\n<li><span>Dise\u00f1o de hojas de cer\u00e1mica de dos caras para acciones de corte r\u00e1pidas y f\u00e1ciles.<\/span><\/li>\n<li><span>Incluye funda de nailon de alta calidad con opciones de montaje vertical y horizontal para arn\u00e9s, BCD o cintur\u00f3n de pesas de hasta 50 mm (2,0\u201d) de cinta.<\/span><\/li>\n<li><span>La correa de mano cosida con velcro en el mango del cortador proporciona acciones de bloqueo y liberaci\u00f3n r\u00e1pidas y f\u00e1ciles bajo el agua para cortes de emergencia.<\/span><\/li>\n<li><span>La coloraci\u00f3n muy visible en ambos lados garantiza que el cortador sea f\u00e1cil de encontrar y usar en condiciones de baja visibilidad.<\/span><\/li>\n<\/ul>\n","protected":false},"excerpt":{"rendered":"<p>El cortador de l\u00ednea es ligero y compacto, lo que facilita su instalaci\u00f3n. Sus cuchillas de cer\u00e1mica ultraafiladas permiten un corte suave y sin esfuerzo. Es perfecto para emergencias.<\/p>\n","protected":false},"featured_media":24542,"comment_status":"open","ping_status":"closed","template":"","meta":{"iawp_total_views":4,"_joinchat":[]},"product_brand":[],"product_cat":[111],"product_tag":[218],"class_list":{"0":"post-20921","1":"product","2":"type-product","3":"status-publish","4":"has-post-thumbnail","6":"product_cat-tienda-online","7":"product_tag-ist-es","9":"first","10":"instock","11":"taxable","12":"shipping-taxable","13":"purchasable","14":"product-type-simple"},"booking_location":null,"booking_location_type":null,"booking_duration":null,"booking_duration_unit":null,"booking_buffer":null,"booking_cost":null,"booking_resources":null,"_links":{"self":[{"href":"https:\/\/scubapanama.com\/es\/wp-json\/wp\/v2\/product\/20921","targetHints":{"allow":["GET"]}}],"collection":[{"href":"https:\/\/scubapanama.com\/es\/wp-json\/wp\/v2\/product"}],"about":[{"href":"https:\/\/scubapanama.com\/es\/wp-json\/wp\/v2\/types\/product"}],"replies":[{"embeddable":true,"href":"https:\/\/scubapanama.com\/es\/wp-json\/wp\/v2\/comments?post=20921"}],"version-history":[{"count":2,"href":"https:\/\/scubapanama.com\/es\/wp-json\/wp\/v2\/product\/20921\/revisions"}],"predecessor-version":[{"id":26307,"href":"https:\/\/scubapanama.com\/es\/wp-json\/wp\/v2\/product\/20921\/revisions\/26307"}],"wp:featuredmedia":[{"embeddable":true,"href":"https:\/\/scubapanama.com\/es\/wp-json\/wp\/v2\/media\/24542"}],"wp:attachment":[{"href":"https:\/\/scubapanama.com\/es\/wp-json\/wp\/v2\/media?parent=20921"}],"wp:term":[{"taxonomy":"product_brand","embeddable":true,"href":"https:\/\/scubapanama.com\/es\/wp-json\/wp\/v2\/product_brand?post=20921"},{"taxonomy":"product_cat","embeddable":true,"href":"https:\/\/scubapanama.com\/es\/wp-json\/wp\/v2\/product_cat?post=20921"},{"taxonomy":"product_tag","embeddable":true,"href":"https:\/\/scubapanama.com\/es\/wp-json\/wp\/v2\/product_tag?post=20921"}],"curies":[{"name":"wp","href":"https:\/\/api.w.org\/{rel}","templated":true}]}}