{"id":20917,"date":"2025-01-23T01:50:25","date_gmt":"2025-01-23T06:50:25","guid":{"rendered":"https:\/\/scubapanama.com\/product\/ist-k10-bk-cuchillo-105cm-hoja-420s-s-negro\/"},"modified":"2025-05-12T10:04:54","modified_gmt":"2025-05-12T15:04:54","slug":"ist-k10-bk-cuchillo-105cm-hoja-420s-s-negro","status":"publish","type":"product","link":"https:\/\/scubapanama.com\/es\/product\/ist-k10-bk-cuchillo-105cm-hoja-420s-s-negro\/","title":{"rendered":"IST CUCHILLO 10,5CM HOJA 420S.S. NEGRO (K10-BK)"},"content":{"rendered":"<p><span>\u2022 Cuchillo de buceo con punta puntiaguda, hoja de doble filo construida con acero inoxidable duro de grado 420<\/span><br \/>\n<span>\u2022 Incluye borde liso, borde dentado y muesca de corte<\/span><br \/>\n<span>\u2022 Punta afilada y curva para entrar y pasar por debajo de enredos dif\u00edciles<\/span><br \/>\n<span>\u2022 Mango contorneado con protecci\u00f3n para el pulgar<\/span><br \/>\n<span>\u2022 Estuche con pesta\u00f1a de liberaci\u00f3n r\u00e1pida para operaci\u00f3n con una sola mano y correas de goma para cuchillos incluidas<\/span><\/p>\n","protected":false},"excerpt":{"rendered":"<p><span>Cuchillo de buceo con punta puntiaguda, hoja de doble filo construida con acero inoxidable duro de grado 420.<\/span><\/p>\n","protected":false},"featured_media":24533,"comment_status":"open","ping_status":"closed","template":"","meta":{"iawp_total_views":55,"_joinchat":[]},"product_brand":[],"product_cat":[111],"product_tag":[218],"class_list":{"0":"post-20917","1":"product","2":"type-product","3":"status-publish","4":"has-post-thumbnail","6":"product_cat-tienda-online","7":"product_tag-ist-es","9":"first","10":"instock","11":"taxable","12":"shipping-taxable","13":"purchasable","14":"product-type-simple"},"booking_location":null,"booking_location_type":null,"booking_duration":null,"booking_duration_unit":null,"booking_buffer":null,"booking_cost":null,"booking_resources":null,"_links":{"self":[{"href":"https:\/\/scubapanama.com\/es\/wp-json\/wp\/v2\/product\/20917","targetHints":{"allow":["GET"]}}],"collection":[{"href":"https:\/\/scubapanama.com\/es\/wp-json\/wp\/v2\/product"}],"about":[{"href":"https:\/\/scubapanama.com\/es\/wp-json\/wp\/v2\/types\/product"}],"replies":[{"embeddable":true,"href":"https:\/\/scubapanama.com\/es\/wp-json\/wp\/v2\/comments?post=20917"}],"version-history":[{"count":2,"href":"https:\/\/scubapanama.com\/es\/wp-json\/wp\/v2\/product\/20917\/revisions"}],"predecessor-version":[{"id":26303,"href":"https:\/\/scubapanama.com\/es\/wp-json\/wp\/v2\/product\/20917\/revisions\/26303"}],"wp:featuredmedia":[{"embeddable":true,"href":"https:\/\/scubapanama.com\/es\/wp-json\/wp\/v2\/media\/24533"}],"wp:attachment":[{"href":"https:\/\/scubapanama.com\/es\/wp-json\/wp\/v2\/media?parent=20917"}],"wp:term":[{"taxonomy":"product_brand","embeddable":true,"href":"https:\/\/scubapanama.com\/es\/wp-json\/wp\/v2\/product_brand?post=20917"},{"taxonomy":"product_cat","embeddable":true,"href":"https:\/\/scubapanama.com\/es\/wp-json\/wp\/v2\/product_cat?post=20917"},{"taxonomy":"product_tag","embeddable":true,"href":"https:\/\/scubapanama.com\/es\/wp-json\/wp\/v2\/product_tag?post=20917"}],"curies":[{"name":"wp","href":"https:\/\/api.w.org\/{rel}","templated":true}]}}