{"id":20907,"date":"2025-01-23T01:50:26","date_gmt":"2025-01-23T06:50:26","guid":{"rendered":"https:\/\/scubapanama.com\/product\/ist-lycra-manga-larga-f-rosa-x-pequena\/"},"modified":"2025-05-12T09:43:31","modified_gmt":"2025-05-12T14:43:31","slug":"ist-lycra-manga-larga-f-rosa-x-pequena","status":"publish","type":"product","link":"https:\/\/scubapanama.com\/es\/product\/ist-lycra-manga-larga-f-rosa-x-pequena\/","title":{"rendered":"IST LYCRA MANGA LARGA F. ROSA X-PEQUE\u00d1A (DS56)"},"content":{"rendered":"<div class=\"mb3\">\n<div class=\"dangerous-html mb3\">\n<p>La IST DS-56 Spandex Rash Guard de manga larga para mujer est\u00e1 cuidadosamente construida para proporcionar el m\u00e1ximo estiramiento y comodidad. Las mangas insertadas aseguran un rango completo de movimiento para los brazos sin atar. Los paneles laterales contorneados est\u00e1n dise\u00f1ados para adaptarse al cuerpo de una mujer. Las costuras planas previenen las rozaduras.<\/p>\n<p>Ideal para su uso solo en condiciones de agua tropical a caliente para la protecci\u00f3n contra el sol, las medusas o el coral de fuego, o para su uso como una capa inferior en condiciones de agua fr\u00eda a fr\u00eda. Tambi\u00e9n hace una gran capa inferior para aquellos cuya piel es sensible al neopreno.<\/p>\n<\/div>\n<\/div>\n<div class=\"mb3\">\n<div class=\"dangerous-html mb3\">\n<ul>\n<li>Spandex camisa de buceo de manga larga \/ guardia erupci\u00f3n con cuello alto simulado<\/li>\n<li>Especialmente dise\u00f1ado para un mejor ajuste en las mujeres<\/li>\n<li>Spandex ligero y el\u00e1stico para un ajuste grande y c\u00f3modo; las costuras planas previenen las rozaduras<\/li>\n<li>Ofrece protecci\u00f3n contra los rayos UV del sol, medusas y picaduras de coral de fuego<\/li>\n<li>Perfecto para su uso como una piel de buceo \/ camisa de guardia erupci\u00f3n en agua tibia a templada, puede ser en capas debajo de un traje de neopreno para inmersiones en agua fr\u00eda o por aquellos que son sensibles al neopreno<\/li>\n<\/ul>\n<\/div>\n<\/div>\n","protected":false},"excerpt":{"rendered":"<p>La IST DS-56 Spandex Rash Guard de manga larga para mujer est\u00e1 cuidadosamente construida para proporcionar el m\u00e1ximo estiramiento y comodidad.<\/p>\n","protected":false},"featured_media":24786,"comment_status":"open","ping_status":"closed","template":"","meta":{"iawp_total_views":13,"_joinchat":[]},"product_brand":[],"product_cat":[111],"product_tag":[218],"class_list":{"0":"post-20907","1":"product","2":"type-product","3":"status-publish","4":"has-post-thumbnail","6":"product_cat-tienda-online","7":"product_tag-ist-es","9":"first","10":"instock","11":"taxable","12":"shipping-taxable","13":"purchasable","14":"product-type-simple"},"booking_location":null,"booking_location_type":null,"booking_duration":null,"booking_duration_unit":null,"booking_buffer":null,"booking_cost":null,"booking_resources":null,"_links":{"self":[{"href":"https:\/\/scubapanama.com\/es\/wp-json\/wp\/v2\/product\/20907","targetHints":{"allow":["GET"]}}],"collection":[{"href":"https:\/\/scubapanama.com\/es\/wp-json\/wp\/v2\/product"}],"about":[{"href":"https:\/\/scubapanama.com\/es\/wp-json\/wp\/v2\/types\/product"}],"replies":[{"embeddable":true,"href":"https:\/\/scubapanama.com\/es\/wp-json\/wp\/v2\/comments?post=20907"}],"version-history":[{"count":2,"href":"https:\/\/scubapanama.com\/es\/wp-json\/wp\/v2\/product\/20907\/revisions"}],"predecessor-version":[{"id":26288,"href":"https:\/\/scubapanama.com\/es\/wp-json\/wp\/v2\/product\/20907\/revisions\/26288"}],"wp:featuredmedia":[{"embeddable":true,"href":"https:\/\/scubapanama.com\/es\/wp-json\/wp\/v2\/media\/24786"}],"wp:attachment":[{"href":"https:\/\/scubapanama.com\/es\/wp-json\/wp\/v2\/media?parent=20907"}],"wp:term":[{"taxonomy":"product_brand","embeddable":true,"href":"https:\/\/scubapanama.com\/es\/wp-json\/wp\/v2\/product_brand?post=20907"},{"taxonomy":"product_cat","embeddable":true,"href":"https:\/\/scubapanama.com\/es\/wp-json\/wp\/v2\/product_cat?post=20907"},{"taxonomy":"product_tag","embeddable":true,"href":"https:\/\/scubapanama.com\/es\/wp-json\/wp\/v2\/product_tag?post=20907"}],"curies":[{"name":"wp","href":"https:\/\/api.w.org\/{rel}","templated":true}]}}