{"id":20898,"date":"2025-01-23T01:50:26","date_gmt":"2025-01-23T06:50:26","guid":{"rendered":"https:\/\/scubapanama.com\/product\/ist-m14bsm-vega-mascara-de-lente-tintada-bs\/"},"modified":"2025-05-12T09:35:21","modified_gmt":"2025-05-12T14:35:21","slug":"ist-m14bsm-vega-mascara-de-lente-tintada-bs","status":"publish","type":"product","link":"https:\/\/scubapanama.com\/es\/product\/ist-m14bsm-vega-mascara-de-lente-tintada-bs\/","title":{"rendered":"IST VEGA M\u00c1SCARA DE LENTE TINTADA BS (M14BSM)"},"content":{"rendered":"<p>Esta m\u00e1scara de pesca submarina, dise\u00f1ada espec\u00edficamente para este fin, es compacta y c\u00f3moda de usar. Las lentes tintadas ofrecen al pescador una ventaja adicional para acercarse sigilosamente a una presa sin asustarla con el contacto visual directo. El tinte tambi\u00e9n act\u00faa como unas gafas de sol, reduciendo el deslumbramiento al nadar en la superficie o cerca de ella.<\/p>\n","protected":false},"excerpt":{"rendered":"<p>Esta m\u00e1scara de pesca submarina, dise\u00f1ada espec\u00edficamente para este fin, es compacta y c\u00f3moda de usar.<\/p>\n","protected":false},"featured_media":24518,"comment_status":"open","ping_status":"closed","template":"","meta":{"iawp_total_views":3,"_joinchat":[]},"product_brand":[],"product_cat":[111],"product_tag":[218],"class_list":{"0":"post-20898","1":"product","2":"type-product","3":"status-publish","4":"has-post-thumbnail","6":"product_cat-tienda-online","7":"product_tag-ist-es","9":"first","10":"instock","11":"taxable","12":"shipping-taxable","13":"purchasable","14":"product-type-simple"},"booking_location":null,"booking_location_type":null,"booking_duration":null,"booking_duration_unit":null,"booking_buffer":null,"booking_cost":null,"booking_resources":null,"_links":{"self":[{"href":"https:\/\/scubapanama.com\/es\/wp-json\/wp\/v2\/product\/20898","targetHints":{"allow":["GET"]}}],"collection":[{"href":"https:\/\/scubapanama.com\/es\/wp-json\/wp\/v2\/product"}],"about":[{"href":"https:\/\/scubapanama.com\/es\/wp-json\/wp\/v2\/types\/product"}],"replies":[{"embeddable":true,"href":"https:\/\/scubapanama.com\/es\/wp-json\/wp\/v2\/comments?post=20898"}],"version-history":[{"count":2,"href":"https:\/\/scubapanama.com\/es\/wp-json\/wp\/v2\/product\/20898\/revisions"}],"predecessor-version":[{"id":26277,"href":"https:\/\/scubapanama.com\/es\/wp-json\/wp\/v2\/product\/20898\/revisions\/26277"}],"wp:featuredmedia":[{"embeddable":true,"href":"https:\/\/scubapanama.com\/es\/wp-json\/wp\/v2\/media\/24518"}],"wp:attachment":[{"href":"https:\/\/scubapanama.com\/es\/wp-json\/wp\/v2\/media?parent=20898"}],"wp:term":[{"taxonomy":"product_brand","embeddable":true,"href":"https:\/\/scubapanama.com\/es\/wp-json\/wp\/v2\/product_brand?post=20898"},{"taxonomy":"product_cat","embeddable":true,"href":"https:\/\/scubapanama.com\/es\/wp-json\/wp\/v2\/product_cat?post=20898"},{"taxonomy":"product_tag","embeddable":true,"href":"https:\/\/scubapanama.com\/es\/wp-json\/wp\/v2\/product_tag?post=20898"}],"curies":[{"name":"wp","href":"https:\/\/api.w.org\/{rel}","templated":true}]}}