{"id":20897,"date":"2025-01-23T01:50:27","date_gmt":"2025-01-23T06:50:27","guid":{"rendered":"https:\/\/scubapanama.com\/product\/ist-m30bs-bk-mascara-de-silicona-drago\/"},"modified":"2025-05-12T09:04:09","modified_gmt":"2025-05-12T14:04:09","slug":"ist-m30bs-bk-mascara-de-silicona-drago","status":"publish","type":"product","link":"https:\/\/scubapanama.com\/es\/product\/ist-m30bs-bk-mascara-de-silicona-drago\/","title":{"rendered":"IST M\u00c1SCARA DE SILICONA DRAGO (M30BS-BK)"},"content":{"rendered":"<p><span>Las hebillas de la m\u00e1scara se fijan directamente a la falda, lo que hace que DRAGO sea extremadamente c\u00f3moda de usar.<\/span><br \/>\n<span>Su construcci\u00f3n minimalista garantiza durabilidad y es ideal para alquiler.<\/span><\/p>\n<p><span>\u2022 \u00a1Esta m\u00e1scara cl\u00e1sica se ha reutilizado gracias a la \u00faltima tecnolog\u00eda de pintura y electrochapado!<\/span><\/p>\n<p>&nbsp;<\/p>\n<p><span>OL2 \/ OL2M<\/span><\/p>\n<ul>\n<li><span>\u00a0Lentes \u00f3pticas disponibles en dioptr\u00edas de -1,0 a -8,0 con decremento de -0,5. (Tambi\u00e9n para lentes tintadas)<\/span><\/li>\n<li><span>\u00a0Las lentes \u00f3pticas izquierda\/derecha o tintadas son intercambiables.\u00a0<\/span><\/li>\n<\/ul>\n","protected":false},"excerpt":{"rendered":"<p><span>Las hebillas de la m\u00e1scara se fijan directamente a la falda, lo que hace que DRAGO sea extremadamente c\u00f3moda de usar.<\/span><\/p>\n","protected":false},"featured_media":24444,"comment_status":"open","ping_status":"closed","template":"","meta":{"iawp_total_views":0,"_joinchat":[]},"product_brand":[],"product_cat":[111],"product_tag":[218],"class_list":{"0":"post-20897","1":"product","2":"type-product","3":"status-publish","4":"has-post-thumbnail","6":"product_cat-tienda-online","7":"product_tag-ist-es","9":"first","10":"instock","11":"taxable","12":"shipping-taxable","13":"purchasable","14":"product-type-simple"},"booking_location":null,"booking_location_type":null,"booking_duration":null,"booking_duration_unit":null,"booking_buffer":null,"booking_cost":null,"booking_resources":null,"_links":{"self":[{"href":"https:\/\/scubapanama.com\/es\/wp-json\/wp\/v2\/product\/20897","targetHints":{"allow":["GET"]}}],"collection":[{"href":"https:\/\/scubapanama.com\/es\/wp-json\/wp\/v2\/product"}],"about":[{"href":"https:\/\/scubapanama.com\/es\/wp-json\/wp\/v2\/types\/product"}],"replies":[{"embeddable":true,"href":"https:\/\/scubapanama.com\/es\/wp-json\/wp\/v2\/comments?post=20897"}],"version-history":[{"count":2,"href":"https:\/\/scubapanama.com\/es\/wp-json\/wp\/v2\/product\/20897\/revisions"}],"predecessor-version":[{"id":26256,"href":"https:\/\/scubapanama.com\/es\/wp-json\/wp\/v2\/product\/20897\/revisions\/26256"}],"wp:featuredmedia":[{"embeddable":true,"href":"https:\/\/scubapanama.com\/es\/wp-json\/wp\/v2\/media\/24444"}],"wp:attachment":[{"href":"https:\/\/scubapanama.com\/es\/wp-json\/wp\/v2\/media?parent=20897"}],"wp:term":[{"taxonomy":"product_brand","embeddable":true,"href":"https:\/\/scubapanama.com\/es\/wp-json\/wp\/v2\/product_brand?post=20897"},{"taxonomy":"product_cat","embeddable":true,"href":"https:\/\/scubapanama.com\/es\/wp-json\/wp\/v2\/product_cat?post=20897"},{"taxonomy":"product_tag","embeddable":true,"href":"https:\/\/scubapanama.com\/es\/wp-json\/wp\/v2\/product_tag?post=20897"}],"curies":[{"name":"wp","href":"https:\/\/api.w.org\/{rel}","templated":true}]}}