{"id":20889,"date":"2025-01-23T01:50:18","date_gmt":"2025-01-23T06:50:18","guid":{"rendered":"https:\/\/scubapanama.com\/product\/ist-ds21-xxl-piel-buceo-b-bk\/"},"modified":"2025-05-12T14:04:58","modified_gmt":"2025-05-12T19:04:58","slug":"ist-ds21-xxl-piel-buceo-b-bk","status":"publish","type":"product","link":"https:\/\/scubapanama.com\/es\/product\/ist-ds21-xxl-piel-buceo-b-bk\/","title":{"rendered":"IST PIEL BUCEO B\/BK (DS21- XXL)"},"content":{"rendered":"<p><span>Excelente protecci\u00f3n contra el sol y las criaturas marinas.<\/span><br \/>\n<span>Muy el\u00e1stico, c\u00f3modo y f\u00e1cil de poner y quitar.<\/span><br \/>\n<span>Cuello alto para mayor protecci\u00f3n solar.<\/span><br \/>\n<span>Presillas para el tal\u00f3n y el pulgar que evitan que la piel de buceo se suba.<\/span><br \/>\n<span>Piel de buceo de elastano.<\/span><br \/>\n<span>Dise\u00f1o unisex.<\/span><\/p>\n","protected":false},"excerpt":{"rendered":"<p>Excelente protecci\u00f3n contra el sol y las criaturas marinas.<\/p>\n","protected":false},"featured_media":24823,"comment_status":"open","ping_status":"closed","template":"","meta":{"iawp_total_views":0,"_joinchat":[]},"product_brand":[],"product_cat":[111],"product_tag":[218],"class_list":{"0":"post-20889","1":"product","2":"type-product","3":"status-publish","4":"has-post-thumbnail","6":"product_cat-tienda-online","7":"product_tag-ist-es","9":"first","10":"instock","11":"taxable","12":"shipping-taxable","13":"purchasable","14":"product-type-simple"},"booking_location":null,"booking_location_type":null,"booking_duration":null,"booking_duration_unit":null,"booking_buffer":null,"booking_cost":null,"booking_resources":null,"_links":{"self":[{"href":"https:\/\/scubapanama.com\/es\/wp-json\/wp\/v2\/product\/20889","targetHints":{"allow":["GET"]}}],"collection":[{"href":"https:\/\/scubapanama.com\/es\/wp-json\/wp\/v2\/product"}],"about":[{"href":"https:\/\/scubapanama.com\/es\/wp-json\/wp\/v2\/types\/product"}],"replies":[{"embeddable":true,"href":"https:\/\/scubapanama.com\/es\/wp-json\/wp\/v2\/comments?post=20889"}],"version-history":[{"count":2,"href":"https:\/\/scubapanama.com\/es\/wp-json\/wp\/v2\/product\/20889\/revisions"}],"predecessor-version":[{"id":26488,"href":"https:\/\/scubapanama.com\/es\/wp-json\/wp\/v2\/product\/20889\/revisions\/26488"}],"wp:featuredmedia":[{"embeddable":true,"href":"https:\/\/scubapanama.com\/es\/wp-json\/wp\/v2\/media\/24823"}],"wp:attachment":[{"href":"https:\/\/scubapanama.com\/es\/wp-json\/wp\/v2\/media?parent=20889"}],"wp:term":[{"taxonomy":"product_brand","embeddable":true,"href":"https:\/\/scubapanama.com\/es\/wp-json\/wp\/v2\/product_brand?post=20889"},{"taxonomy":"product_cat","embeddable":true,"href":"https:\/\/scubapanama.com\/es\/wp-json\/wp\/v2\/product_cat?post=20889"},{"taxonomy":"product_tag","embeddable":true,"href":"https:\/\/scubapanama.com\/es\/wp-json\/wp\/v2\/product_tag?post=20889"}],"curies":[{"name":"wp","href":"https:\/\/api.w.org\/{rel}","templated":true}]}}