{"id":20888,"date":"2025-01-23T01:50:18","date_gmt":"2025-01-23T06:50:18","guid":{"rendered":"https:\/\/scubapanama.com\/product\/ist-ds-26-s-lycra-de-manga-larga-s\/"},"modified":"2025-05-12T14:01:00","modified_gmt":"2025-05-12T19:01:00","slug":"ist-ds-26-s-lycra-de-manga-larga-s","status":"publish","type":"product","link":"https:\/\/scubapanama.com\/es\/product\/ist-ds-26-s-lycra-de-manga-larga-s\/","title":{"rendered":"IST LYCRA DE MANGA LARGA S (DS-26-S)"},"content":{"rendered":"<p>Esta rash guard unisex de manga larga es mucho m\u00e1s que una camiseta multiusos para nataci\u00f3n, surf o deportes. Est\u00e1 confeccionada con un tejido con protecci\u00f3n UV factor 400 que ofrece un UVP de 50+. Se puede usar por separado o debajo del traje de neopreno, ideal para todo tipo de actividades deportivas.<\/p>\n","protected":false},"excerpt":{"rendered":"<p>Esta rash guard unisex de manga larga es mucho m\u00e1s que una camiseta multiusos para nataci\u00f3n, surf o deportes. Est\u00e1 confeccionada con un tejido con protecci\u00f3n UV factor 400 que ofrece un UVP de 50+. Se puede usar por<\/p>\n","protected":false},"featured_media":25900,"comment_status":"open","ping_status":"closed","template":"","meta":{"iawp_total_views":1,"_joinchat":[]},"product_brand":[],"product_cat":[111],"product_tag":[218],"class_list":{"0":"post-20888","1":"product","2":"type-product","3":"status-publish","4":"has-post-thumbnail","6":"product_cat-tienda-online","7":"product_tag-ist-es","9":"first","10":"outofstock","11":"taxable","12":"shipping-taxable","13":"purchasable","14":"product-type-simple"},"booking_location":null,"booking_location_type":null,"booking_duration":null,"booking_duration_unit":null,"booking_buffer":null,"booking_cost":null,"booking_resources":null,"_links":{"self":[{"href":"https:\/\/scubapanama.com\/es\/wp-json\/wp\/v2\/product\/20888","targetHints":{"allow":["GET"]}}],"collection":[{"href":"https:\/\/scubapanama.com\/es\/wp-json\/wp\/v2\/product"}],"about":[{"href":"https:\/\/scubapanama.com\/es\/wp-json\/wp\/v2\/types\/product"}],"replies":[{"embeddable":true,"href":"https:\/\/scubapanama.com\/es\/wp-json\/wp\/v2\/comments?post=20888"}],"version-history":[{"count":2,"href":"https:\/\/scubapanama.com\/es\/wp-json\/wp\/v2\/product\/20888\/revisions"}],"predecessor-version":[{"id":26483,"href":"https:\/\/scubapanama.com\/es\/wp-json\/wp\/v2\/product\/20888\/revisions\/26483"}],"wp:featuredmedia":[{"embeddable":true,"href":"https:\/\/scubapanama.com\/es\/wp-json\/wp\/v2\/media\/25900"}],"wp:attachment":[{"href":"https:\/\/scubapanama.com\/es\/wp-json\/wp\/v2\/media?parent=20888"}],"wp:term":[{"taxonomy":"product_brand","embeddable":true,"href":"https:\/\/scubapanama.com\/es\/wp-json\/wp\/v2\/product_brand?post=20888"},{"taxonomy":"product_cat","embeddable":true,"href":"https:\/\/scubapanama.com\/es\/wp-json\/wp\/v2\/product_cat?post=20888"},{"taxonomy":"product_tag","embeddable":true,"href":"https:\/\/scubapanama.com\/es\/wp-json\/wp\/v2\/product_tag?post=20888"}],"curies":[{"name":"wp","href":"https:\/\/api.w.org\/{rel}","templated":true}]}}