{"id":20854,"date":"2025-01-23T01:50:21","date_gmt":"2025-01-23T06:50:21","guid":{"rendered":"https:\/\/scubapanama.com\/product\/ist-fg-1-m-ist-punos-de-aleta-m\/"},"modified":"2025-05-12T11:49:06","modified_gmt":"2025-05-12T16:49:06","slug":"ist-fg-1-m-ist-punos-de-aleta-m","status":"publish","type":"product","link":"https:\/\/scubapanama.com\/es\/product\/ist-fg-1-m-ist-punos-de-aleta-m\/","title":{"rendered":"IST PU\u00d1OS DE ALETA M (FG-1 M)"},"content":{"rendered":"<p>Para usar alrededor del tobillo y el tal\u00f3n sobre botas de buceo o calcetines, el agarre de goma de la aleta aumenta la fricci\u00f3n entre la bota y el bolsillo del pie de la aleta para evitar resbalones.<\/p>\n","protected":false},"excerpt":{"rendered":"<p>Para usar alrededor del tobillo y el tal\u00f3n sobre botas de buceo o calcetines.<\/p>\n","protected":false},"featured_media":24727,"comment_status":"open","ping_status":"closed","template":"","meta":{"iawp_total_views":1,"_joinchat":[]},"product_brand":[],"product_cat":[111],"product_tag":[218],"class_list":{"0":"post-20854","1":"product","2":"type-product","3":"status-publish","4":"has-post-thumbnail","6":"product_cat-tienda-online","7":"product_tag-ist-es","9":"first","10":"outofstock","11":"taxable","12":"shipping-taxable","13":"purchasable","14":"product-type-simple"},"booking_location":null,"booking_location_type":null,"booking_duration":null,"booking_duration_unit":null,"booking_buffer":null,"booking_cost":null,"booking_resources":null,"_links":{"self":[{"href":"https:\/\/scubapanama.com\/es\/wp-json\/wp\/v2\/product\/20854","targetHints":{"allow":["GET"]}}],"collection":[{"href":"https:\/\/scubapanama.com\/es\/wp-json\/wp\/v2\/product"}],"about":[{"href":"https:\/\/scubapanama.com\/es\/wp-json\/wp\/v2\/types\/product"}],"replies":[{"embeddable":true,"href":"https:\/\/scubapanama.com\/es\/wp-json\/wp\/v2\/comments?post=20854"}],"version-history":[{"count":2,"href":"https:\/\/scubapanama.com\/es\/wp-json\/wp\/v2\/product\/20854\/revisions"}],"predecessor-version":[{"id":26404,"href":"https:\/\/scubapanama.com\/es\/wp-json\/wp\/v2\/product\/20854\/revisions\/26404"}],"wp:featuredmedia":[{"embeddable":true,"href":"https:\/\/scubapanama.com\/es\/wp-json\/wp\/v2\/media\/24727"}],"wp:attachment":[{"href":"https:\/\/scubapanama.com\/es\/wp-json\/wp\/v2\/media?parent=20854"}],"wp:term":[{"taxonomy":"product_brand","embeddable":true,"href":"https:\/\/scubapanama.com\/es\/wp-json\/wp\/v2\/product_brand?post=20854"},{"taxonomy":"product_cat","embeddable":true,"href":"https:\/\/scubapanama.com\/es\/wp-json\/wp\/v2\/product_cat?post=20854"},{"taxonomy":"product_tag","embeddable":true,"href":"https:\/\/scubapanama.com\/es\/wp-json\/wp\/v2\/product_tag?post=20854"}],"curies":[{"name":"wp","href":"https:\/\/api.w.org\/{rel}","templated":true}]}}