{"id":20844,"date":"2025-01-23T01:50:22","date_gmt":"2025-01-23T06:50:22","guid":{"rendered":"https:\/\/scubapanama.com\/product\/ist-fra01-braza-l-xl\/"},"modified":"2025-05-12T11:25:50","modified_gmt":"2025-05-12T16:25:50","slug":"ist-fra01-braza-l-xl","status":"publish","type":"product","link":"https:\/\/scubapanama.com\/es\/product\/ist-fra01-braza-l-xl\/","title":{"rendered":"IST BRAZA L\/XL (FRA01)"},"content":{"rendered":"<p><span>\u2022 Fathom Blue es una aleta dise\u00f1ada espec\u00edficamente para apnea (buceo libre\/pesca submarina). Su c\u00f3modo calzante y su potente pala proporcionan un empuje eficiente y una maniobrabilidad subacu\u00e1tica inigualable.<\/span><\/p>\n<p><span>\u2022 Aunque es m\u00e1s caro, el caucho es el material elegido para fabricar el calzante de la Fathom Blue. Puede parecer un poco anticuado, pero al final, lo importante es el rendimiento. Logramos construir estrat\u00e9gicamente un calzante de caucho con m\u00faltiples niveles de flexibilidad y dureza, mientras que las aletas fabricadas con diversos compuestos pl\u00e1sticos no comparten la misma ventaja. Esto significa que el calzante de la Fathom Blue puede producir un efecto de resorte al aletear, a la vez que su base (suela) es r\u00edgida y eficiente.<\/span><\/p>\n","protected":false},"excerpt":{"rendered":"<p>Fathom Blue es una aleta dise\u00f1ada espec\u00edficamente para apnea (buceo libre\/pesca submarina). Su c\u00f3modo calzante y su potente pala proporcionan un empuje eficiente y una maniobrabilidad subacu\u00e1tica inigualable.<\/p>\n","protected":false},"featured_media":24684,"comment_status":"open","ping_status":"closed","template":"","meta":{"iawp_total_views":1,"_joinchat":[]},"product_brand":[],"product_cat":[111],"product_tag":[218],"class_list":{"0":"post-20844","1":"product","2":"type-product","3":"status-publish","4":"has-post-thumbnail","6":"product_cat-tienda-online","7":"product_tag-ist-es","9":"first","10":"outofstock","11":"taxable","12":"shipping-taxable","13":"purchasable","14":"product-type-simple"},"booking_location":null,"booking_location_type":null,"booking_duration":null,"booking_duration_unit":null,"booking_buffer":null,"booking_cost":null,"booking_resources":null,"_links":{"self":[{"href":"https:\/\/scubapanama.com\/es\/wp-json\/wp\/v2\/product\/20844","targetHints":{"allow":["GET"]}}],"collection":[{"href":"https:\/\/scubapanama.com\/es\/wp-json\/wp\/v2\/product"}],"about":[{"href":"https:\/\/scubapanama.com\/es\/wp-json\/wp\/v2\/types\/product"}],"replies":[{"embeddable":true,"href":"https:\/\/scubapanama.com\/es\/wp-json\/wp\/v2\/comments?post=20844"}],"version-history":[{"count":2,"href":"https:\/\/scubapanama.com\/es\/wp-json\/wp\/v2\/product\/20844\/revisions"}],"predecessor-version":[{"id":26378,"href":"https:\/\/scubapanama.com\/es\/wp-json\/wp\/v2\/product\/20844\/revisions\/26378"}],"wp:featuredmedia":[{"embeddable":true,"href":"https:\/\/scubapanama.com\/es\/wp-json\/wp\/v2\/media\/24684"}],"wp:attachment":[{"href":"https:\/\/scubapanama.com\/es\/wp-json\/wp\/v2\/media?parent=20844"}],"wp:term":[{"taxonomy":"product_brand","embeddable":true,"href":"https:\/\/scubapanama.com\/es\/wp-json\/wp\/v2\/product_brand?post=20844"},{"taxonomy":"product_cat","embeddable":true,"href":"https:\/\/scubapanama.com\/es\/wp-json\/wp\/v2\/product_cat?post=20844"},{"taxonomy":"product_tag","embeddable":true,"href":"https:\/\/scubapanama.com\/es\/wp-json\/wp\/v2\/product_tag?post=20844"}],"curies":[{"name":"wp","href":"https:\/\/api.w.org\/{rel}","templated":true}]}}