{"id":20837,"date":"2025-01-23T01:50:22","date_gmt":"2025-01-23T06:50:22","guid":{"rendered":"https:\/\/scubapanama.com\/product\/ist-fp01bl-xl-aleta-sumi-o-h-azul-x-grande\/"},"modified":"2025-05-12T11:20:32","modified_gmt":"2025-05-12T16:20:32","slug":"ist-fp01bl-xl-aleta-sumi-o-h-azul-x-grande","status":"publish","type":"product","link":"https:\/\/scubapanama.com\/es\/product\/ist-fp01bl-xl-aleta-sumi-o-h-azul-x-grande\/","title":{"rendered":"IST ALETA SUMI O\/H AZUL X-GRANDE (FP01BL-XL)"},"content":{"rendered":"<p>\u2022 El dise\u00f1o optimizado de propulsi\u00f3n reduce la fatiga del buceador y el consumo de aire<br \/>\n\u2022 6 gu\u00edas de canalizaci\u00f3n de agua dirigen el agua hacia atr\u00e1s para mayor potencia<br \/>\n\u2022 El \u00e1ngulo de 22\u00b0 entre la pala y el pie proporciona m\u00e1xima eficiencia de patada<br \/>\n\u2022 Bolsillo para el pie con tal\u00f3n abierto con hebillas de correa de liberaci\u00f3n r\u00e1pida y presilla extragrande para el pulgar para pon\u00e9rselo y quit\u00e1rselo r\u00e1pidamente<br \/>\n\u2022 La ingenier\u00eda de m\u00faltiples materiales combina resistencia y comodidad<\/p>\n","protected":false},"excerpt":{"rendered":"<p>El dise\u00f1o optimizado de propulsi\u00f3n reduce la fatiga del buceador y el consumo de aire.<\/p>\n","protected":false},"featured_media":24676,"comment_status":"open","ping_status":"closed","template":"","meta":{"iawp_total_views":1,"_joinchat":[]},"product_brand":[],"product_cat":[111],"product_tag":[218],"class_list":{"0":"post-20837","1":"product","2":"type-product","3":"status-publish","4":"has-post-thumbnail","6":"product_cat-tienda-online","7":"product_tag-ist-es","9":"first","10":"instock","11":"taxable","12":"shipping-taxable","13":"purchasable","14":"product-type-simple"},"booking_location":null,"booking_location_type":null,"booking_duration":null,"booking_duration_unit":null,"booking_buffer":null,"booking_cost":null,"booking_resources":null,"_links":{"self":[{"href":"https:\/\/scubapanama.com\/es\/wp-json\/wp\/v2\/product\/20837","targetHints":{"allow":["GET"]}}],"collection":[{"href":"https:\/\/scubapanama.com\/es\/wp-json\/wp\/v2\/product"}],"about":[{"href":"https:\/\/scubapanama.com\/es\/wp-json\/wp\/v2\/types\/product"}],"replies":[{"embeddable":true,"href":"https:\/\/scubapanama.com\/es\/wp-json\/wp\/v2\/comments?post=20837"}],"version-history":[{"count":3,"href":"https:\/\/scubapanama.com\/es\/wp-json\/wp\/v2\/product\/20837\/revisions"}],"predecessor-version":[{"id":26370,"href":"https:\/\/scubapanama.com\/es\/wp-json\/wp\/v2\/product\/20837\/revisions\/26370"}],"wp:featuredmedia":[{"embeddable":true,"href":"https:\/\/scubapanama.com\/es\/wp-json\/wp\/v2\/media\/24676"}],"wp:attachment":[{"href":"https:\/\/scubapanama.com\/es\/wp-json\/wp\/v2\/media?parent=20837"}],"wp:term":[{"taxonomy":"product_brand","embeddable":true,"href":"https:\/\/scubapanama.com\/es\/wp-json\/wp\/v2\/product_brand?post=20837"},{"taxonomy":"product_cat","embeddable":true,"href":"https:\/\/scubapanama.com\/es\/wp-json\/wp\/v2\/product_cat?post=20837"},{"taxonomy":"product_tag","embeddable":true,"href":"https:\/\/scubapanama.com\/es\/wp-json\/wp\/v2\/product_tag?post=20837"}],"curies":[{"name":"wp","href":"https:\/\/api.w.org\/{rel}","templated":true}]}}