{"id":20826,"date":"2025-01-29T01:46:30","date_gmt":"2025-01-29T06:46:30","guid":{"rendered":"https:\/\/scubapanama.com\/product\/24-851-840-mascara-scubapro-spectra-mini-negro-plata\/"},"modified":"2025-05-21T10:46:31","modified_gmt":"2025-05-21T15:46:31","slug":"24-851-840-mascara-scubapro-spectra-mini-negro-plata","status":"publish","type":"product","link":"https:\/\/scubapanama.com\/es\/product\/24-851-840-mascara-scubapro-spectra-mini-negro-plata\/","title":{"rendered":"SCUBAPRO M\u00c1SCARA SPECTRA MINI NEGRO PLATA (24.851.840)"},"content":{"rendered":"<p>No todos los rostros pueden usar una Spectra de tama\u00f1o completo. Por eso, SCUBAPRO ofrece la SPECTRA MINI. Esta m\u00e1scara compacta ofrece todas las caracter\u00edsticas de comodidad y rendimiento de la Spectra est\u00e1ndar, pero est\u00e1 dise\u00f1ada para rostros peque\u00f1os o estrechos. La SPECTRA MINI de doble lente ofrece una visi\u00f3n amplia y un c\u00f3modo sello herm\u00e9tico, adem\u00e1s de un dise\u00f1o compacto para facilitar su vaciado. Incorpora un elegante fald\u00f3n de silicona con doble sellado para una comodidad \u00f3ptima y su sistema de hebillas y correas es f\u00e1cil de usar. Las hebillas se fijan al fald\u00f3n para optimizar el \u00e1ngulo de las correas y lograr un ajuste perfecto, adem\u00e1s de permitir plegar la m\u00e1scara para un f\u00e1cil almacenamiento. Un exclusivo proceso de pintura en una selecci\u00f3n de colores convierte a la SPECTRA MINI en una m\u00e1scara de buceo elegante y fiable.<\/p>\n<p>840 M\u00c1SCARA SCUBAPRO SPECTRA MINI NEGRO PLATA<\/p>\n","protected":false},"excerpt":{"rendered":"<p>No todos los rostros pueden usar una Spectra de tama\u00f1o completo.<\/p>\n","protected":false},"featured_media":22183,"comment_status":"open","ping_status":"closed","template":"","meta":{"iawp_total_views":3,"_joinchat":[]},"product_brand":[],"product_cat":[111],"product_tag":[153],"class_list":{"0":"post-20826","1":"product","2":"type-product","3":"status-publish","4":"has-post-thumbnail","6":"product_cat-tienda-online","7":"product_tag-scubapro-es","9":"first","10":"instock","11":"taxable","12":"shipping-taxable","13":"purchasable","14":"product-type-simple"},"booking_location":null,"booking_location_type":null,"booking_duration":null,"booking_duration_unit":null,"booking_buffer":null,"booking_cost":null,"booking_resources":null,"_links":{"self":[{"href":"https:\/\/scubapanama.com\/es\/wp-json\/wp\/v2\/product\/20826","targetHints":{"allow":["GET"]}}],"collection":[{"href":"https:\/\/scubapanama.com\/es\/wp-json\/wp\/v2\/product"}],"about":[{"href":"https:\/\/scubapanama.com\/es\/wp-json\/wp\/v2\/types\/product"}],"replies":[{"embeddable":true,"href":"https:\/\/scubapanama.com\/es\/wp-json\/wp\/v2\/comments?post=20826"}],"version-history":[{"count":4,"href":"https:\/\/scubapanama.com\/es\/wp-json\/wp\/v2\/product\/20826\/revisions"}],"predecessor-version":[{"id":29972,"href":"https:\/\/scubapanama.com\/es\/wp-json\/wp\/v2\/product\/20826\/revisions\/29972"}],"wp:featuredmedia":[{"embeddable":true,"href":"https:\/\/scubapanama.com\/es\/wp-json\/wp\/v2\/media\/22183"}],"wp:attachment":[{"href":"https:\/\/scubapanama.com\/es\/wp-json\/wp\/v2\/media?parent=20826"}],"wp:term":[{"taxonomy":"product_brand","embeddable":true,"href":"https:\/\/scubapanama.com\/es\/wp-json\/wp\/v2\/product_brand?post=20826"},{"taxonomy":"product_cat","embeddable":true,"href":"https:\/\/scubapanama.com\/es\/wp-json\/wp\/v2\/product_cat?post=20826"},{"taxonomy":"product_tag","embeddable":true,"href":"https:\/\/scubapanama.com\/es\/wp-json\/wp\/v2\/product_tag?post=20826"}],"curies":[{"name":"wp","href":"https:\/\/api.w.org\/{rel}","templated":true}]}}