{"id":20825,"date":"2025-01-24T02:01:11","date_gmt":"2025-01-24T07:01:11","guid":{"rendered":"https:\/\/scubapanama.com\/product\/ocea-2020-a-correa-de-aleta-viper-con-hebillas\/"},"modified":"2025-05-21T10:41:49","modified_gmt":"2025-05-21T15:41:49","slug":"ocea-2020-a-correa-de-aleta-viper-con-hebillas","status":"publish","type":"product","link":"https:\/\/scubapanama.com\/es\/product\/ocea-2020-a-correa-de-aleta-viper-con-hebillas\/","title":{"rendered":"OCEANIC CORREA DE ALETA VIPER CON HEBILLAS (2020.A)"},"content":{"rendered":"<p><span class=\"relative -mx-px my-[-0.2rem] rounded px-px py-[0.2rem] transition-colors duration-100 ease-in-out\">La <strong data-start=\"3\" data-end=\"18\">OCEA 2020.A<\/strong> es una correa de repuesto dise\u00f1ada espec\u00edficamente para las aletas de tal\u00f3n abierto <em data-start=\"103\" data-end=\"118\">Oceanic Viper<\/em>.<\/span> <span class=\"relative -mx-px my-[-0.2rem] rounded px-px py-[0.2rem] transition-colors duration-100 ease-in-out\">Este modelo incluye tanto las hebillas masculinas como las femeninas, permitiendo una instalaci\u00f3n r\u00e1pida y sencilla sin necesidad de herramientas adicionales.<\/span> <span class=\"relative -mx-px my-[-0.2rem] rounded px-px py-[0.2rem] transition-colors duration-100 ease-in-out\">Su dise\u00f1o de liberaci\u00f3n r\u00e1pida facilita el ajuste y la colocaci\u00f3n de las aletas, lo que es especialmente \u00fatil durante inmersiones en condiciones cambiantes.<\/span><\/p>\n<h3 data-start=\"347\" data-end=\"381\">Caracter\u00edsticas Principales<\/h3>\n<ul data-start=\"383\" data-end=\"735\">\n<li data-start=\"383\" data-end=\"444\">\n<p data-start=\"385\" data-end=\"444\"><strong data-start=\"385\" data-end=\"403\">Compatibilidad<\/strong>: <span class=\"relative -mx-px my-[-0.2rem] rounded px-px py-[0.2rem] transition-colors duration-100 ease-in-out\">Dise\u00f1ada exclusivamente para las aletas <em data-start=\"40\" data-end=\"55\">Oceanic Viper<\/em> de tal\u00f3n abierto.<\/span><\/p>\n<\/li>\n<li data-start=\"445\" data-end=\"512\">\n<p data-start=\"447\" data-end=\"512\"><strong data-start=\"447\" data-end=\"471\">Instalaci\u00f3n sencilla<\/strong>: <span class=\"relative -mx-px my-[-0.2rem] rounded px-px py-[0.2rem] transition-colors duration-100 ease-in-out\">Incluye ambos extremos de la hebilla (masculino y femenino) para un montaje sin complicaciones.<\/span><\/p>\n<\/li>\n<li data-start=\"513\" data-end=\"577\">\n<p data-start=\"515\" data-end=\"577\"><strong data-start=\"515\" data-end=\"536\">Liberaci\u00f3n r\u00e1pida<\/strong>: <span class=\"relative -mx-px my-[-0.2rem] rounded px-px py-[0.2rem] transition-colors duration-100 ease-in-out\">El sistema de clip de presi\u00f3n permite poner y quitar las aletas con facilidad.<\/span><\/p>\n<\/li>\n<li data-start=\"578\" data-end=\"636\">\n<p data-start=\"580\" data-end=\"636\"><strong data-start=\"580\" data-end=\"595\">Durabilidad<\/strong>: <span class=\"relative -mx-px my-[-0.2rem] rounded px-px py-[0.2rem] transition-colors duration-100 ease-in-out\">Fabricada con materiales de alta calidad para resistir el uso frecuente en entornos acu\u00e1ticos.<\/span><\/p>\n<\/li>\n<li data-start=\"637\" data-end=\"735\">\n<p data-start=\"639\" data-end=\"735\"><strong data-start=\"639\" data-end=\"655\">Tama\u00f1o \u00fanico<\/strong>: <span class=\"relative -mx-px my-[-0.2rem] rounded px-px py-[0.2rem] transition-colors duration-100 ease-in-out\">Adecuada para tallas de calzado desde S hasta XL.<\/span><\/p>\n<\/li>\n<\/ul>\n","protected":false},"excerpt":{"rendered":"<p><span class=\"relative -mx-px my-[-0.2rem] rounded px-px py-[0.2rem] transition-colors duration-100 ease-in-out\">La <strong data-start=\"3\" data-end=\"18\">OCEA 2020.A<\/strong> es una correa de repuesto dise\u00f1ada espec\u00edficamente para las aletas de tal\u00f3n abierto <em data-start=\"103\" data-end=\"118\">Oceanic Viper<\/em>.<\/span><\/p>\n","protected":false},"featured_media":26573,"comment_status":"open","ping_status":"closed","template":"","meta":{"iawp_total_views":3,"_joinchat":[]},"product_brand":[],"product_cat":[111],"product_tag":[126],"class_list":{"0":"post-20825","1":"product","2":"type-product","3":"status-publish","4":"has-post-thumbnail","6":"product_cat-tienda-online","7":"product_tag-oceanic-es","9":"first","10":"instock","11":"taxable","12":"shipping-taxable","13":"purchasable","14":"product-type-simple"},"booking_location":null,"booking_location_type":null,"booking_duration":null,"booking_duration_unit":null,"booking_buffer":null,"booking_cost":null,"booking_resources":null,"_links":{"self":[{"href":"https:\/\/scubapanama.com\/es\/wp-json\/wp\/v2\/product\/20825","targetHints":{"allow":["GET"]}}],"collection":[{"href":"https:\/\/scubapanama.com\/es\/wp-json\/wp\/v2\/product"}],"about":[{"href":"https:\/\/scubapanama.com\/es\/wp-json\/wp\/v2\/types\/product"}],"replies":[{"embeddable":true,"href":"https:\/\/scubapanama.com\/es\/wp-json\/wp\/v2\/comments?post=20825"}],"version-history":[{"count":4,"href":"https:\/\/scubapanama.com\/es\/wp-json\/wp\/v2\/product\/20825\/revisions"}],"predecessor-version":[{"id":29958,"href":"https:\/\/scubapanama.com\/es\/wp-json\/wp\/v2\/product\/20825\/revisions\/29958"}],"wp:featuredmedia":[{"embeddable":true,"href":"https:\/\/scubapanama.com\/es\/wp-json\/wp\/v2\/media\/26573"}],"wp:attachment":[{"href":"https:\/\/scubapanama.com\/es\/wp-json\/wp\/v2\/media?parent=20825"}],"wp:term":[{"taxonomy":"product_brand","embeddable":true,"href":"https:\/\/scubapanama.com\/es\/wp-json\/wp\/v2\/product_brand?post=20825"},{"taxonomy":"product_cat","embeddable":true,"href":"https:\/\/scubapanama.com\/es\/wp-json\/wp\/v2\/product_cat?post=20825"},{"taxonomy":"product_tag","embeddable":true,"href":"https:\/\/scubapanama.com\/es\/wp-json\/wp\/v2\/product_tag?post=20825"}],"curies":[{"name":"wp","href":"https:\/\/api.w.org\/{rel}","templated":true}]}}