{"id":20823,"date":"2025-01-24T02:01:24","date_gmt":"2025-01-24T07:01:24","guid":{"rendered":"https:\/\/scubapanama.com\/product\/sherwood-ody001-gn-odisea-espalda-inflacion-bc-xs\/"},"modified":"2025-05-07T11:32:19","modified_gmt":"2025-05-07T16:32:19","slug":"sherwood-ody001-gn-odisea-espalda-inflacion-bc-xs","status":"publish","type":"product","link":"https:\/\/scubapanama.com\/es\/product\/sherwood-ody001-gn-odisea-espalda-inflacion-bc-xs\/","title":{"rendered":"SHERWOOD GN ODISEA ESPALDA INFLACI\u00d3N BC XS (ODY001)"},"content":{"rendered":"<p>El chaleco Odyssey es el complemento perfecto para el galardonado Genesis Origin. Este modelo de inflado dorsal ofrece un sistema de lastre, caracter\u00edsticas y funcionalidad similares a los del Origin. Ligero y ergon\u00f3mico, el Genesis Odysey cuenta con todas las funciones y caracter\u00edsticas que busca en un chaleco de inflado dorsal. Los bolsillos de lastre extra\u00edbles y de f\u00e1cil acceso tienen capacidad para hasta 4,5 kg de lastre cada uno, junto con dos bolsillos<\/p>\n","protected":false},"excerpt":{"rendered":"<p>El chaleco Odyssey es el complemento perfecto para el galardonado Genesis Origin.<\/p>\n","protected":false},"featured_media":25209,"comment_status":"open","ping_status":"closed","template":"","meta":{"iawp_total_views":2,"_joinchat":[]},"product_brand":[],"product_cat":[111],"product_tag":[168,228],"class_list":{"0":"post-20823","1":"product","2":"type-product","3":"status-publish","4":"has-post-thumbnail","6":"product_cat-tienda-online","7":"product_tag-bcd-es","8":"product_tag-sherwood-es","10":"first","11":"onbackorder","12":"taxable","13":"shipping-taxable","14":"purchasable","15":"product-type-simple"},"booking_location":null,"booking_location_type":null,"booking_duration":null,"booking_duration_unit":null,"booking_buffer":null,"booking_cost":null,"booking_resources":null,"_links":{"self":[{"href":"https:\/\/scubapanama.com\/es\/wp-json\/wp\/v2\/product\/20823","targetHints":{"allow":["GET"]}}],"collection":[{"href":"https:\/\/scubapanama.com\/es\/wp-json\/wp\/v2\/product"}],"about":[{"href":"https:\/\/scubapanama.com\/es\/wp-json\/wp\/v2\/types\/product"}],"replies":[{"embeddable":true,"href":"https:\/\/scubapanama.com\/es\/wp-json\/wp\/v2\/comments?post=20823"}],"version-history":[{"count":3,"href":"https:\/\/scubapanama.com\/es\/wp-json\/wp\/v2\/product\/20823\/revisions"}],"predecessor-version":[{"id":25527,"href":"https:\/\/scubapanama.com\/es\/wp-json\/wp\/v2\/product\/20823\/revisions\/25527"}],"wp:featuredmedia":[{"embeddable":true,"href":"https:\/\/scubapanama.com\/es\/wp-json\/wp\/v2\/media\/25209"}],"wp:attachment":[{"href":"https:\/\/scubapanama.com\/es\/wp-json\/wp\/v2\/media?parent=20823"}],"wp:term":[{"taxonomy":"product_brand","embeddable":true,"href":"https:\/\/scubapanama.com\/es\/wp-json\/wp\/v2\/product_brand?post=20823"},{"taxonomy":"product_cat","embeddable":true,"href":"https:\/\/scubapanama.com\/es\/wp-json\/wp\/v2\/product_cat?post=20823"},{"taxonomy":"product_tag","embeddable":true,"href":"https:\/\/scubapanama.com\/es\/wp-json\/wp\/v2\/product_tag?post=20823"}],"curies":[{"name":"wp","href":"https:\/\/api.w.org\/{rel}","templated":true}]}}