{"id":20819,"date":"2025-01-29T01:46:30","date_gmt":"2025-01-29T06:46:30","guid":{"rendered":"https:\/\/scubapanama.com\/product\/17-4774-07-bolsa-de-malla-oceanica\/"},"modified":"2025-04-25T10:24:08","modified_gmt":"2025-04-25T15:24:08","slug":"17-4774-07-bolsa-de-malla-oceanica","status":"publish","type":"product","link":"https:\/\/scubapanama.com\/es\/product\/17-4774-07-bolsa-de-malla-oceanica\/","title":{"rendered":"BOLSA DE MALLA OCE\u00c1NICA (17.4774.07)"},"content":{"rendered":"<p><strong><span>\u00bfMojado? \u00bfSeco? \u00a1Listo!<\/span><\/strong><span>\u00a0Usa esta resistente bolsa de malla de PVC para transportarla f\u00e1cilmente al sitio de buceo o al barco y guardarla entre d\u00edas de buceo. \u00bfListo para enjuagar tu equipo despu\u00e9s de un d\u00eda de uso? Simplemente coloca la bolsa entera en el tanque de enjuague y cu\u00e9lgala para que se seque.<\/span><\/p>\n","protected":false},"excerpt":{"rendered":"<p><strong><span>\u00bfMojado? \u00bfSeco? \u00a1Listo!<\/span><\/strong><span> Usa esta resistente bolsa de malla de PVC para transportarla f\u00e1cilmente al sitio de buceo o al barco y guardarla entre d\u00edas de buceo.<\/span><\/p>\n","protected":false},"featured_media":23293,"comment_status":"open","ping_status":"closed","template":"","meta":{"iawp_total_views":12,"_joinchat":[]},"product_brand":[],"product_cat":[111],"product_tag":[126],"class_list":{"0":"post-20819","1":"product","2":"type-product","3":"status-publish","4":"has-post-thumbnail","6":"product_cat-tienda-online","7":"product_tag-oceanic-es","9":"first","10":"instock","11":"taxable","12":"shipping-taxable","13":"purchasable","14":"product-type-simple"},"booking_location":null,"booking_location_type":null,"booking_duration":null,"booking_duration_unit":null,"booking_buffer":null,"booking_cost":null,"booking_resources":null,"_links":{"self":[{"href":"https:\/\/scubapanama.com\/es\/wp-json\/wp\/v2\/product\/20819","targetHints":{"allow":["GET"]}}],"collection":[{"href":"https:\/\/scubapanama.com\/es\/wp-json\/wp\/v2\/product"}],"about":[{"href":"https:\/\/scubapanama.com\/es\/wp-json\/wp\/v2\/types\/product"}],"replies":[{"embeddable":true,"href":"https:\/\/scubapanama.com\/es\/wp-json\/wp\/v2\/comments?post=20819"}],"version-history":[{"count":3,"href":"https:\/\/scubapanama.com\/es\/wp-json\/wp\/v2\/product\/20819\/revisions"}],"predecessor-version":[{"id":23501,"href":"https:\/\/scubapanama.com\/es\/wp-json\/wp\/v2\/product\/20819\/revisions\/23501"}],"wp:featuredmedia":[{"embeddable":true,"href":"https:\/\/scubapanama.com\/es\/wp-json\/wp\/v2\/media\/23293"}],"wp:attachment":[{"href":"https:\/\/scubapanama.com\/es\/wp-json\/wp\/v2\/media?parent=20819"}],"wp:term":[{"taxonomy":"product_brand","embeddable":true,"href":"https:\/\/scubapanama.com\/es\/wp-json\/wp\/v2\/product_brand?post=20819"},{"taxonomy":"product_cat","embeddable":true,"href":"https:\/\/scubapanama.com\/es\/wp-json\/wp\/v2\/product_cat?post=20819"},{"taxonomy":"product_tag","embeddable":true,"href":"https:\/\/scubapanama.com\/es\/wp-json\/wp\/v2\/product_tag?post=20819"}],"curies":[{"name":"wp","href":"https:\/\/api.w.org\/{rel}","templated":true}]}}