{"id":20816,"date":"2025-01-23T01:50:53","date_gmt":"2025-01-23T06:50:53","guid":{"rendered":"https:\/\/scubapanama.com\/product\/scubapro-05-022-022-pg-ca-psi\/"},"modified":"2025-04-23T15:32:24","modified_gmt":"2025-04-23T20:32:24","slug":"scubapro-05-022-022-pg-ca-psi","status":"publish","type":"product","link":"https:\/\/scubapanama.com\/es\/product\/scubapro-05-022-022-pg-ca-psi\/","title":{"rendered":"SCUBAPRO PG CA PSI (05.022.022)"},"content":{"rendered":"<p>Man\u00f3metro anal\u00f3gico compacto, totalmente met\u00e1lico. Este modelo dual psi\/bar es ideal para buceadores itinerantes y resorts con clientela internacional.<\/p>\n","protected":false},"excerpt":{"rendered":"<p>Man\u00f3metro anal\u00f3gico compacto, totalmente met\u00e1lico.<\/p>\n","protected":false},"featured_media":22834,"comment_status":"open","ping_status":"closed","template":"","meta":{"iawp_total_views":7,"_joinchat":[]},"product_brand":[],"product_cat":[111],"product_tag":[153],"class_list":{"0":"post-20816","1":"product","2":"type-product","3":"status-publish","4":"has-post-thumbnail","6":"product_cat-tienda-online","7":"product_tag-scubapro-es","9":"first","10":"onbackorder","11":"taxable","12":"shipping-taxable","13":"purchasable","14":"product-type-simple"},"booking_location":null,"booking_location_type":null,"booking_duration":null,"booking_duration_unit":null,"booking_buffer":null,"booking_cost":null,"booking_resources":null,"_links":{"self":[{"href":"https:\/\/scubapanama.com\/es\/wp-json\/wp\/v2\/product\/20816","targetHints":{"allow":["GET"]}}],"collection":[{"href":"https:\/\/scubapanama.com\/es\/wp-json\/wp\/v2\/product"}],"about":[{"href":"https:\/\/scubapanama.com\/es\/wp-json\/wp\/v2\/types\/product"}],"replies":[{"embeddable":true,"href":"https:\/\/scubapanama.com\/es\/wp-json\/wp\/v2\/comments?post=20816"}],"version-history":[{"count":2,"href":"https:\/\/scubapanama.com\/es\/wp-json\/wp\/v2\/product\/20816\/revisions"}],"predecessor-version":[{"id":23219,"href":"https:\/\/scubapanama.com\/es\/wp-json\/wp\/v2\/product\/20816\/revisions\/23219"}],"wp:featuredmedia":[{"embeddable":true,"href":"https:\/\/scubapanama.com\/es\/wp-json\/wp\/v2\/media\/22834"}],"wp:attachment":[{"href":"https:\/\/scubapanama.com\/es\/wp-json\/wp\/v2\/media?parent=20816"}],"wp:term":[{"taxonomy":"product_brand","embeddable":true,"href":"https:\/\/scubapanama.com\/es\/wp-json\/wp\/v2\/product_brand?post=20816"},{"taxonomy":"product_cat","embeddable":true,"href":"https:\/\/scubapanama.com\/es\/wp-json\/wp\/v2\/product_cat?post=20816"},{"taxonomy":"product_tag","embeddable":true,"href":"https:\/\/scubapanama.com\/es\/wp-json\/wp\/v2\/product_tag?post=20816"}],"curies":[{"name":"wp","href":"https:\/\/api.w.org\/{rel}","templated":true}]}}