{"id":20815,"date":"2025-01-23T01:50:54","date_gmt":"2025-01-23T06:50:54","guid":{"rendered":"https:\/\/scubapanama.com\/product\/scubapro-11-331-000-2a-etapa-r195\/"},"modified":"2025-04-23T15:18:51","modified_gmt":"2025-04-23T20:18:51","slug":"scubapro-11-331-000-2a-etapa-r195","status":"publish","type":"product","link":"https:\/\/scubapanama.com\/es\/product\/scubapro-11-331-000-2a-etapa-r195\/","title":{"rendered":"SCUBAPRO 2\u00aa ETAPA R195 (11.331.000)"},"content":{"rendered":"<p>Es el regulador ideal para buceadores que buscan una experiencia de buceo sencilla y divertida. El MK2 EVO es la \u00fanica primera etapa de pist\u00f3n downstream con componentes internos dise\u00f1ados espec\u00edficamente para resistir la congelaci\u00f3n en aguas extremadamente fr\u00edas. As\u00ed, puede esperar un rendimiento respiratorio excepcional, tanto en arrecifes del Caribe como en pecios de los Grandes Lagos. El R195 es un moderno dise\u00f1o de segunda etapa que combina una v\u00e1lvula downstream cl\u00e1sica con un diafragma grande, una purga funcional y un interruptor VIVA para un funcionamiento suave y sencillo. Tanto para buceadores principiantes como veteranos que buscan un regulador econ\u00f3mico, fiable y compatible con todas las temperaturas del agua, el MK2 EVO\/R195 no solo es la mejor opci\u00f3n, sino la \u00fanica.<\/p>\n","protected":false},"excerpt":{"rendered":"<p>Es el regulador ideal para buceadores que buscan una experiencia de buceo sencilla y divertida. El MK2 EVO es la \u00fanica primera etapa de pist\u00f3n downstream con componentes internos dise\u00f1ados espec\u00edficamente para resistir la congelaci\u00f3n en aguas extremadamente fr\u00edas.<\/p>\n","protected":false},"featured_media":22799,"comment_status":"open","ping_status":"closed","template":"","meta":{"iawp_total_views":3,"_joinchat":[]},"product_brand":[],"product_cat":[111],"product_tag":[153],"class_list":{"0":"post-20815","1":"product","2":"type-product","3":"status-publish","4":"has-post-thumbnail","6":"product_cat-tienda-online","7":"product_tag-scubapro-es","9":"first","10":"onbackorder","11":"taxable","12":"shipping-taxable","13":"purchasable","14":"product-type-simple"},"booking_location":null,"booking_location_type":null,"booking_duration":null,"booking_duration_unit":null,"booking_buffer":null,"booking_cost":null,"booking_resources":null,"_links":{"self":[{"href":"https:\/\/scubapanama.com\/es\/wp-json\/wp\/v2\/product\/20815","targetHints":{"allow":["GET"]}}],"collection":[{"href":"https:\/\/scubapanama.com\/es\/wp-json\/wp\/v2\/product"}],"about":[{"href":"https:\/\/scubapanama.com\/es\/wp-json\/wp\/v2\/types\/product"}],"replies":[{"embeddable":true,"href":"https:\/\/scubapanama.com\/es\/wp-json\/wp\/v2\/comments?post=20815"}],"version-history":[{"count":2,"href":"https:\/\/scubapanama.com\/es\/wp-json\/wp\/v2\/product\/20815\/revisions"}],"predecessor-version":[{"id":23209,"href":"https:\/\/scubapanama.com\/es\/wp-json\/wp\/v2\/product\/20815\/revisions\/23209"}],"wp:featuredmedia":[{"embeddable":true,"href":"https:\/\/scubapanama.com\/es\/wp-json\/wp\/v2\/media\/22799"}],"wp:attachment":[{"href":"https:\/\/scubapanama.com\/es\/wp-json\/wp\/v2\/media?parent=20815"}],"wp:term":[{"taxonomy":"product_brand","embeddable":true,"href":"https:\/\/scubapanama.com\/es\/wp-json\/wp\/v2\/product_brand?post=20815"},{"taxonomy":"product_cat","embeddable":true,"href":"https:\/\/scubapanama.com\/es\/wp-json\/wp\/v2\/product_cat?post=20815"},{"taxonomy":"product_tag","embeddable":true,"href":"https:\/\/scubapanama.com\/es\/wp-json\/wp\/v2\/product_tag?post=20815"}],"curies":[{"name":"wp","href":"https:\/\/api.w.org\/{rel}","templated":true}]}}