{"id":20814,"date":"2025-01-23T01:50:53","date_gmt":"2025-01-23T06:50:53","guid":{"rendered":"https:\/\/scubapanama.com\/product\/scubapro-05-023-220-2-g-sp-combo-2-psi\/"},"modified":"2025-04-23T15:30:33","modified_gmt":"2025-04-23T20:30:33","slug":"scubapro-05-023-220-2-g-sp-combo-2-psi","status":"publish","type":"product","link":"https:\/\/scubapanama.com\/es\/product\/scubapro-05-023-220-2-g-sp-combo-2-psi\/","title":{"rendered":"SCUBAPRO 2-G SP COMBO 2 PSI (05.023.220)"},"content":{"rendered":"<p>Con un man\u00f3metro compacto de metal y una br\u00fajula FS-2 de f\u00e1cil lectura, esta consola combinada es ideal para buceadores que viajan y usan una computadora sin aire integrado o que prefieren llevar una computadora de repuesto sofisticada. El man\u00f3metro dual muestra unidades imperiales y m\u00e9tricas simult\u00e1neamente.<\/p>\n","protected":false},"excerpt":{"rendered":"<p>Con un man\u00f3metro compacto de metal y una br\u00fajula FS-2 de f\u00e1cil lectura, esta consola combinada es ideal para buceadores que viajan y usan una computadora sin aire integrado o que prefieren llevar una computadora de repuesto sofisticada.<\/p>\n","protected":false},"featured_media":22837,"comment_status":"open","ping_status":"closed","template":"","meta":{"iawp_total_views":1,"_joinchat":[]},"product_brand":[],"product_cat":[111],"product_tag":[153],"class_list":{"0":"post-20814","1":"product","2":"type-product","3":"status-publish","4":"has-post-thumbnail","6":"product_cat-tienda-online","7":"product_tag-scubapro-es","9":"first","10":"onbackorder","11":"taxable","12":"shipping-taxable","13":"purchasable","14":"product-type-simple"},"booking_location":null,"booking_location_type":null,"booking_duration":null,"booking_duration_unit":null,"booking_buffer":null,"booking_cost":null,"booking_resources":null,"_links":{"self":[{"href":"https:\/\/scubapanama.com\/es\/wp-json\/wp\/v2\/product\/20814","targetHints":{"allow":["GET"]}}],"collection":[{"href":"https:\/\/scubapanama.com\/es\/wp-json\/wp\/v2\/product"}],"about":[{"href":"https:\/\/scubapanama.com\/es\/wp-json\/wp\/v2\/types\/product"}],"replies":[{"embeddable":true,"href":"https:\/\/scubapanama.com\/es\/wp-json\/wp\/v2\/comments?post=20814"}],"version-history":[{"count":2,"href":"https:\/\/scubapanama.com\/es\/wp-json\/wp\/v2\/product\/20814\/revisions"}],"predecessor-version":[{"id":23217,"href":"https:\/\/scubapanama.com\/es\/wp-json\/wp\/v2\/product\/20814\/revisions\/23217"}],"wp:featuredmedia":[{"embeddable":true,"href":"https:\/\/scubapanama.com\/es\/wp-json\/wp\/v2\/media\/22837"}],"wp:attachment":[{"href":"https:\/\/scubapanama.com\/es\/wp-json\/wp\/v2\/media?parent=20814"}],"wp:term":[{"taxonomy":"product_brand","embeddable":true,"href":"https:\/\/scubapanama.com\/es\/wp-json\/wp\/v2\/product_brand?post=20814"},{"taxonomy":"product_cat","embeddable":true,"href":"https:\/\/scubapanama.com\/es\/wp-json\/wp\/v2\/product_cat?post=20814"},{"taxonomy":"product_tag","embeddable":true,"href":"https:\/\/scubapanama.com\/es\/wp-json\/wp\/v2\/product_tag?post=20814"}],"curies":[{"name":"wp","href":"https:\/\/api.w.org\/{rel}","templated":true}]}}