{"id":20813,"date":"2025-01-23T01:50:54","date_gmt":"2025-01-23T06:50:54","guid":{"rendered":"https:\/\/scubapanama.com\/product\/scubapro-11-331-200-octopus-r195\/"},"modified":"2025-04-23T15:16:21","modified_gmt":"2025-04-23T20:16:21","slug":"scubapro-11-331-200-octopus-r195","status":"publish","type":"product","link":"https:\/\/scubapanama.com\/es\/product\/scubapro-11-331-200-octopus-r195\/","title":{"rendered":"SCUBAPRO OCTOPUS R195 (11.331.200)"},"content":{"rendered":"<p>Cuando necesitas una segunda etapa segura, sueles necesitarla r\u00e1pidamente, as\u00ed que es mejor que la veas y que est\u00e9 lista para suministrar aire. El R195 OCTO hace eso y mucho m\u00e1s. El R195 OCTO es una segunda etapa de dise\u00f1o moderno que combina una v\u00e1lvula cl\u00e1sica de salida con un diafragma grande, un bot\u00f3n de purga funcional y un interruptor VIVA para una respiraci\u00f3n suave y f\u00e1cil, adem\u00e1s de un funcionamiento sencillo. Su construcci\u00f3n robusta, su suministro de aire suave y su fiabilidad hacen del R195 OCTO una segunda etapa pr\u00e1ctica y segura para todos los buceadores y la opci\u00f3n perfecta para tanques de descompresi\u00f3n gracias a su latiguillo extralargo de alta visibilidad y su conexi\u00f3n reversible.<\/p>\n","protected":false},"excerpt":{"rendered":"<p>Cuando necesitas una segunda etapa segura, sueles necesitarla r\u00e1pidamente, as\u00ed que es mejor que la veas y que est\u00e9 lista para suministrar aire.<\/p>\n","protected":false},"featured_media":22812,"comment_status":"open","ping_status":"closed","template":"","meta":{"iawp_total_views":0,"_joinchat":[]},"product_brand":[],"product_cat":[111],"product_tag":[153],"class_list":{"0":"post-20813","1":"product","2":"type-product","3":"status-publish","4":"has-post-thumbnail","6":"product_cat-tienda-online","7":"product_tag-scubapro-es","9":"first","10":"onbackorder","11":"taxable","12":"shipping-taxable","13":"purchasable","14":"product-type-simple"},"booking_location":null,"booking_location_type":null,"booking_duration":null,"booking_duration_unit":null,"booking_buffer":null,"booking_cost":null,"booking_resources":null,"_links":{"self":[{"href":"https:\/\/scubapanama.com\/es\/wp-json\/wp\/v2\/product\/20813","targetHints":{"allow":["GET"]}}],"collection":[{"href":"https:\/\/scubapanama.com\/es\/wp-json\/wp\/v2\/product"}],"about":[{"href":"https:\/\/scubapanama.com\/es\/wp-json\/wp\/v2\/types\/product"}],"replies":[{"embeddable":true,"href":"https:\/\/scubapanama.com\/es\/wp-json\/wp\/v2\/comments?post=20813"}],"version-history":[{"count":2,"href":"https:\/\/scubapanama.com\/es\/wp-json\/wp\/v2\/product\/20813\/revisions"}],"predecessor-version":[{"id":23207,"href":"https:\/\/scubapanama.com\/es\/wp-json\/wp\/v2\/product\/20813\/revisions\/23207"}],"wp:featuredmedia":[{"embeddable":true,"href":"https:\/\/scubapanama.com\/es\/wp-json\/wp\/v2\/media\/22812"}],"wp:attachment":[{"href":"https:\/\/scubapanama.com\/es\/wp-json\/wp\/v2\/media?parent=20813"}],"wp:term":[{"taxonomy":"product_brand","embeddable":true,"href":"https:\/\/scubapanama.com\/es\/wp-json\/wp\/v2\/product_brand?post=20813"},{"taxonomy":"product_cat","embeddable":true,"href":"https:\/\/scubapanama.com\/es\/wp-json\/wp\/v2\/product_cat?post=20813"},{"taxonomy":"product_tag","embeddable":true,"href":"https:\/\/scubapanama.com\/es\/wp-json\/wp\/v2\/product_tag?post=20813"}],"curies":[{"name":"wp","href":"https:\/\/api.w.org\/{rel}","templated":true}]}}