{"id":20812,"date":"2025-01-23T01:50:54","date_gmt":"2025-01-23T06:50:54","guid":{"rendered":"https:\/\/scubapanama.com\/product\/scubapro-05-023-363-3-g-in-l-metal-pg-psi\/"},"modified":"2025-04-23T15:20:49","modified_gmt":"2025-04-23T20:20:49","slug":"scubapro-05-023-363-3-g-in-l-metal-pg-psi","status":"publish","type":"product","link":"https:\/\/scubapanama.com\/es\/product\/scubapro-05-023-363-3-g-in-l-metal-pg-psi\/","title":{"rendered":"SCUBAPRO 3-G IN-L METAL PG PSI (05.023.363)"},"content":{"rendered":"<p>Esta elegante consola de tres indicadores combina un man\u00f3metro de metal SCUBAPRO, un medidor de profundidad y una br\u00fajula FS-2, creando un centro de informaci\u00f3n f\u00e1cil de usar y de un vistazo.<\/p>\n","protected":false},"excerpt":{"rendered":"<p>Esta elegante consola de tres indicadores combina un man\u00f3metro de metal SCUBAPRO.<\/p>\n","protected":false},"featured_media":22795,"comment_status":"open","ping_status":"closed","template":"","meta":{"iawp_total_views":6,"_joinchat":[]},"product_brand":[],"product_cat":[111],"product_tag":[153],"class_list":{"0":"post-20812","1":"product","2":"type-product","3":"status-publish","4":"has-post-thumbnail","6":"product_cat-tienda-online","7":"product_tag-scubapro-es","9":"first","10":"onbackorder","11":"taxable","12":"shipping-taxable","13":"purchasable","14":"product-type-simple"},"booking_location":null,"booking_location_type":null,"booking_duration":null,"booking_duration_unit":null,"booking_buffer":null,"booking_cost":null,"booking_resources":null,"_links":{"self":[{"href":"https:\/\/scubapanama.com\/es\/wp-json\/wp\/v2\/product\/20812","targetHints":{"allow":["GET"]}}],"collection":[{"href":"https:\/\/scubapanama.com\/es\/wp-json\/wp\/v2\/product"}],"about":[{"href":"https:\/\/scubapanama.com\/es\/wp-json\/wp\/v2\/types\/product"}],"replies":[{"embeddable":true,"href":"https:\/\/scubapanama.com\/es\/wp-json\/wp\/v2\/comments?post=20812"}],"version-history":[{"count":2,"href":"https:\/\/scubapanama.com\/es\/wp-json\/wp\/v2\/product\/20812\/revisions"}],"predecessor-version":[{"id":23210,"href":"https:\/\/scubapanama.com\/es\/wp-json\/wp\/v2\/product\/20812\/revisions\/23210"}],"wp:featuredmedia":[{"embeddable":true,"href":"https:\/\/scubapanama.com\/es\/wp-json\/wp\/v2\/media\/22795"}],"wp:attachment":[{"href":"https:\/\/scubapanama.com\/es\/wp-json\/wp\/v2\/media?parent=20812"}],"wp:term":[{"taxonomy":"product_brand","embeddable":true,"href":"https:\/\/scubapanama.com\/es\/wp-json\/wp\/v2\/product_brand?post=20812"},{"taxonomy":"product_cat","embeddable":true,"href":"https:\/\/scubapanama.com\/es\/wp-json\/wp\/v2\/product_cat?post=20812"},{"taxonomy":"product_tag","embeddable":true,"href":"https:\/\/scubapanama.com\/es\/wp-json\/wp\/v2\/product_tag?post=20812"}],"curies":[{"name":"wp","href":"https:\/\/api.w.org\/{rel}","templated":true}]}}