{"id":20806,"date":"2025-01-23T01:50:54","date_gmt":"2025-01-23T06:50:54","guid":{"rendered":"https:\/\/scubapanama.com\/product\/regulador-scubapro-12-175-000-mk11-c370\/"},"modified":"2025-05-21T10:58:22","modified_gmt":"2025-05-21T15:58:22","slug":"regulador-scubapro-12-175-000-mk11-c370","status":"publish","type":"product","link":"https:\/\/scubapanama.com\/es\/product\/regulador-scubapro-12-175-000-mk11-c370\/","title":{"rendered":"SCUBAPRO REGULADOR MK11\/C370 (12.175.000)"},"content":{"rendered":"<p>El MK11 EVO\/C370 es un sistema de suministro de aire compacto y confiable que hace que el buceo sea divertido, dondequiera que lo lleven sus viajes. El nuevo diafragma balanceado MK11 EVO presenta un innovador dise\u00f1o de doble resorte, cuerpo de lat\u00f3n forjado con aletas t\u00e9rmicas y protectores de pl\u00e1stico para evitar rayones. El compacto C370 ofrece pr\u00e1cticos controles de usuario, incluyendo una perilla de esfuerzo de inhalaci\u00f3n ajustable por el buceador, una palanca coaxial de inmersi\u00f3n\/preinmersi\u00f3n y un bot\u00f3n de purga grande y f\u00e1cil de activar.<\/p>\n","protected":false},"excerpt":{"rendered":"<p>El MK11 EVO\/C370 es un sistema de suministro de aire compacto y confiable que hace que el buceo sea divertido, dondequiera que lo lleven sus viajes.<\/p>\n","protected":false},"featured_media":22823,"comment_status":"open","ping_status":"closed","template":"","meta":{"iawp_total_views":7,"_joinchat":[]},"product_brand":[],"product_cat":[111],"product_tag":[153],"class_list":{"0":"post-20806","1":"product","2":"type-product","3":"status-publish","4":"has-post-thumbnail","6":"product_cat-tienda-online","7":"product_tag-scubapro-es","9":"first","10":"onbackorder","11":"taxable","12":"shipping-taxable","13":"purchasable","14":"product-type-simple"},"booking_location":null,"booking_location_type":null,"booking_duration":null,"booking_duration_unit":null,"booking_buffer":null,"booking_cost":null,"booking_resources":null,"_links":{"self":[{"href":"https:\/\/scubapanama.com\/es\/wp-json\/wp\/v2\/product\/20806","targetHints":{"allow":["GET"]}}],"collection":[{"href":"https:\/\/scubapanama.com\/es\/wp-json\/wp\/v2\/product"}],"about":[{"href":"https:\/\/scubapanama.com\/es\/wp-json\/wp\/v2\/types\/product"}],"replies":[{"embeddable":true,"href":"https:\/\/scubapanama.com\/es\/wp-json\/wp\/v2\/comments?post=20806"}],"version-history":[{"count":3,"href":"https:\/\/scubapanama.com\/es\/wp-json\/wp\/v2\/product\/20806\/revisions"}],"predecessor-version":[{"id":29999,"href":"https:\/\/scubapanama.com\/es\/wp-json\/wp\/v2\/product\/20806\/revisions\/29999"}],"wp:featuredmedia":[{"embeddable":true,"href":"https:\/\/scubapanama.com\/es\/wp-json\/wp\/v2\/media\/22823"}],"wp:attachment":[{"href":"https:\/\/scubapanama.com\/es\/wp-json\/wp\/v2\/media?parent=20806"}],"wp:term":[{"taxonomy":"product_brand","embeddable":true,"href":"https:\/\/scubapanama.com\/es\/wp-json\/wp\/v2\/product_brand?post=20806"},{"taxonomy":"product_cat","embeddable":true,"href":"https:\/\/scubapanama.com\/es\/wp-json\/wp\/v2\/product_cat?post=20806"},{"taxonomy":"product_tag","embeddable":true,"href":"https:\/\/scubapanama.com\/es\/wp-json\/wp\/v2\/product_tag?post=20806"}],"curies":[{"name":"wp","href":"https:\/\/api.w.org\/{rel}","templated":true}]}}