{"id":20804,"date":"2025-01-23T01:50:55","date_gmt":"2025-01-23T06:50:55","guid":{"rendered":"https:\/\/scubapanama.com\/product\/regulador-scubapro-12-176-000-mk11evo-c370\/"},"modified":"2025-05-21T10:59:14","modified_gmt":"2025-05-21T15:59:14","slug":"regulador-scubapro-12-176-000-mk11evo-c370","status":"publish","type":"product","link":"https:\/\/scubapanama.com\/es\/product\/regulador-scubapro-12-176-000-mk11evo-c370\/","title":{"rendered":"SCUBAPRO REGULADOR MK11EVO\/C370 (12.176.000)"},"content":{"rendered":"<h3 data-start=\"139\" data-end=\"184\">Regulador de Buceo SCUBAPRO MK11 EVO\/C370<\/h3>\n<p data-start=\"186\" data-end=\"298\"><span class=\"relative -mx-px my-[-0.2rem] rounded px-px py-[0.2rem] transition-colors duration-100 ease-in-out\">El <strong data-start=\"3\" data-end=\"20\">MK11 EVO\/C370<\/strong> es un sistema de regulador compacto, confiable y vers\u00e1til, dise\u00f1ado para ofrecer un rendimiento excepcional en cualquier aventura de buceo.<\/span> <span class=\"relative -mx-px my-[-0.2rem] rounded px-px py-[0.2rem] transition-colors duration-100 ease-in-out\">Ideal para buceadores recreativos y viajeros, combina tecnolog\u00eda avanzada con facilidad de uso.<\/span><\/p>\n<h4 data-start=\"300\" data-end=\"333\">Caracter\u00edsticas principales:<\/h4>\n<ul data-start=\"335\" data-end=\"1083\">\n<li data-start=\"335\" data-end=\"665\">\n<p data-start=\"337\" data-end=\"364\"><strong data-start=\"337\" data-end=\"363\">Primera etapa MK11 EVO<\/strong>:<\/p>\n<ul data-start=\"367\" data-end=\"665\">\n<li data-start=\"367\" data-end=\"406\">\n<p data-start=\"369\" data-end=\"406\"><span class=\"relative -mx-px my-[-0.2rem] rounded px-px py-[0.2rem] transition-colors duration-100 ease-in-out\">Dise\u00f1o de membrana compensada que proporciona un flujo de aire constante y sin esfuerzo, sin importar la profundidad o la presi\u00f3n del tanque.<\/span><\/p>\n<\/li>\n<li data-start=\"409\" data-end=\"450\">\n<p data-start=\"411\" data-end=\"450\"><span class=\"relative -mx-px my-[-0.2rem] rounded px-px py-[0.2rem] transition-colors duration-100 ease-in-out\">Cuerpo de lat\u00f3n forjado con aletas t\u00e9rmicas y topes de pl\u00e1stico para mejorar el intercambio t\u00e9rmico y proteger contra ara\u00f1azos.<\/span><\/p>\n<\/li>\n<li data-start=\"453\" data-end=\"494\">\n<p data-start=\"455\" data-end=\"494\"><span class=\"relative -mx-px my-[-0.2rem] rounded px-px py-[0.2rem] transition-colors duration-100 ease-in-out\">Dos salidas de alta presi\u00f3n dispuestas en un \u00e1ngulo de 15 grados para una orientaci\u00f3n c\u00f3moda de los latiguillos.<\/span><\/p>\n<\/li>\n<li data-start=\"497\" data-end=\"538\">\n<p data-start=\"499\" data-end=\"538\"><span class=\"relative -mx-px my-[-0.2rem] rounded px-px py-[0.2rem] transition-colors duration-100 ease-in-out\">Cuatro salidas de baja presi\u00f3n de alto caudal que maximizan las opciones de orientaci\u00f3n de los latiguillos.<\/span><\/p>\n<\/li>\n<li data-start=\"541\" data-end=\"582\">\n<p data-start=\"543\" data-end=\"582\"><span class=\"relative -mx-px my-[-0.2rem] rounded px-px py-[0.2rem] transition-colors duration-100 ease-in-out\">Configuraci\u00f3n innovadora de doble muelle que mejora el rendimiento y contribuye al tama\u00f1o compacto.<\/span><\/p>\n<\/li>\n<li data-start=\"585\" data-end=\"665\">\n<p data-start=\"587\" data-end=\"665\"><span class=\"relative -mx-px my-[-0.2rem] rounded px-px py-[0.2rem] transition-colors duration-100 ease-in-out\">Presi\u00f3n intermedia ajustable externamente para facilitar y agilizar el ajuste del rendimiento por parte del servicio t\u00e9cnico.<\/span><\/p>\n<\/li>\n<\/ul>\n<\/li>\n<li data-start=\"667\" data-end=\"1083\">\n<p data-start=\"669\" data-end=\"692\"><strong data-start=\"669\" data-end=\"691\">Segunda etapa C370<\/strong>:<\/p>\n<ul data-start=\"695\" data-end=\"1083\">\n<li data-start=\"695\" data-end=\"736\">\n<p data-start=\"697\" data-end=\"736\"><span class=\"relative -mx-px my-[-0.2rem] rounded px-px py-[0.2rem] transition-colors duration-100 ease-in-out\">V\u00e1lvula compensada que reduce el esfuerzo de inhalaci\u00f3n a cualquier profundidad y presi\u00f3n de suministro.<\/span><\/p>\n<\/li>\n<li data-start=\"739\" data-end=\"780\">\n<p data-start=\"741\" data-end=\"780\"><span class=\"relative -mx-px my-[-0.2rem] rounded px-px py-[0.2rem] transition-colors duration-100 ease-in-out\">Carcasa compacta y robusta hecha de termopl\u00e1stico de nailon reforzado con fibra de vidrio, ocupando poco espacio en una bolsa de buceo.<\/span><\/p>\n<\/li>\n<li data-start=\"783\" data-end=\"824\">\n<p data-start=\"785\" data-end=\"824\"><span class=\"relative -mx-px my-[-0.2rem] rounded px-px py-[0.2rem] transition-colors duration-100 ease-in-out\">Estructura de acero inoxidable en la cubierta frontal que le da un toque especial de la Serie C de SCUBAPRO.<\/span><\/p>\n<\/li>\n<li data-start=\"827\" data-end=\"868\">\n<p data-start=\"829\" data-end=\"868\"><span class=\"relative -mx-px my-[-0.2rem] rounded px-px py-[0.2rem] transition-colors duration-100 ease-in-out\">El conducto de descarga contribuye a reducir el esfuerzo de respiraci\u00f3n, mejorando el trabajo de respiraci\u00f3n en un 10% respecto al modelo anterior.<\/span><\/p>\n<\/li>\n<li data-start=\"871\" data-end=\"912\">\n<p data-start=\"873\" data-end=\"912\"><span class=\"relative -mx-px my-[-0.2rem] rounded px-px py-[0.2rem] transition-colors duration-100 ease-in-out\">Controles de usuario incluyen un mando de control del esfuerzo de inhalaci\u00f3n ajustable por el buceador y un mando coaxial para inmersi\u00f3n\/preinmersi\u00f3n.<\/span><\/p>\n<\/li>\n<li data-start=\"915\" data-end=\"956\">\n<p data-start=\"917\" data-end=\"956\"><span class=\"relative -mx-px my-[-0.2rem] rounded px-px py-[0.2rem] transition-colors duration-100 ease-in-out\">Amplio bot\u00f3n de purga, f\u00e1cil de pulsar incluso con guantes gruesos.<\/span><\/p>\n<\/li>\n<li data-start=\"959\" data-end=\"1000\">\n<p data-start=\"961\" data-end=\"1000\"><span class=\"relative -mx-px my-[-0.2rem] rounded px-px py-[0.2rem] transition-colors duration-100 ease-in-out\">Latiguillo de gran caudal con secci\u00f3n interior sobredimensionada que permite un mayor flujo de aire en cada inhalaci\u00f3n.<\/span><\/p>\n<\/li>\n<li data-start=\"1003\" data-end=\"1083\">\n<p data-start=\"1005\" data-end=\"1083\"><span class=\"relative -mx-px my-[-0.2rem] rounded px-px py-[0.2rem] transition-colors duration-100 ease-in-out\">Boquilla compacta de gran caudal que mejora el flujo de aire y aporta mayor comodidad a la boca, adecuada para bocas de cualquier tama\u00f1o.<\/span><\/p>\n<\/li>\n<\/ul>\n<\/li>\n<\/ul>\n<p data-start=\"1085\" data-end=\"1163\"><span class=\"relative -mx-px my-[-0.2rem] rounded px-px py-[0.2rem] transition-colors duration-100 ease-in-out\">El MK11 EVO\/C370 es un equipo de suministro de aire fiable y vers\u00e1til que garantiza la diversi\u00f3n en el buceo, dondequiera que te lleven tus viajes.<\/span><\/p>\n","protected":false},"excerpt":{"rendered":"<p><span class=\"relative -mx-px my-[-0.2rem] rounded px-px py-[0.2rem] transition-colors duration-100 ease-in-out\">El <strong data-start=\"3\" data-end=\"20\">MK11 EVO\/C370<\/strong> es un sistema de regulador compacto, confiable y vers\u00e1til, dise\u00f1ado para ofrecer un rendimiento excepcional en cualquier aventura de buceo.<\/span><\/p>\n","protected":false},"featured_media":22757,"comment_status":"open","ping_status":"closed","template":"","meta":{"iawp_total_views":16,"_joinchat":[]},"product_brand":[],"product_cat":[111],"product_tag":[153],"class_list":{"0":"post-20804","1":"product","2":"type-product","3":"status-publish","4":"has-post-thumbnail","6":"product_cat-tienda-online","7":"product_tag-scubapro-es","9":"first","10":"onbackorder","11":"taxable","12":"shipping-taxable","13":"purchasable","14":"product-type-simple"},"booking_location":null,"booking_location_type":null,"booking_duration":null,"booking_duration_unit":null,"booking_buffer":null,"booking_cost":null,"booking_resources":null,"_links":{"self":[{"href":"https:\/\/scubapanama.com\/es\/wp-json\/wp\/v2\/product\/20804","targetHints":{"allow":["GET"]}}],"collection":[{"href":"https:\/\/scubapanama.com\/es\/wp-json\/wp\/v2\/product"}],"about":[{"href":"https:\/\/scubapanama.com\/es\/wp-json\/wp\/v2\/types\/product"}],"replies":[{"embeddable":true,"href":"https:\/\/scubapanama.com\/es\/wp-json\/wp\/v2\/comments?post=20804"}],"version-history":[{"count":3,"href":"https:\/\/scubapanama.com\/es\/wp-json\/wp\/v2\/product\/20804\/revisions"}],"predecessor-version":[{"id":30001,"href":"https:\/\/scubapanama.com\/es\/wp-json\/wp\/v2\/product\/20804\/revisions\/30001"}],"wp:featuredmedia":[{"embeddable":true,"href":"https:\/\/scubapanama.com\/es\/wp-json\/wp\/v2\/media\/22757"}],"wp:attachment":[{"href":"https:\/\/scubapanama.com\/es\/wp-json\/wp\/v2\/media?parent=20804"}],"wp:term":[{"taxonomy":"product_brand","embeddable":true,"href":"https:\/\/scubapanama.com\/es\/wp-json\/wp\/v2\/product_brand?post=20804"},{"taxonomy":"product_cat","embeddable":true,"href":"https:\/\/scubapanama.com\/es\/wp-json\/wp\/v2\/product_cat?post=20804"},{"taxonomy":"product_tag","embeddable":true,"href":"https:\/\/scubapanama.com\/es\/wp-json\/wp\/v2\/product_tag?post=20804"}],"curies":[{"name":"wp","href":"https:\/\/api.w.org\/{rel}","templated":true}]}}