{"id":20803,"date":"2025-01-23T01:50:55","date_gmt":"2025-01-23T06:50:55","guid":{"rendered":"https:\/\/scubapanama.com\/product\/scubapro-21-621-200-nivel-bcd-pequeno\/"},"modified":"2025-05-13T09:31:49","modified_gmt":"2025-05-13T14:31:49","slug":"scubapro-21-621-200-nivel-bcd-pequeno","status":"publish","type":"product","link":"https:\/\/scubapanama.com\/es\/product\/scubapro-21-621-200-nivel-bcd-pequeno\/","title":{"rendered":"SCUBAPRO NIVEL BCD PEQUE\u00d1O (21.621.200)"},"content":{"rendered":"<h3 data-start=\"97\" data-end=\"140\">Chaleco Hidrost\u00e1tico SCUBAPRO Level BCD<\/h3>\n<p data-start=\"142\" data-end=\"254\"><span class=\"relative -mx-px my-[-0.2rem] rounded px-px py-[0.2rem] transition-colors duration-100 ease-in-out\">El <strong data-start=\"3\" data-end=\"16\">Level BCD<\/strong> es un chaleco hidrost\u00e1tico de ajuste frontal que combina un dise\u00f1o moderno con caracter\u00edsticas de alto rendimiento y comodidad, ideal para cualquier escenario de buceo recreativo.<\/span> <span class=\"relative -mx-px my-[-0.2rem] rounded px-px py-[0.2rem] transition-colors duration-100 ease-in-out\">Su dise\u00f1o actualizado presenta gr\u00e1ficos llamativos en tonos plateados, azules y blancos, destac\u00e1ndose en cualquier entorno de buceo.<\/span><\/p>\n<h4 data-start=\"256\" data-end=\"289\">Caracter\u00edsticas principales:<\/h4>\n<ul data-start=\"291\" data-end=\"1555\">\n<li data-start=\"291\" data-end=\"450\">\n<p data-start=\"293\" data-end=\"450\"><strong data-start=\"293\" data-end=\"332\">Vejiga envolvente de alta tenacidad<\/strong>: <span class=\"relative -mx-px my-[-0.2rem] rounded px-px py-[0.2rem] transition-colors duration-100 ease-in-out\">Fabricada con tejido de nailon EndurTex 420 de alta tenacidad, es ligera pero extremadamente resistente, y est\u00e1 dise\u00f1ada para envolver c\u00f3modamente el cuerpo sin causar pellizcos.<\/span><\/p>\n<\/li>\n<li data-start=\"452\" data-end=\"598\">\n<p data-start=\"454\" data-end=\"598\"><strong data-start=\"454\" data-end=\"478\">Ajuste personalizado<\/strong>: <span class=\"relative -mx-px my-[-0.2rem] rounded px-px py-[0.2rem] transition-colors duration-100 ease-in-out\">Las correas con hebillas giratorias de liberaci\u00f3n r\u00e1pida en los hombros, la correa del estern\u00f3n y el cintur\u00f3n ventral con cincha superpuesta y doble tirador permiten un ajuste preciso y c\u00f3modo.<\/span><\/p>\n<\/li>\n<li data-start=\"600\" data-end=\"780\">\n<p data-start=\"602\" data-end=\"780\"><strong data-start=\"602\" data-end=\"660\">Mochila de gran tama\u00f1o y cincha de botella Super Cinch<\/strong>: <span class=\"relative -mx-px my-[-0.2rem] rounded px-px py-[0.2rem] transition-colors duration-100 ease-in-out\">La mochila de gran tama\u00f1o, junto con la cincha de botella Super Cinch, mantiene la botella firmemente en su lugar, maximizando la estabilidad durante la inmersi\u00f3n.<\/span><\/p>\n<\/li>\n<li data-start=\"782\" data-end=\"935\">\n<p data-start=\"784\" data-end=\"935\"><strong data-start=\"784\" data-end=\"815\">Sistema de lastre integrado<\/strong>: <span class=\"relative -mx-px my-[-0.2rem] rounded px-px py-[0.2rem] transition-colors duration-100 ease-in-out\">Los bolsillos de lastre integrados de liberaci\u00f3n r\u00e1pida pueden almacenar hasta 5 kg de lastre cada uno y cuentan con hebillas planas de 40 mm de bajo perfil para mayor seguridad.<\/span><\/p>\n<\/li>\n<li data-start=\"937\" data-end=\"1103\">\n<p data-start=\"939\" data-end=\"1103\"><strong data-start=\"939\" data-end=\"983\">Bolsillos de trimado traseros opcionales<\/strong>: <span class=\"relative -mx-px my-[-0.2rem] rounded px-px py-[0.2rem] transition-colors duration-100 ease-in-out\">Los bolsillos de trimado traseros ayudan a distribuir el peso del lastre y favorecen una posici\u00f3n natatoria equilibrada.<\/span><\/p>\n<\/li>\n<li data-start=\"1105\" data-end=\"1265\">\n<p data-start=\"1107\" data-end=\"1265\"><strong data-start=\"1107\" data-end=\"1145\">Amplia capacidad de almacenamiento<\/strong>: <span class=\"relative -mx-px my-[-0.2rem] rounded px-px py-[0.2rem] transition-colors duration-100 ease-in-out\">Incluye dos amplios bolsillos con cierre de velcro, uno de los cuales est\u00e1 equipado con ojales met\u00e1licos para insertar un cuchillo, y cuatro anillas D de acero inoxidable para enganchar material adicional.<\/span><\/p>\n<\/li>\n<li data-start=\"1267\" data-end=\"1407\">\n<p data-start=\"1269\" data-end=\"1407\"><strong data-start=\"1269\" data-end=\"1287\">Bolsillos Octo<\/strong>: <span class=\"relative -mx-px my-[-0.2rem] rounded px-px py-[0.2rem] transition-colors duration-100 ease-in-out\">Dos bolsillos dise\u00f1ados para almacenar una segunda etapa de repuesto y un latiguillo para consola.<\/span><\/p>\n<\/li>\n<li data-start=\"1409\" data-end=\"1555\">\n<p data-start=\"1411\" data-end=\"1555\"><strong data-start=\"1411\" data-end=\"1435\">Inflador equilibrado<\/strong>: <span class=\"relative -mx-px my-[-0.2rem] rounded px-px py-[0.2rem] transition-colors duration-100 ease-in-out\">El inflador equilibrado permite un control preciso de la flotabilidad y una r\u00e1pida respuesta a los cambios de profundidad.<\/span><\/p>\n<\/li>\n<\/ul>\n<h4 data-start=\"1557\" data-end=\"1588\">Especificaciones t\u00e9cnicas:<\/h4>\n<ul data-start=\"1590\" data-end=\"2022\">\n<li data-start=\"1590\" data-end=\"1738\">\n<p data-start=\"1592\" data-end=\"1738\"><strong data-start=\"1592\" data-end=\"1618\">Capacidad de elevaci\u00f3n<\/strong>: <span class=\"relative -mx-px my-[-0.2rem] rounded px-px py-[0.2rem] transition-colors duration-100 ease-in-out\">Var\u00eda seg\u00fan el tama\u00f1o, desde 10.2 kg (XS) hasta 17.3 kg (XL).<\/span><\/p>\n<\/li>\n<li data-start=\"1740\" data-end=\"1875\">\n<p data-start=\"1742\" data-end=\"1875\"><strong data-start=\"1742\" data-end=\"1755\">Peso seco<\/strong>: <span class=\"relative -mx-px my-[-0.2rem] rounded px-px py-[0.2rem] transition-colors duration-100 ease-in-out\">Desde 2.9 kg (XS) hasta 3.3 kg (XL).<\/span><\/p>\n<\/li>\n<li data-start=\"1877\" data-end=\"2022\">\n<p data-start=\"1879\" data-end=\"2022\"><strong data-start=\"1879\" data-end=\"1902\">Tama\u00f1os disponibles<\/strong>: <span class=\"relative -mx-px my-[-0.2rem] rounded px-px py-[0.2rem] transition-colors duration-100 ease-in-out\">XS, S, M, L, XL.<\/span><\/p>\n<\/li>\n<\/ul>\n<p data-start=\"2024\" data-end=\"2102\"><span class=\"relative -mx-px my-[-0.2rem] rounded px-px py-[0.2rem] transition-colors duration-100 ease-in-out\">El SCUBAPRO Level BCD es la elecci\u00f3n perfecta para buceadores que buscan un chaleco hidrost\u00e1tico que combine estilo, confort y funcionalidad en sus inmersiones recreativas.<\/span><\/p>\n","protected":false},"excerpt":{"rendered":"<p><span class=\"relative -mx-px my-[-0.2rem] rounded px-px py-[0.2rem] transition-colors duration-100 ease-in-out\">El <strong data-start=\"3\" data-end=\"16\">Level BCD<\/strong> es un chaleco hidrost\u00e1tico de ajuste frontal que combina un dise\u00f1o moderno con caracter\u00edsticas de alto rendimiento y comodidad, ideal para cualquier escenario de buceo recreativo.<\/span><\/p>\n","protected":false},"featured_media":22775,"comment_status":"open","ping_status":"closed","template":"","meta":{"iawp_total_views":2,"_joinchat":[]},"product_brand":[],"product_cat":[111],"product_tag":[168,153],"class_list":{"0":"post-20803","1":"product","2":"type-product","3":"status-publish","4":"has-post-thumbnail","6":"product_cat-tienda-online","7":"product_tag-bcd-es","8":"product_tag-scubapro-es","10":"first","11":"onbackorder","12":"taxable","13":"shipping-taxable","14":"purchasable","15":"product-type-simple"},"booking_location":null,"booking_location_type":null,"booking_duration":null,"booking_duration_unit":null,"booking_buffer":null,"booking_cost":null,"booking_resources":null,"_links":{"self":[{"href":"https:\/\/scubapanama.com\/es\/wp-json\/wp\/v2\/product\/20803","targetHints":{"allow":["GET"]}}],"collection":[{"href":"https:\/\/scubapanama.com\/es\/wp-json\/wp\/v2\/product"}],"about":[{"href":"https:\/\/scubapanama.com\/es\/wp-json\/wp\/v2\/types\/product"}],"replies":[{"embeddable":true,"href":"https:\/\/scubapanama.com\/es\/wp-json\/wp\/v2\/comments?post=20803"}],"version-history":[{"count":3,"href":"https:\/\/scubapanama.com\/es\/wp-json\/wp\/v2\/product\/20803\/revisions"}],"predecessor-version":[{"id":26666,"href":"https:\/\/scubapanama.com\/es\/wp-json\/wp\/v2\/product\/20803\/revisions\/26666"}],"wp:featuredmedia":[{"embeddable":true,"href":"https:\/\/scubapanama.com\/es\/wp-json\/wp\/v2\/media\/22775"}],"wp:attachment":[{"href":"https:\/\/scubapanama.com\/es\/wp-json\/wp\/v2\/media?parent=20803"}],"wp:term":[{"taxonomy":"product_brand","embeddable":true,"href":"https:\/\/scubapanama.com\/es\/wp-json\/wp\/v2\/product_brand?post=20803"},{"taxonomy":"product_cat","embeddable":true,"href":"https:\/\/scubapanama.com\/es\/wp-json\/wp\/v2\/product_cat?post=20803"},{"taxonomy":"product_tag","embeddable":true,"href":"https:\/\/scubapanama.com\/es\/wp-json\/wp\/v2\/product_tag?post=20803"}],"curies":[{"name":"wp","href":"https:\/\/api.w.org\/{rel}","templated":true}]}}