{"id":20802,"date":"2025-01-23T01:50:55","date_gmt":"2025-01-23T06:50:55","guid":{"rendered":"https:\/\/scubapanama.com\/product\/regulador-scubapro-12-620-000-mk25-evo-s620ti\/"},"modified":"2025-05-21T10:59:24","modified_gmt":"2025-05-21T15:59:24","slug":"regulador-scubapro-12-620-000-mk25-evo-s620ti","status":"publish","type":"product","link":"https:\/\/scubapanama.com\/es\/product\/regulador-scubapro-12-620-000-mk25-evo-s620ti\/","title":{"rendered":"SCUBAPRO REGULADOR MK25 EVO\/S620TI (12.620.000)"},"content":{"rendered":"<div class=\"container\">\n<div id=\"collapse-overview\" class=\"collapse show\" role=\"tabpanel\" data-parent=\"#content\" aria-labelledby=\"heading-overview\">\n<div class=\"card-body\">\n<p>SCUBAPRO combina su primera etapa MK25 EVO de alto rendimiento con su segunda etapa S620 Ti de alto rendimiento para crear un sistema regulador multiusos y de \u00e9xito en cualquier clima. El MK25 EVO ofrece una excelente resistencia a la congelaci\u00f3n, una sensibilidad de inhalaci\u00f3n excepcional y un suministro de aire instant\u00e1neo a demanda. El S620 Ti incorpora las mejores caracter\u00edsticas del reconocido S600 de SCUBAPRO en un dise\u00f1o mejorado y vanguardista. M\u00e1s peque\u00f1o y ligero que el S600, pero con el mismo tama\u00f1o de diafragma, el S620 Ti proporciona un flujo de aire fluido en todas las condiciones de inmersi\u00f3n. El tubo de entrada de titanio es ultraligero, el amplio bot\u00f3n de purga mejora la circulaci\u00f3n del agua y la te de escape redise\u00f1ada aumenta el rendimiento, a la vez que dirige las burbujas fuera del campo de visi\u00f3n. En cualquier temperatura del agua y en cualquier condici\u00f3n de inmersi\u00f3n, este sistema regulador es un ganador.<\/p>\n<\/div>\n<\/div>\n<\/div>\n","protected":false},"excerpt":{"rendered":"<p>SCUBAPRO combina su primera etapa MK25 EVO de alto rendimiento con su segunda etapa S620 Ti de alto rendimiento para crear un sistema regulador multiusos y de \u00e9xito en cualquier clima.<\/p>\n","protected":false},"featured_media":22762,"comment_status":"open","ping_status":"closed","template":"","meta":{"iawp_total_views":12,"_joinchat":[]},"product_brand":[],"product_cat":[111],"product_tag":[153],"class_list":{"0":"post-20802","1":"product","2":"type-product","3":"status-publish","4":"has-post-thumbnail","6":"product_cat-tienda-online","7":"product_tag-scubapro-es","9":"first","10":"onbackorder","11":"taxable","12":"shipping-taxable","13":"purchasable","14":"product-type-simple"},"booking_location":null,"booking_location_type":null,"booking_duration":null,"booking_duration_unit":null,"booking_buffer":null,"booking_cost":null,"booking_resources":null,"_links":{"self":[{"href":"https:\/\/scubapanama.com\/es\/wp-json\/wp\/v2\/product\/20802","targetHints":{"allow":["GET"]}}],"collection":[{"href":"https:\/\/scubapanama.com\/es\/wp-json\/wp\/v2\/product"}],"about":[{"href":"https:\/\/scubapanama.com\/es\/wp-json\/wp\/v2\/types\/product"}],"replies":[{"embeddable":true,"href":"https:\/\/scubapanama.com\/es\/wp-json\/wp\/v2\/comments?post=20802"}],"version-history":[{"count":5,"href":"https:\/\/scubapanama.com\/es\/wp-json\/wp\/v2\/product\/20802\/revisions"}],"predecessor-version":[{"id":30002,"href":"https:\/\/scubapanama.com\/es\/wp-json\/wp\/v2\/product\/20802\/revisions\/30002"}],"wp:featuredmedia":[{"embeddable":true,"href":"https:\/\/scubapanama.com\/es\/wp-json\/wp\/v2\/media\/22762"}],"wp:attachment":[{"href":"https:\/\/scubapanama.com\/es\/wp-json\/wp\/v2\/media?parent=20802"}],"wp:term":[{"taxonomy":"product_brand","embeddable":true,"href":"https:\/\/scubapanama.com\/es\/wp-json\/wp\/v2\/product_brand?post=20802"},{"taxonomy":"product_cat","embeddable":true,"href":"https:\/\/scubapanama.com\/es\/wp-json\/wp\/v2\/product_cat?post=20802"},{"taxonomy":"product_tag","embeddable":true,"href":"https:\/\/scubapanama.com\/es\/wp-json\/wp\/v2\/product_tag?post=20802"}],"curies":[{"name":"wp","href":"https:\/\/api.w.org\/{rel}","templated":true}]}}