{"id":20799,"date":"2025-01-23T01:50:55","date_gmt":"2025-01-23T06:50:55","guid":{"rendered":"https:\/\/scubapanama.com\/product\/scubapro-21-621-400-bsd-nivel-grande\/"},"modified":"2025-04-23T14:34:46","modified_gmt":"2025-04-23T19:34:46","slug":"scubapro-21-621-400-bsd-nivel-grande","status":"publish","type":"product","link":"https:\/\/scubapanama.com\/es\/product\/scubapro-21-621-400-bsd-nivel-grande\/","title":{"rendered":"SCUBAPRO BSD NIVEL GRANDE (21.621.400)"},"content":{"rendered":"<p>Un dise\u00f1o fresco con llamativos gr\u00e1ficos en plata, azul y blanco hace que el BCD Level destaque entre los buceadores. Adem\u00e1s de su atractivo dise\u00f1o, este BCD ajustable frontalmente ofrece todas las caracter\u00edsticas de rendimiento y comodidad necesarias para cualquier situaci\u00f3n de buceo recreativo. La vejiga, fabricada con nailon EndurTex 420 de alta tenacidad, es ligera pero extremadamente resistente, y est\u00e1 dise\u00f1ada para envolver el cuerpo c\u00f3modamente sin apretar. Las hebillas giratorias de liberaci\u00f3n r\u00e1pida permiten optimizar la colocaci\u00f3n de las correas de los hombros para mayor comodidad, y la correa de estern\u00f3n y el faj\u00edn ajustable con doble tirador sobre la correa ofrecen un ajuste perfecto.<\/p>\n","protected":false},"excerpt":{"rendered":"<p>Un dise\u00f1o fresco con llamativos gr\u00e1ficos en plata, azul y blanco hace que el BCD Level destaque entre los buceadores. Adem\u00e1s de su atractivo dise\u00f1o, este BCD ajustable frontalmente ofrece todas las caracter\u00edsticas de rendimiento y comodidad necesarias para cualquier situaci\u00f3n de buceo recreativo.<\/p>\n","protected":false},"featured_media":22775,"comment_status":"open","ping_status":"closed","template":"","meta":{"iawp_total_views":2,"_joinchat":[]},"product_brand":[],"product_cat":[111],"product_tag":[168,153],"class_list":{"0":"post-20799","1":"product","2":"type-product","3":"status-publish","4":"has-post-thumbnail","6":"product_cat-tienda-online","7":"product_tag-bcd-es","8":"product_tag-scubapro-es","10":"first","11":"onbackorder","12":"taxable","13":"shipping-taxable","14":"purchasable","15":"product-type-simple"},"booking_location":null,"booking_location_type":null,"booking_duration":null,"booking_duration_unit":null,"booking_buffer":null,"booking_cost":null,"booking_resources":null,"_links":{"self":[{"href":"https:\/\/scubapanama.com\/es\/wp-json\/wp\/v2\/product\/20799","targetHints":{"allow":["GET"]}}],"collection":[{"href":"https:\/\/scubapanama.com\/es\/wp-json\/wp\/v2\/product"}],"about":[{"href":"https:\/\/scubapanama.com\/es\/wp-json\/wp\/v2\/types\/product"}],"replies":[{"embeddable":true,"href":"https:\/\/scubapanama.com\/es\/wp-json\/wp\/v2\/comments?post=20799"}],"version-history":[{"count":2,"href":"https:\/\/scubapanama.com\/es\/wp-json\/wp\/v2\/product\/20799\/revisions"}],"predecessor-version":[{"id":23188,"href":"https:\/\/scubapanama.com\/es\/wp-json\/wp\/v2\/product\/20799\/revisions\/23188"}],"wp:featuredmedia":[{"embeddable":true,"href":"https:\/\/scubapanama.com\/es\/wp-json\/wp\/v2\/media\/22775"}],"wp:attachment":[{"href":"https:\/\/scubapanama.com\/es\/wp-json\/wp\/v2\/media?parent=20799"}],"wp:term":[{"taxonomy":"product_brand","embeddable":true,"href":"https:\/\/scubapanama.com\/es\/wp-json\/wp\/v2\/product_brand?post=20799"},{"taxonomy":"product_cat","embeddable":true,"href":"https:\/\/scubapanama.com\/es\/wp-json\/wp\/v2\/product_cat?post=20799"},{"taxonomy":"product_tag","embeddable":true,"href":"https:\/\/scubapanama.com\/es\/wp-json\/wp\/v2\/product_tag?post=20799"}],"curies":[{"name":"wp","href":"https:\/\/api.w.org\/{rel}","templated":true}]}}