{"id":20798,"date":"2025-01-23T01:50:55","date_gmt":"2025-01-23T06:50:55","guid":{"rendered":"https:\/\/scubapanama.com\/product\/scubapro-21-620-200-bcd-go-small\/"},"modified":"2025-04-23T14:30:57","modified_gmt":"2025-04-23T19:30:57","slug":"scubapro-21-620-200-bcd-go-small","status":"publish","type":"product","link":"https:\/\/scubapanama.com\/es\/product\/scubapro-21-620-200-bcd-go-small\/","title":{"rendered":"SCUBAPRO BCD GO SMALL (21.620.200)"},"content":{"rendered":"<div class=\"container\">\n<div id=\"collapse-overview\" class=\"collapse show\" role=\"tabpanel\" data-parent=\"#content\" aria-labelledby=\"heading-overview\">\n<div class=\"card-body\">\n<p><span>Un aut\u00e9ntico chaleco hidrost\u00e1tico de viaje, el GO es ligero y plegable, pero cuenta con numerosas caracter\u00edsticas como bolsillos frontales integrados para lastre, dos amplios bolsillos de carga de vaciado r\u00e1pido, dos bolsillos octogonales y el sistema de hebilla de botella Quick Cinch de SCUBAPRO, f\u00e1cil de usar. Este innovador conjunto de correas para botella patentado se ajusta f\u00e1cilmente y se adapta a cualquier tama\u00f1o de botella, en caso de que tengas que alquilar diferentes botellas en distintos destinos de buceo. La mochila ergon\u00f3mica Air-Net es ligera y suave, por lo que se puede plegar f\u00e1cilmente en tu bolsa de viaje, lista para tu pr\u00f3xima aventura de buceo.<\/span><\/p>\n<\/div>\n<\/div>\n<\/div>\n","protected":false},"excerpt":{"rendered":"<div class=\"container\">\n<div id=\"collapse-overview\" class=\"collapse show\" role=\"tabpanel\" data-parent=\"#content\" aria-labelledby=\"heading-overview\">\n<div class=\"card-body\">\n<p><span>Un aut\u00e9ntico chaleco hidrost\u00e1tico de viaje, el GO es ligero y plegable, pero cuenta con numerosas caracter\u00edsticas como bolsillos frontales integrados para lastre, dos amplios bolsillos de carga de vaciado r\u00e1pido, dos bolsillos octogonales y el sistema de hebilla de botella Quick Cinch de SCUBAPRO, f\u00e1cil de usar.\u00a0<\/span><\/p>\n<\/div>\n<\/div>\n<\/div>\n","protected":false},"featured_media":22767,"comment_status":"open","ping_status":"closed","template":"","meta":{"iawp_total_views":7,"_joinchat":[]},"product_brand":[],"product_cat":[111],"product_tag":[168,153],"class_list":{"0":"post-20798","1":"product","2":"type-product","3":"status-publish","4":"has-post-thumbnail","6":"product_cat-tienda-online","7":"product_tag-bcd-es","8":"product_tag-scubapro-es","10":"first","11":"onbackorder","12":"taxable","13":"shipping-taxable","14":"purchasable","15":"product-type-simple"},"booking_location":null,"booking_location_type":null,"booking_duration":null,"booking_duration_unit":null,"booking_buffer":null,"booking_cost":null,"booking_resources":null,"_links":{"self":[{"href":"https:\/\/scubapanama.com\/es\/wp-json\/wp\/v2\/product\/20798","targetHints":{"allow":["GET"]}}],"collection":[{"href":"https:\/\/scubapanama.com\/es\/wp-json\/wp\/v2\/product"}],"about":[{"href":"https:\/\/scubapanama.com\/es\/wp-json\/wp\/v2\/types\/product"}],"replies":[{"embeddable":true,"href":"https:\/\/scubapanama.com\/es\/wp-json\/wp\/v2\/comments?post=20798"}],"version-history":[{"count":2,"href":"https:\/\/scubapanama.com\/es\/wp-json\/wp\/v2\/product\/20798\/revisions"}],"predecessor-version":[{"id":23186,"href":"https:\/\/scubapanama.com\/es\/wp-json\/wp\/v2\/product\/20798\/revisions\/23186"}],"wp:featuredmedia":[{"embeddable":true,"href":"https:\/\/scubapanama.com\/es\/wp-json\/wp\/v2\/media\/22767"}],"wp:attachment":[{"href":"https:\/\/scubapanama.com\/es\/wp-json\/wp\/v2\/media?parent=20798"}],"wp:term":[{"taxonomy":"product_brand","embeddable":true,"href":"https:\/\/scubapanama.com\/es\/wp-json\/wp\/v2\/product_brand?post=20798"},{"taxonomy":"product_cat","embeddable":true,"href":"https:\/\/scubapanama.com\/es\/wp-json\/wp\/v2\/product_cat?post=20798"},{"taxonomy":"product_tag","embeddable":true,"href":"https:\/\/scubapanama.com\/es\/wp-json\/wp\/v2\/product_tag?post=20798"}],"curies":[{"name":"wp","href":"https:\/\/api.w.org\/{rel}","templated":true}]}}