{"id":20791,"date":"2025-01-23T01:50:56","date_gmt":"2025-01-23T06:50:56","guid":{"rendered":"https:\/\/scubapanama.com\/product\/scubapro-22-241-001-s-tek-pure-arness-s-s\/"},"modified":"2025-04-23T14:00:12","modified_gmt":"2025-04-23T19:00:12","slug":"scubapro-22-241-001-s-tek-pure-arness-s-s","status":"publish","type":"product","link":"https:\/\/scubapanama.com\/es\/product\/scubapro-22-241-001-s-tek-pure-arness-s-s\/","title":{"rendered":"SCUBAPRO S-TEK PURE ARNESS, S.S. (22.241.001)"},"content":{"rendered":"<p>El arn\u00e9s SCUBAPRO S-Tek Pure con placa posterior sigue el enfoque DIR (Doing It Right) para el buceo BPW con su dise\u00f1o aerodin\u00e1mico y minimalista.<\/p>\n","protected":false},"excerpt":{"rendered":"<p>El arn\u00e9s SCUBAPRO S-Tek Pure con placa posterior sigue el enfoque DIR (Doing It Right) para el buceo BPW con su dise\u00f1o aerodin\u00e1mico y minimalista.<\/p>\n","protected":false},"featured_media":22598,"comment_status":"open","ping_status":"closed","template":"","meta":{"iawp_total_views":2,"_joinchat":[]},"product_brand":[],"product_cat":[111],"product_tag":[168,153],"class_list":{"0":"post-20791","1":"product","2":"type-product","3":"status-publish","4":"has-post-thumbnail","6":"product_cat-tienda-online","7":"product_tag-bcd-es","8":"product_tag-scubapro-es","10":"first","11":"instock","12":"taxable","13":"shipping-taxable","14":"purchasable","15":"product-type-simple"},"booking_location":null,"booking_location_type":null,"booking_duration":null,"booking_duration_unit":null,"booking_buffer":null,"booking_cost":null,"booking_resources":null,"_links":{"self":[{"href":"https:\/\/scubapanama.com\/es\/wp-json\/wp\/v2\/product\/20791","targetHints":{"allow":["GET"]}}],"collection":[{"href":"https:\/\/scubapanama.com\/es\/wp-json\/wp\/v2\/product"}],"about":[{"href":"https:\/\/scubapanama.com\/es\/wp-json\/wp\/v2\/types\/product"}],"replies":[{"embeddable":true,"href":"https:\/\/scubapanama.com\/es\/wp-json\/wp\/v2\/comments?post=20791"}],"version-history":[{"count":1,"href":"https:\/\/scubapanama.com\/es\/wp-json\/wp\/v2\/product\/20791\/revisions"}],"predecessor-version":[{"id":23173,"href":"https:\/\/scubapanama.com\/es\/wp-json\/wp\/v2\/product\/20791\/revisions\/23173"}],"wp:featuredmedia":[{"embeddable":true,"href":"https:\/\/scubapanama.com\/es\/wp-json\/wp\/v2\/media\/22598"}],"wp:attachment":[{"href":"https:\/\/scubapanama.com\/es\/wp-json\/wp\/v2\/media?parent=20791"}],"wp:term":[{"taxonomy":"product_brand","embeddable":true,"href":"https:\/\/scubapanama.com\/es\/wp-json\/wp\/v2\/product_brand?post=20791"},{"taxonomy":"product_cat","embeddable":true,"href":"https:\/\/scubapanama.com\/es\/wp-json\/wp\/v2\/product_cat?post=20791"},{"taxonomy":"product_tag","embeddable":true,"href":"https:\/\/scubapanama.com\/es\/wp-json\/wp\/v2\/product_tag?post=20791"}],"curies":[{"name":"wp","href":"https:\/\/api.w.org\/{rel}","templated":true}]}}