{"id":20789,"date":"2025-01-23T01:50:56","date_gmt":"2025-01-23T06:50:56","guid":{"rendered":"https:\/\/scubapanama.com\/product\/scubapro-22-242-002-arnes-s-teckpro-aluminion\/"},"modified":"2025-04-23T14:02:01","modified_gmt":"2025-04-23T19:02:01","slug":"scubapro-22-242-002-arnes-s-teckpro-aluminion","status":"publish","type":"product","link":"https:\/\/scubapanama.com\/es\/product\/scubapro-22-242-002-arnes-s-teckpro-aluminion\/","title":{"rendered":"SCUBAPRO ARN\u00c9S S-TECKPRO ALUMINION (22.242.002)"},"content":{"rendered":"<p>El revolucionario dise\u00f1o del sistema S-Tek Pro es robusto y est\u00e1 repleto de caracter\u00edsticas que hacen que su tiempo en profundidad sea m\u00e1s c\u00f3modo y placentero. Dise\u00f1ado para brindar practicidad y comodidad, este sistema cuenta con una placa dorsal 3D con arn\u00e9s que incluye hombreras TEK LOC ajustables para garantizar un ajuste perfecto y almohadillas moldeadas de Monprene\u00ae que brindan amortiguaci\u00f3n sin a\u00f1adir volumen ni flotabilidad.<\/p>\n","protected":false},"excerpt":{"rendered":"<p>El revolucionario dise\u00f1o del sistema S-Tek Pro es robusto y est\u00e1 repleto de caracter\u00edsticas que hacen que su tiempo en profundidad sea m\u00e1s c\u00f3modo y placentero.<\/p>\n","protected":false},"featured_media":22602,"comment_status":"open","ping_status":"closed","template":"","meta":{"iawp_total_views":5,"_joinchat":[]},"product_brand":[],"product_cat":[111],"product_tag":[168,153],"class_list":{"0":"post-20789","1":"product","2":"type-product","3":"status-publish","4":"has-post-thumbnail","6":"product_cat-tienda-online","7":"product_tag-bcd-es","8":"product_tag-scubapro-es","10":"first","11":"instock","12":"taxable","13":"shipping-taxable","14":"purchasable","15":"product-type-simple"},"booking_location":null,"booking_location_type":null,"booking_duration":null,"booking_duration_unit":null,"booking_buffer":null,"booking_cost":null,"booking_resources":null,"_links":{"self":[{"href":"https:\/\/scubapanama.com\/es\/wp-json\/wp\/v2\/product\/20789","targetHints":{"allow":["GET"]}}],"collection":[{"href":"https:\/\/scubapanama.com\/es\/wp-json\/wp\/v2\/product"}],"about":[{"href":"https:\/\/scubapanama.com\/es\/wp-json\/wp\/v2\/types\/product"}],"replies":[{"embeddable":true,"href":"https:\/\/scubapanama.com\/es\/wp-json\/wp\/v2\/comments?post=20789"}],"version-history":[{"count":2,"href":"https:\/\/scubapanama.com\/es\/wp-json\/wp\/v2\/product\/20789\/revisions"}],"predecessor-version":[{"id":23168,"href":"https:\/\/scubapanama.com\/es\/wp-json\/wp\/v2\/product\/20789\/revisions\/23168"}],"wp:featuredmedia":[{"embeddable":true,"href":"https:\/\/scubapanama.com\/es\/wp-json\/wp\/v2\/media\/22602"}],"wp:attachment":[{"href":"https:\/\/scubapanama.com\/es\/wp-json\/wp\/v2\/media?parent=20789"}],"wp:term":[{"taxonomy":"product_brand","embeddable":true,"href":"https:\/\/scubapanama.com\/es\/wp-json\/wp\/v2\/product_brand?post=20789"},{"taxonomy":"product_cat","embeddable":true,"href":"https:\/\/scubapanama.com\/es\/wp-json\/wp\/v2\/product_cat?post=20789"},{"taxonomy":"product_tag","embeddable":true,"href":"https:\/\/scubapanama.com\/es\/wp-json\/wp\/v2\/product_tag?post=20789"}],"curies":[{"name":"wp","href":"https:\/\/api.w.org\/{rel}","templated":true}]}}