{"id":20788,"date":"2025-01-23T01:50:56","date_gmt":"2025-01-23T06:50:56","guid":{"rendered":"https:\/\/scubapanama.com\/product\/scubapro-21-730-300-hydros-pro-men-bcd-negro-medio\/"},"modified":"2025-04-23T13:47:53","modified_gmt":"2025-04-23T18:47:53","slug":"scubapro-21-730-300-hydros-pro-men-bcd-negro-medio","status":"publish","type":"product","link":"https:\/\/scubapanama.com\/es\/product\/scubapro-21-730-300-hydros-pro-men-bcd-negro-medio\/","title":{"rendered":"SCUBAPRO HYDROS PRO MEN BCD NEGRO MEDIO (21.730.300)"},"content":{"rendered":"<p>El HYDROS PRO es una aut\u00e9ntica revoluci\u00f3n en comodidad y practicidad para el buceo. Su Monprene\u00ae moldeable, su ajuste ajustable y sus m\u00faltiples puntos de fijaci\u00f3n lo convierten en el chaleco hidrost\u00e1tico m\u00e1s personalizable y c\u00f3modo hasta la fecha. El HYDROS PRO incluye correas Trav-Tek y un sistema de lastre integrado. Con un r\u00e1pido cambio de clips, puede transformarlo de un chaleco hidrost\u00e1tico de viaje con arn\u00e9s a un chaleco hidrost\u00e1tico con lastre integrado. \u00a1Ahora solo necesita un chaleco hidrost\u00e1tico para buceo local y viajes! Su dise\u00f1o plegable incluye una mochila de viaje con espacio para todo su equipo de buceo, lo que lo convierte en perfecto para cualquier destino. Ganador del premio Red Dot 2016 al dise\u00f1o de producto, el HYDROS PRO es una incre\u00edble proeza de ingenier\u00eda de SCUBAPRO, dise\u00f1ado para los amantes del buceo.<\/p>\n","protected":false},"excerpt":{"rendered":"<p>El HYDROS PRO es una aut\u00e9ntica revoluci\u00f3n en comodidad y practicidad para el buceo.<\/p>\n","protected":false},"featured_media":22584,"comment_status":"open","ping_status":"closed","template":"","meta":{"iawp_total_views":6,"_joinchat":[]},"product_brand":[],"product_cat":[111],"product_tag":[168,153],"class_list":{"0":"post-20788","1":"product","2":"type-product","3":"status-publish","4":"has-post-thumbnail","6":"product_cat-tienda-online","7":"product_tag-bcd-es","8":"product_tag-scubapro-es","10":"first","11":"onbackorder","12":"taxable","13":"shipping-taxable","14":"purchasable","15":"product-type-simple"},"booking_location":null,"booking_location_type":null,"booking_duration":null,"booking_duration_unit":null,"booking_buffer":null,"booking_cost":null,"booking_resources":null,"_links":{"self":[{"href":"https:\/\/scubapanama.com\/es\/wp-json\/wp\/v2\/product\/20788","targetHints":{"allow":["GET"]}}],"collection":[{"href":"https:\/\/scubapanama.com\/es\/wp-json\/wp\/v2\/product"}],"about":[{"href":"https:\/\/scubapanama.com\/es\/wp-json\/wp\/v2\/types\/product"}],"replies":[{"embeddable":true,"href":"https:\/\/scubapanama.com\/es\/wp-json\/wp\/v2\/comments?post=20788"}],"version-history":[{"count":2,"href":"https:\/\/scubapanama.com\/es\/wp-json\/wp\/v2\/product\/20788\/revisions"}],"predecessor-version":[{"id":23166,"href":"https:\/\/scubapanama.com\/es\/wp-json\/wp\/v2\/product\/20788\/revisions\/23166"}],"wp:featuredmedia":[{"embeddable":true,"href":"https:\/\/scubapanama.com\/es\/wp-json\/wp\/v2\/media\/22584"}],"wp:attachment":[{"href":"https:\/\/scubapanama.com\/es\/wp-json\/wp\/v2\/media?parent=20788"}],"wp:term":[{"taxonomy":"product_brand","embeddable":true,"href":"https:\/\/scubapanama.com\/es\/wp-json\/wp\/v2\/product_brand?post=20788"},{"taxonomy":"product_cat","embeddable":true,"href":"https:\/\/scubapanama.com\/es\/wp-json\/wp\/v2\/product_cat?post=20788"},{"taxonomy":"product_tag","embeddable":true,"href":"https:\/\/scubapanama.com\/es\/wp-json\/wp\/v2\/product_tag?post=20788"}],"curies":[{"name":"wp","href":"https:\/\/api.w.org\/{rel}","templated":true}]}}