{"id":20781,"date":"2025-01-23T01:50:56","date_gmt":"2025-01-23T06:50:56","guid":{"rendered":"https:\/\/scubapanama.com\/product\/scubapro-23-705-000-bolsa-qr-12lb\/"},"modified":"2025-04-23T12:26:59","modified_gmt":"2025-04-23T17:26:59","slug":"scubapro-23-705-000-bolsa-qr-12lb","status":"publish","type":"product","link":"https:\/\/scubapanama.com\/es\/product\/scubapro-23-705-000-bolsa-qr-12lb\/","title":{"rendered":"SCUBAPRO BOLSA QR 12LB (23.705.000)"},"content":{"rendered":"<p><span class=\"a-list-item\">Estos bolsillos de peso de repuesto son compatibles con los BCD ajustables delanteros SCUBAPRO Equator, Equalizer y Go y el BCD de inflado trasero Hydros Pro. <\/span><span class=\"a-list-item\">Equipado con un dise\u00f1o de liberaci\u00f3n r\u00e1pida, los bolsillos son f\u00e1ciles de colocar y quitar.<\/span><span class=\"a-list-item\">Cada bolsillo tiene capacidad para hasta 11 libras (11.0 lbs) de peso de lastre para compensar tu traje de neopreno, BCD y cuerpo.<\/span><span class=\"a-list-item\">Impulsado a innovar y mejorar constantemente la experiencia de buceo, SCUBAPRO construye equipos de alta calidad para el trabajo, el deporte y el estilo de vida de las personas cuya pasi\u00f3n se encuentra debajo de la superficie.<\/span><\/p>\n<p>&nbsp;<\/p>\n","protected":false},"excerpt":{"rendered":"<p><span class=\"a-list-item\">Estos bolsillos de peso de repuesto son compatibles con los BCD ajustables delanteros SCUBAPRO Equator, Equalizer y Go y el BCD de inflado trasero Hydros Pro.<\/span><\/p>\n","protected":false},"featured_media":22619,"comment_status":"open","ping_status":"closed","template":"","meta":{"iawp_total_views":3,"_joinchat":[]},"product_brand":[],"product_cat":[111],"product_tag":[153],"class_list":{"0":"post-20781","1":"product","2":"type-product","3":"status-publish","4":"has-post-thumbnail","6":"product_cat-tienda-online","7":"product_tag-scubapro-es","9":"first","10":"instock","11":"taxable","12":"shipping-taxable","13":"purchasable","14":"product-type-simple"},"booking_location":null,"booking_location_type":null,"booking_duration":null,"booking_duration_unit":null,"booking_buffer":null,"booking_cost":null,"booking_resources":null,"_links":{"self":[{"href":"https:\/\/scubapanama.com\/es\/wp-json\/wp\/v2\/product\/20781","targetHints":{"allow":["GET"]}}],"collection":[{"href":"https:\/\/scubapanama.com\/es\/wp-json\/wp\/v2\/product"}],"about":[{"href":"https:\/\/scubapanama.com\/es\/wp-json\/wp\/v2\/types\/product"}],"replies":[{"embeddable":true,"href":"https:\/\/scubapanama.com\/es\/wp-json\/wp\/v2\/comments?post=20781"}],"version-history":[{"count":2,"href":"https:\/\/scubapanama.com\/es\/wp-json\/wp\/v2\/product\/20781\/revisions"}],"predecessor-version":[{"id":23158,"href":"https:\/\/scubapanama.com\/es\/wp-json\/wp\/v2\/product\/20781\/revisions\/23158"}],"wp:featuredmedia":[{"embeddable":true,"href":"https:\/\/scubapanama.com\/es\/wp-json\/wp\/v2\/media\/22619"}],"wp:attachment":[{"href":"https:\/\/scubapanama.com\/es\/wp-json\/wp\/v2\/media?parent=20781"}],"wp:term":[{"taxonomy":"product_brand","embeddable":true,"href":"https:\/\/scubapanama.com\/es\/wp-json\/wp\/v2\/product_brand?post=20781"},{"taxonomy":"product_cat","embeddable":true,"href":"https:\/\/scubapanama.com\/es\/wp-json\/wp\/v2\/product_cat?post=20781"},{"taxonomy":"product_tag","embeddable":true,"href":"https:\/\/scubapanama.com\/es\/wp-json\/wp\/v2\/product_tag?post=20781"}],"curies":[{"name":"wp","href":"https:\/\/api.w.org\/{rel}","templated":true}]}}